{"id":103,"date":"2021-02-01T15:36:35","date_gmt":"2021-02-01T14:36:35","guid":{"rendered":"http:\/\/qitao.fr\/?page_id=103"},"modified":"2026-03-29T10:31:43","modified_gmt":"2026-03-29T08:31:43","slug":"formations-2","status":"publish","type":"page","link":"https:\/\/formations-qitao.fr\/?page_id=103","title":{"rendered":"Formations"},"content":{"rendered":"<p><em><img loading=\"lazy\" decoding=\"async\" class=\"alignleft wp-image-707 size-medium\" title=\"Formation auriculoth\u00e9rapie\" src=\"https:\/\/formations-qitao.fr\/wp-content\/uploads\/2024\/12\/Cours_Auriculotherapie_V4_221124-300x225.jpg\" alt=\"\" width=\"300\" height=\"225\" srcset=\"https:\/\/formations-qitao.fr\/wp-content\/uploads\/2024\/12\/Cours_Auriculotherapie_V4_221124-300x225.jpg 300w, https:\/\/formations-qitao.fr\/wp-content\/uploads\/2024\/12\/Cours_Auriculotherapie_V4_221124-600x450.jpg 600w, https:\/\/formations-qitao.fr\/wp-content\/uploads\/2024\/12\/Cours_Auriculotherapie_V4_221124-768x576.jpg 768w, https:\/\/formations-qitao.fr\/wp-content\/uploads\/2024\/12\/Cours_Auriculotherapie_V4_221124.jpg 960w\" sizes=\"auto, (max-width: 300px) 100vw, 300px\" \/><strong><br \/>\n<a href=\"https:\/\/formations-qitao.fr\/?page_id=167\"><span style=\"color: #ff0000;\">Module r\u00e9flexologie auriculaire<\/span><\/a><\/strong><\/em><\/p>\n<p>Au travers de cette formation, apprenez \u00e0 ma\u00eetriser une technique reconnue par l\u2019OMS depuis 1990 comme \u00e9tant efficace, dans le traitement des<em> <strong>douleurs<\/strong>\u00a0(toutes douleurs aigues rhumatismales ou inflammatoires, \u2026),\u00a0 <strong>des troubles psychiques <\/strong>(stress, anxi\u00e9t\u00e9, insomnie, \u2026), <strong>de la perte de poids<\/strong>, <strong>des d\u00e9pendances et intoxications <\/strong>(sevrage tabagique, alcoolique, m\u00e9dicamenteux..), ,\u2026<\/em><\/p>\n<p>Ce module se d\u00e9roule sur 2 jours :<br \/>\n<a href=\"https:\/\/qitao.fr\/?page_id=167\">classique 2 jours<\/a> :\u00a0 1 jour th\u00e9orie distanciel via zoom en \u00ab\u00a0live\u00a0\u00bb + 1 jour pratique pr\u00e9sentiel<\/p>\n<hr \/>\n<p><img loading=\"lazy\" decoding=\"async\" class=\"alignleft wp-image-367 size-medium\" src=\"https:\/\/qitao.fr\/wp-content\/uploads\/2022\/03\/Formation-Acu-lift-300x225.jpg\" alt=\"\" width=\"300\" height=\"225\" srcset=\"https:\/\/formations-qitao.fr\/wp-content\/uploads\/2022\/03\/Formation-Acu-lift-300x225.jpg 300w, https:\/\/formations-qitao.fr\/wp-content\/uploads\/2022\/03\/Formation-Acu-lift-600x450.jpg 600w, https:\/\/formations-qitao.fr\/wp-content\/uploads\/2022\/03\/Formation-Acu-lift-768x576.jpg 768w, https:\/\/formations-qitao.fr\/wp-content\/uploads\/2022\/03\/Formation-Acu-lift.jpg 960w\" sizes=\"auto, (max-width: 300px) 100vw, 300px\" \/><a href=\"https:\/\/formations-qitao.fr\/?page_id=195\"><em><span style=\"color: #ff0000;\"><strong>Module Acu-Lift Laser<\/strong><\/span><\/em><\/a><\/p>\n<p>Vous apprendrez \u00e0 ma\u00eetriser un protocole de soin alliant <strong>techniques manuelles, acupuncture et laser<\/strong>*, dont l\u2019action au travers de l\u2019optimisation de la circulation du Qi et du Sang, va permettre de stimuler les fibroblastes qui produisent collag\u00e8ne et \u00e9lastine, de tonifier les muscles peauciers, de remodeler le visage en diminuant les rides et les cernes, tout en redonnant au teint son \u00e9clat&#8230;.\u00a0 \u00a0 <a href=\"https:\/\/formations-qitao.fr\/?page_id=195\">en savoir +<\/a><br \/>\n<sub>* Le laser utilis\u00e9 est un laser m\u00e9dical de classe IIa, indolore et sans risque<\/sub><\/p>\n<hr \/>\n<p><img loading=\"lazy\" decoding=\"async\" class=\"alignleft wp-image-709 size-medium\" title=\"formation perfectionnement auriculoth\u00e9rapie\" src=\"https:\/\/qitao.fr\/wp-content\/uploads\/2024\/12\/Auriculo_module2_Initiation-MTC_page_de_couv-300x225.jpg\" alt=\"\" width=\"300\" height=\"225\" srcset=\"https:\/\/formations-qitao.fr\/wp-content\/uploads\/2024\/12\/Auriculo_module2_Initiation-MTC_page_de_couv-300x225.jpg 300w, https:\/\/formations-qitao.fr\/wp-content\/uploads\/2024\/12\/Auriculo_module2_Initiation-MTC_page_de_couv-600x450.jpg 600w, https:\/\/formations-qitao.fr\/wp-content\/uploads\/2024\/12\/Auriculo_module2_Initiation-MTC_page_de_couv-768x576.jpg 768w, https:\/\/formations-qitao.fr\/wp-content\/uploads\/2024\/12\/Auriculo_module2_Initiation-MTC_page_de_couv.jpg 960w\" sizes=\"auto, (max-width: 300px) 100vw, 300px\" \/><a href=\"https:\/\/formations-qitao.fr\/?page_id=658\"><em><span style=\"color: #ff0000;\"><strong>Module perfectionnement r\u00e9flexologie- Initiation M\u00e9decine Chinoise<\/strong><\/span><\/em><\/a><\/p>\n<p><em>La MTC sert de fondement ou d&rsquo;inspiration \u00e0 la plupart des disciplines de bien-\u00eatre asiatiques notamment les massages, mais comme toutes les m\u00e9decines, l&rsquo;alimentation est au c\u0153ur\u00a0de ce syst\u00e8me de sant\u00e9 global. <\/em><\/p>\n<p><em><span style=\"color: red;\">N\u00e9e du Tao\u00efsme, du Bouddhisme et du Confucianisme, la MTC privil\u00e9gie l\u2019\u00eatre humain dans sa globalit\u00e9 physique et psychique et apporte des solutions simples pour une vie longue et en bonne sant\u00e9.<\/span> <\/em><\/p>\n<p style=\"text-align: center;\" align=\"center\"><em>Comprendre les r\u00e8gles de fonctionnement de l\u2019univers pour comprendre le fonctionnement de son corps et adapter son mode de vie, son alimentation pour une vie harmonieuse, en bonne sant\u00e9, <\/em><span style=\"font-size: revert; color: initial;\">\u2026<br \/>\n<\/span><a href=\"https:\/\/formations-qitao.fr\/?page_id=658\"><span style=\"text-decoration: underline;\"><span style=\"text-decoration: underline;\"><span style=\"color: #00ccff; text-decoration: underline;\">En savoir +<\/span><\/span><\/span><\/a><\/p>\n<hr \/>\n<p>&nbsp;<\/p>\n<hr \/>\n<p><img loading=\"lazy\" decoding=\"async\" class=\"alignleft wp-image-365 size-medium\" src=\"https:\/\/qitao.fr\/wp-content\/uploads\/2022\/03\/Formation_reflexologie_plantaire-300x225.jpg\" alt=\"\" width=\"300\" height=\"225\" srcset=\"https:\/\/formations-qitao.fr\/wp-content\/uploads\/2022\/03\/Formation_reflexologie_plantaire-300x225.jpg 300w, https:\/\/formations-qitao.fr\/wp-content\/uploads\/2022\/03\/Formation_reflexologie_plantaire-600x450.jpg 600w, https:\/\/formations-qitao.fr\/wp-content\/uploads\/2022\/03\/Formation_reflexologie_plantaire-768x576.jpg 768w, https:\/\/formations-qitao.fr\/wp-content\/uploads\/2022\/03\/Formation_reflexologie_plantaire.jpg 960w\" sizes=\"auto, (max-width: 300px) 100vw, 300px\" \/><a href=\"https:\/\/formations-qitao.fr\/?page_id=231\"><em><span style=\"color: #ff0000;\"><strong>Module R\u00e9flexologie plantaire <\/strong><\/span><\/em><\/a><\/p>\n<p>La r\u00e9flexologie vise \u00e0 mobiliser les processus d&rsquo;auto-gu\u00e9rison du corps. Ainsi, elle permet de r\u00e9\u00e9quilibrer l\u2019ensemble des fonctions (corps &amp; esprit) ses bienfaits sont nombreux :<br \/>\nharmonise les fonctions vitales, calme le stress et les tensions nerveuses, soulage les tensions et les douleurs, am\u00e9liore le sommeil et la circulation sanguine, induit un \u00e9tat de d\u00e9tente et de relaxation profond, favorise l\u2019\u00e9limination des toxines, \u2026<\/p>\n","protected":false},"excerpt":{"rendered":"<p>Module r\u00e9flexologie auriculaire Au travers de cette formation, apprenez \u00e0 ma\u00eetriser une technique reconnue par l\u2019OMS depuis 1990 comme \u00e9tant efficace, dans le traitement des douleurs\u00a0(toutes douleurs aigues rhumatismales ou inflammatoires, \u2026),\u00a0 des troubles psychiques (stress, anxi\u00e9t\u00e9, insomnie, \u2026), de la perte de poids, des d\u00e9pendances et intoxications (sevrage tabagique, alcoolique, m\u00e9dicamenteux..), ,\u2026 Ce module [&hellip;]<\/p>\n","protected":false},"author":1,"featured_media":0,"parent":0,"menu_order":0,"comment_status":"closed","ping_status":"closed","template":"","meta":{"footnotes":""},"class_list":["post-103","page","type-page","status-publish","hentry","post"],"yoast_head":"<!-- This site is optimized with the Yoast SEO plugin v27.4 - https:\/\/yoast.com\/product\/yoast-seo-wordpress\/ -->\n<title>Formations - Qi Tao<\/title>\n<meta name=\"robots\" content=\"index, follow, max-snippet:-1, max-image-preview:large, max-video-preview:-1\" \/>\n<link rel=\"canonical\" href=\"https:\/\/formations-qitao.fr\/?page_id=103\" \/>\n<meta property=\"og:locale\" content=\"fr_FR\" \/>\n<meta property=\"og:type\" content=\"article\" \/>\n<meta property=\"og:title\" content=\"Formations - Qi Tao\" \/>\n<meta property=\"og:description\" content=\"Module r\u00e9flexologie auriculaire Au travers de cette formation, apprenez \u00e0 ma\u00eetriser une technique reconnue par l\u2019OMS depuis 1990 comme \u00e9tant efficace, dans le traitement des douleurs\u00a0(toutes douleurs aigues rhumatismales ou inflammatoires, \u2026),\u00a0 des troubles psychiques (stress, anxi\u00e9t\u00e9, insomnie, \u2026), de la perte de poids, des d\u00e9pendances et intoxications (sevrage tabagique, alcoolique, m\u00e9dicamenteux..), ,\u2026 Ce module [&hellip;]\" \/>\n<meta property=\"og:url\" content=\"https:\/\/formations-qitao.fr\/?page_id=103\" \/>\n<meta property=\"og:site_name\" content=\"Qi Tao\" \/>\n<meta property=\"article:modified_time\" content=\"2026-03-29T08:31:43+00:00\" \/>\n<meta property=\"og:image\" content=\"https:\/\/formations-qitao.fr\/wp-content\/uploads\/2024\/12\/Cours_Auriculotherapie_V4_221124.jpg\" \/>\n\t<meta property=\"og:image:width\" content=\"960\" \/>\n\t<meta property=\"og:image:height\" content=\"720\" \/>\n\t<meta property=\"og:image:type\" content=\"image\/jpeg\" \/>\n<meta name=\"twitter:card\" content=\"summary_large_image\" \/>\n<meta name=\"twitter:label1\" content=\"Dur\u00e9e de lecture estim\u00e9e\" \/>\n\t<meta name=\"twitter:data1\" content=\"3 minutes\" \/>\n<script type=\"application\/ld+json\" class=\"yoast-schema-graph\">{\"@context\":\"https:\\\/\\\/schema.org\",\"@graph\":[{\"@type\":\"WebPage\",\"@id\":\"https:\\\/\\\/formations-qitao.fr\\\/?page_id=103\",\"url\":\"https:\\\/\\\/formations-qitao.fr\\\/?page_id=103\",\"name\":\"Formations - Qi Tao\",\"isPartOf\":{\"@id\":\"https:\\\/\\\/formations-qitao.fr\\\/#website\"},\"primaryImageOfPage\":{\"@id\":\"https:\\\/\\\/formations-qitao.fr\\\/?page_id=103#primaryimage\"},\"image\":{\"@id\":\"https:\\\/\\\/formations-qitao.fr\\\/?page_id=103#primaryimage\"},\"thumbnailUrl\":\"https:\\\/\\\/formations-qitao.fr\\\/wp-content\\\/uploads\\\/2024\\\/12\\\/Cours_Auriculotherapie_V4_221124-300x225.jpg\",\"datePublished\":\"2021-02-01T14:36:35+00:00\",\"dateModified\":\"2026-03-29T08:31:43+00:00\",\"breadcrumb\":{\"@id\":\"https:\\\/\\\/formations-qitao.fr\\\/?page_id=103#breadcrumb\"},\"inLanguage\":\"fr-FR\",\"potentialAction\":[{\"@type\":\"ReadAction\",\"target\":[\"https:\\\/\\\/formations-qitao.fr\\\/?page_id=103\"]}]},{\"@type\":\"ImageObject\",\"inLanguage\":\"fr-FR\",\"@id\":\"https:\\\/\\\/formations-qitao.fr\\\/?page_id=103#primaryimage\",\"url\":\"https:\\\/\\\/formations-qitao.fr\\\/wp-content\\\/uploads\\\/2024\\\/12\\\/Cours_Auriculotherapie_V4_221124.jpg\",\"contentUrl\":\"https:\\\/\\\/formations-qitao.fr\\\/wp-content\\\/uploads\\\/2024\\\/12\\\/Cours_Auriculotherapie_V4_221124.jpg\",\"width\":960,\"height\":720},{\"@type\":\"BreadcrumbList\",\"@id\":\"https:\\\/\\\/formations-qitao.fr\\\/?page_id=103#breadcrumb\",\"itemListElement\":[{\"@type\":\"ListItem\",\"position\":1,\"name\":\"Accueil\",\"item\":\"https:\\\/\\\/formations-qitao.fr\\\/\"},{\"@type\":\"ListItem\",\"position\":2,\"name\":\"Formations\"}]},{\"@type\":\"WebSite\",\"@id\":\"https:\\\/\\\/formations-qitao.fr\\\/#website\",\"url\":\"https:\\\/\\\/formations-qitao.fr\\\/\",\"name\":\"Qi Tao\",\"description\":\"La voie de l&#039;\u00e9quilibre\",\"publisher\":{\"@id\":\"https:\\\/\\\/formations-qitao.fr\\\/#organization\"},\"potentialAction\":[{\"@type\":\"SearchAction\",\"target\":{\"@type\":\"EntryPoint\",\"urlTemplate\":\"https:\\\/\\\/formations-qitao.fr\\\/?s={search_term_string}\"},\"query-input\":{\"@type\":\"PropertyValueSpecification\",\"valueRequired\":true,\"valueName\":\"search_term_string\"}}],\"inLanguage\":\"fr-FR\"},{\"@type\":\"Organization\",\"@id\":\"https:\\\/\\\/formations-qitao.fr\\\/#organization\",\"name\":\"Qi Tao\",\"url\":\"https:\\\/\\\/formations-qitao.fr\\\/\",\"logo\":{\"@type\":\"ImageObject\",\"inLanguage\":\"fr-FR\",\"@id\":\"https:\\\/\\\/formations-qitao.fr\\\/#\\\/schema\\\/logo\\\/image\\\/\",\"url\":\"https:\\\/\\\/formations-qitao.fr\\\/wp-content\\\/uploads\\\/2021\\\/02\\\/cropped-cropped-logo_qitao_2-1.jpg\",\"contentUrl\":\"https:\\\/\\\/formations-qitao.fr\\\/wp-content\\\/uploads\\\/2021\\\/02\\\/cropped-cropped-logo_qitao_2-1.jpg\",\"width\":200,\"height\":80,\"caption\":\"Qi Tao\"},\"image\":{\"@id\":\"https:\\\/\\\/formations-qitao.fr\\\/#\\\/schema\\\/logo\\\/image\\\/\"}}]}<\/script>\n<!-- \/ Yoast SEO plugin. -->","yoast_head_json":{"title":"Formations - Qi Tao","robots":{"index":"index","follow":"follow","max-snippet":"max-snippet:-1","max-image-preview":"max-image-preview:large","max-video-preview":"max-video-preview:-1"},"canonical":"https:\/\/formations-qitao.fr\/?page_id=103","og_locale":"fr_FR","og_type":"article","og_title":"Formations - Qi Tao","og_description":"Module r\u00e9flexologie auriculaire Au travers de cette formation, apprenez \u00e0 ma\u00eetriser une technique reconnue par l\u2019OMS depuis 1990 comme \u00e9tant efficace, dans le traitement des douleurs\u00a0(toutes douleurs aigues rhumatismales ou inflammatoires, \u2026),\u00a0 des troubles psychiques (stress, anxi\u00e9t\u00e9, insomnie, \u2026), de la perte de poids, des d\u00e9pendances et intoxications (sevrage tabagique, alcoolique, m\u00e9dicamenteux..), ,\u2026 Ce module [&hellip;]","og_url":"https:\/\/formations-qitao.fr\/?page_id=103","og_site_name":"Qi Tao","article_modified_time":"2026-03-29T08:31:43+00:00","og_image":[{"width":960,"height":720,"url":"https:\/\/formations-qitao.fr\/wp-content\/uploads\/2024\/12\/Cours_Auriculotherapie_V4_221124.jpg","type":"image\/jpeg"}],"twitter_card":"summary_large_image","twitter_misc":{"Dur\u00e9e de lecture estim\u00e9e":"3 minutes"},"schema":{"@context":"https:\/\/schema.org","@graph":[{"@type":"WebPage","@id":"https:\/\/formations-qitao.fr\/?page_id=103","url":"https:\/\/formations-qitao.fr\/?page_id=103","name":"Formations - Qi Tao","isPartOf":{"@id":"https:\/\/formations-qitao.fr\/#website"},"primaryImageOfPage":{"@id":"https:\/\/formations-qitao.fr\/?page_id=103#primaryimage"},"image":{"@id":"https:\/\/formations-qitao.fr\/?page_id=103#primaryimage"},"thumbnailUrl":"https:\/\/formations-qitao.fr\/wp-content\/uploads\/2024\/12\/Cours_Auriculotherapie_V4_221124-300x225.jpg","datePublished":"2021-02-01T14:36:35+00:00","dateModified":"2026-03-29T08:31:43+00:00","breadcrumb":{"@id":"https:\/\/formations-qitao.fr\/?page_id=103#breadcrumb"},"inLanguage":"fr-FR","potentialAction":[{"@type":"ReadAction","target":["https:\/\/formations-qitao.fr\/?page_id=103"]}]},{"@type":"ImageObject","inLanguage":"fr-FR","@id":"https:\/\/formations-qitao.fr\/?page_id=103#primaryimage","url":"https:\/\/formations-qitao.fr\/wp-content\/uploads\/2024\/12\/Cours_Auriculotherapie_V4_221124.jpg","contentUrl":"https:\/\/formations-qitao.fr\/wp-content\/uploads\/2024\/12\/Cours_Auriculotherapie_V4_221124.jpg","width":960,"height":720},{"@type":"BreadcrumbList","@id":"https:\/\/formations-qitao.fr\/?page_id=103#breadcrumb","itemListElement":[{"@type":"ListItem","position":1,"name":"Accueil","item":"https:\/\/formations-qitao.fr\/"},{"@type":"ListItem","position":2,"name":"Formations"}]},{"@type":"WebSite","@id":"https:\/\/formations-qitao.fr\/#website","url":"https:\/\/formations-qitao.fr\/","name":"Qi Tao","description":"La voie de l&#039;\u00e9quilibre","publisher":{"@id":"https:\/\/formations-qitao.fr\/#organization"},"potentialAction":[{"@type":"SearchAction","target":{"@type":"EntryPoint","urlTemplate":"https:\/\/formations-qitao.fr\/?s={search_term_string}"},"query-input":{"@type":"PropertyValueSpecification","valueRequired":true,"valueName":"search_term_string"}}],"inLanguage":"fr-FR"},{"@type":"Organization","@id":"https:\/\/formations-qitao.fr\/#organization","name":"Qi Tao","url":"https:\/\/formations-qitao.fr\/","logo":{"@type":"ImageObject","inLanguage":"fr-FR","@id":"https:\/\/formations-qitao.fr\/#\/schema\/logo\/image\/","url":"https:\/\/formations-qitao.fr\/wp-content\/uploads\/2021\/02\/cropped-cropped-logo_qitao_2-1.jpg","contentUrl":"https:\/\/formations-qitao.fr\/wp-content\/uploads\/2021\/02\/cropped-cropped-logo_qitao_2-1.jpg","width":200,"height":80,"caption":"Qi Tao"},"image":{"@id":"https:\/\/formations-qitao.fr\/#\/schema\/logo\/image\/"}}]}},"_links":{"self":[{"href":"https:\/\/formations-qitao.fr\/index.php?rest_route=\/wp\/v2\/pages\/103","targetHints":{"allow":["GET"]}}],"collection":[{"href":"https:\/\/formations-qitao.fr\/index.php?rest_route=\/wp\/v2\/pages"}],"about":[{"href":"https:\/\/formations-qitao.fr\/index.php?rest_route=\/wp\/v2\/types\/page"}],"author":[{"embeddable":true,"href":"https:\/\/formations-qitao.fr\/index.php?rest_route=\/wp\/v2\/users\/1"}],"replies":[{"embeddable":true,"href":"https:\/\/formations-qitao.fr\/index.php?rest_route=%2Fwp%2Fv2%2Fcomments&post=103"}],"version-history":[{"count":31,"href":"https:\/\/formations-qitao.fr\/index.php?rest_route=\/wp\/v2\/pages\/103\/revisions"}],"predecessor-version":[{"id":1276,"href":"https:\/\/formations-qitao.fr\/index.php?rest_route=\/wp\/v2\/pages\/103\/revisions\/1276"}],"wp:attachment":[{"href":"https:\/\/formations-qitao.fr\/index.php?rest_route=%2Fwp%2Fv2%2Fmedia&parent=103"}],"curies":[{"name":"wp","href":"https:\/\/api.w.org\/{rel}","templated":true}]}}