{"id":110,"date":"2021-02-01T15:58:39","date_gmt":"2021-02-01T14:58:39","guid":{"rendered":"http:\/\/qitao.fr\/?page_id=110"},"modified":"2022-03-29T17:32:58","modified_gmt":"2022-03-29T15:32:58","slug":"tai-chi-chuan-art-martial","status":"publish","type":"page","link":"https:\/\/formations-qitao.fr\/?page_id=110","title":{"rendered":"Ta\u00ef Chi Chuan &#8211; Art Martial"},"content":{"rendered":"<h2><\/h2>\n<p><img loading=\"lazy\" decoding=\"async\" class=\"left alignleft\" src=\"http:\/\/qitao2607.fr\/img\/taichi4.jpg\" alt=\"\" width=\"332\" height=\"249\" \/>Le tai-chi-chuan en tant qu&rsquo;art martial interne insiste sur le d\u00e9veloppement d&rsquo;une force\u00a0<strong>souple et dynamique appel\u00e9e jing<\/strong>\u00a0(\u52b2), par opposition \u00e0 la\u00a0<strong>force physique pure li<\/strong>\u00a0(\u529b).<\/p>\n<p>Une des r\u00e8gles du tai-chi-chuan est\u00a0<strong>le rel\u00e2chement<\/strong>\u00a0<i>song<\/i>\u00a0(\u9b06), ou plus pr\u00e9cis\u00e9ment fangsong (\u653e\u9b06), avec l&rsquo;id\u00e9e du rel\u00e2chement naturel des cheveux. Ce rel\u00e2chement garantit la fluidit\u00e9 des mouvements et leurs coordinations. Un mouvement du poing prend naissance \u00e0 la taille, se prolonge par l&rsquo;\u00e9paule, puis par le bras. Les muscles sont utilis\u00e9s d&rsquo;une fa\u00e7on coordonn\u00e9e et la force p\u00e9n\u00e9trante provient d&rsquo;une contraction rapide lors de l&rsquo;impact.<\/p>\n<p>Une fois la relaxation song install\u00e9e, le pratiquant va d\u00e9velopper\u00a0<i>le pengjing<\/i>\u00a0ou\u00a0<strong>force interne<\/strong>\u00a0consistant \u00e0 relier chaque partie du corps en restant relax\u00e9.\u00a0<i>Une partie bouge, tout le corps bouge ; une partie s&rsquo;arr\u00eate, tout le corps s&rsquo;arr\u00eate<\/i>. Le pengjing est\u00a0<strong>la force caract\u00e9ristique du tai-chi\u00a0<\/strong>; on peut lui trouver une analogie avec une boule \u00e9lastique. Frappez la boule et votre coup sera retourn\u00e9 contre vous. Plus simplement, le tai-chi contr\u00f4le les mouvements en exer\u00e7ant des forces tangentielles ou de rotation.<\/p>\n<p>Lors des frappes, l&rsquo;\u00e9nergie est tout d&rsquo;abord concentr\u00e9e dans le\u00a0<strong>dantian inf\u00e9rieur<\/strong>\u00a0(\u4e0b\u4e39\u7530), qui est un des centres du qi aussi connu sous la d\u00e9signation hindouistes \u00ab second chakra \u00bb. Puis elle est lib\u00e9r\u00e9e, accompagn\u00e9e d&rsquo;une onde de choc propag\u00e9e par l&rsquo;ondulation des articulations du pratiquant, tel un fouet. On appelle cette action\u00a0<strong>faire jaillir la force, ou fajing<\/strong>\u00a0(\u53d1\u52b2).<\/p>\n<p>Le tai-chi porte une attention particuli\u00e8re \u00e0\u00a0<strong>l&rsquo;enracinement<\/strong>. L&rsquo;\u00e9nergie doit aussi s&rsquo;\u00e9lancer des \u00ab racines \u00bb que constituent les pieds, puisque ce sont g\u00e9n\u00e9ralement eux qui, dans la majorit\u00e9 des cas, vont amorcer le coup que transmettra la main, ou tout autre partie frappante. On dit parfois, \u00ab le pied donne le coup, la hanche dirige et la main transmet \u00bb. L&rsquo;\u00e9nergie provient des pieds, puis elle est dirig\u00e9e par la taille avant d&rsquo;\u00eatre transmise par les mains.<\/p>\n<p>Le tai-chi-chuan est un qigong. Il implique un travail sur le\u00a0<strong>souffle et non sur la force musculaire<\/strong>\u00a0C&rsquo;est pourquoi l&rsquo;entra\u00eenement du tai-chi-chuan est tout d&rsquo;abord ex\u00e9cut\u00e9 lentement pour sentir les flux du souffle vital qi, en vue d&rsquo;exercices d&rsquo;alchimie interne plus approfondis. Le centre de gravit\u00e9 et la respiration doivent \u00eatre amen\u00e9s au niveau de l&rsquo;abdomen, au dantian inf\u00e9rieur.<\/p>\n","protected":false},"excerpt":{"rendered":"<p>Le tai-chi-chuan en tant qu&rsquo;art martial interne insiste sur le d\u00e9veloppement d&rsquo;une force\u00a0souple et dynamique appel\u00e9e jing\u00a0(\u52b2), par opposition \u00e0 la\u00a0force physique pure li\u00a0(\u529b). Une des r\u00e8gles du tai-chi-chuan est\u00a0le rel\u00e2chement\u00a0song\u00a0(\u9b06), ou plus pr\u00e9cis\u00e9ment fangsong (\u653e\u9b06), avec l&rsquo;id\u00e9e du rel\u00e2chement naturel des cheveux. Ce rel\u00e2chement garantit la fluidit\u00e9 des mouvements et leurs coordinations. Un mouvement [&hellip;]<\/p>\n","protected":false},"author":1,"featured_media":0,"parent":0,"menu_order":0,"comment_status":"closed","ping_status":"closed","template":"","meta":{"footnotes":""},"class_list":["post-110","page","type-page","status-publish","hentry","post"],"yoast_head":"<!-- This site is optimized with the Yoast SEO plugin v27.4 - https:\/\/yoast.com\/product\/yoast-seo-wordpress\/ -->\n<title>Ta\u00ef Chi Chuan - Art Martial - Qi Tao<\/title>\n<meta name=\"robots\" content=\"index, follow, max-snippet:-1, max-image-preview:large, max-video-preview:-1\" \/>\n<link rel=\"canonical\" href=\"https:\/\/formations-qitao.fr\/?page_id=110\" \/>\n<meta property=\"og:locale\" content=\"fr_FR\" \/>\n<meta property=\"og:type\" content=\"article\" \/>\n<meta property=\"og:title\" content=\"Ta\u00ef Chi Chuan - Art Martial - Qi Tao\" \/>\n<meta property=\"og:description\" content=\"Le tai-chi-chuan en tant qu&rsquo;art martial interne insiste sur le d\u00e9veloppement d&rsquo;une force\u00a0souple et dynamique appel\u00e9e jing\u00a0(\u52b2), par opposition \u00e0 la\u00a0force physique pure li\u00a0(\u529b). Une des r\u00e8gles du tai-chi-chuan est\u00a0le rel\u00e2chement\u00a0song\u00a0(\u9b06), ou plus pr\u00e9cis\u00e9ment fangsong (\u653e\u9b06), avec l&rsquo;id\u00e9e du rel\u00e2chement naturel des cheveux. Ce rel\u00e2chement garantit la fluidit\u00e9 des mouvements et leurs coordinations. Un mouvement [&hellip;]\" \/>\n<meta property=\"og:url\" content=\"https:\/\/formations-qitao.fr\/?page_id=110\" \/>\n<meta property=\"og:site_name\" content=\"Qi Tao\" \/>\n<meta property=\"article:modified_time\" content=\"2022-03-29T15:32:58+00:00\" \/>\n<meta property=\"og:image\" content=\"http:\/\/qitao2607.fr\/img\/taichi4.jpg\" \/>\n<meta name=\"twitter:card\" content=\"summary_large_image\" \/>\n<meta name=\"twitter:label1\" content=\"Dur\u00e9e de lecture estim\u00e9e\" \/>\n\t<meta name=\"twitter:data1\" content=\"2 minutes\" \/>\n<script type=\"application\/ld+json\" class=\"yoast-schema-graph\">{\"@context\":\"https:\\\/\\\/schema.org\",\"@graph\":[{\"@type\":\"WebPage\",\"@id\":\"https:\\\/\\\/formations-qitao.fr\\\/?page_id=110\",\"url\":\"https:\\\/\\\/formations-qitao.fr\\\/?page_id=110\",\"name\":\"Ta\u00ef Chi Chuan - Art Martial - Qi Tao\",\"isPartOf\":{\"@id\":\"https:\\\/\\\/formations-qitao.fr\\\/#website\"},\"primaryImageOfPage\":{\"@id\":\"https:\\\/\\\/formations-qitao.fr\\\/?page_id=110#primaryimage\"},\"image\":{\"@id\":\"https:\\\/\\\/formations-qitao.fr\\\/?page_id=110#primaryimage\"},\"thumbnailUrl\":\"http:\\\/\\\/qitao2607.fr\\\/img\\\/taichi4.jpg\",\"datePublished\":\"2021-02-01T14:58:39+00:00\",\"dateModified\":\"2022-03-29T15:32:58+00:00\",\"breadcrumb\":{\"@id\":\"https:\\\/\\\/formations-qitao.fr\\\/?page_id=110#breadcrumb\"},\"inLanguage\":\"fr-FR\",\"potentialAction\":[{\"@type\":\"ReadAction\",\"target\":[\"https:\\\/\\\/formations-qitao.fr\\\/?page_id=110\"]}]},{\"@type\":\"ImageObject\",\"inLanguage\":\"fr-FR\",\"@id\":\"https:\\\/\\\/formations-qitao.fr\\\/?page_id=110#primaryimage\",\"url\":\"http:\\\/\\\/qitao2607.fr\\\/img\\\/taichi4.jpg\",\"contentUrl\":\"http:\\\/\\\/qitao2607.fr\\\/img\\\/taichi4.jpg\"},{\"@type\":\"BreadcrumbList\",\"@id\":\"https:\\\/\\\/formations-qitao.fr\\\/?page_id=110#breadcrumb\",\"itemListElement\":[{\"@type\":\"ListItem\",\"position\":1,\"name\":\"Accueil\",\"item\":\"https:\\\/\\\/formations-qitao.fr\\\/\"},{\"@type\":\"ListItem\",\"position\":2,\"name\":\"Ta\u00ef Chi Chuan &#8211; Art Martial\"}]},{\"@type\":\"WebSite\",\"@id\":\"https:\\\/\\\/formations-qitao.fr\\\/#website\",\"url\":\"https:\\\/\\\/formations-qitao.fr\\\/\",\"name\":\"Qi Tao\",\"description\":\"La voie de l&#039;\u00e9quilibre\",\"publisher\":{\"@id\":\"https:\\\/\\\/formations-qitao.fr\\\/#organization\"},\"potentialAction\":[{\"@type\":\"SearchAction\",\"target\":{\"@type\":\"EntryPoint\",\"urlTemplate\":\"https:\\\/\\\/formations-qitao.fr\\\/?s={search_term_string}\"},\"query-input\":{\"@type\":\"PropertyValueSpecification\",\"valueRequired\":true,\"valueName\":\"search_term_string\"}}],\"inLanguage\":\"fr-FR\"},{\"@type\":\"Organization\",\"@id\":\"https:\\\/\\\/formations-qitao.fr\\\/#organization\",\"name\":\"Qi Tao\",\"url\":\"https:\\\/\\\/formations-qitao.fr\\\/\",\"logo\":{\"@type\":\"ImageObject\",\"inLanguage\":\"fr-FR\",\"@id\":\"https:\\\/\\\/formations-qitao.fr\\\/#\\\/schema\\\/logo\\\/image\\\/\",\"url\":\"https:\\\/\\\/formations-qitao.fr\\\/wp-content\\\/uploads\\\/2021\\\/02\\\/cropped-cropped-logo_qitao_2-1.jpg\",\"contentUrl\":\"https:\\\/\\\/formations-qitao.fr\\\/wp-content\\\/uploads\\\/2021\\\/02\\\/cropped-cropped-logo_qitao_2-1.jpg\",\"width\":200,\"height\":80,\"caption\":\"Qi Tao\"},\"image\":{\"@id\":\"https:\\\/\\\/formations-qitao.fr\\\/#\\\/schema\\\/logo\\\/image\\\/\"}}]}<\/script>\n<!-- \/ Yoast SEO plugin. -->","yoast_head_json":{"title":"Ta\u00ef Chi Chuan - Art Martial - Qi Tao","robots":{"index":"index","follow":"follow","max-snippet":"max-snippet:-1","max-image-preview":"max-image-preview:large","max-video-preview":"max-video-preview:-1"},"canonical":"https:\/\/formations-qitao.fr\/?page_id=110","og_locale":"fr_FR","og_type":"article","og_title":"Ta\u00ef Chi Chuan - Art Martial - Qi Tao","og_description":"Le tai-chi-chuan en tant qu&rsquo;art martial interne insiste sur le d\u00e9veloppement d&rsquo;une force\u00a0souple et dynamique appel\u00e9e jing\u00a0(\u52b2), par opposition \u00e0 la\u00a0force physique pure li\u00a0(\u529b). Une des r\u00e8gles du tai-chi-chuan est\u00a0le rel\u00e2chement\u00a0song\u00a0(\u9b06), ou plus pr\u00e9cis\u00e9ment fangsong (\u653e\u9b06), avec l&rsquo;id\u00e9e du rel\u00e2chement naturel des cheveux. Ce rel\u00e2chement garantit la fluidit\u00e9 des mouvements et leurs coordinations. Un mouvement [&hellip;]","og_url":"https:\/\/formations-qitao.fr\/?page_id=110","og_site_name":"Qi Tao","article_modified_time":"2022-03-29T15:32:58+00:00","og_image":[{"url":"http:\/\/qitao2607.fr\/img\/taichi4.jpg","type":"","width":"","height":""}],"twitter_card":"summary_large_image","twitter_misc":{"Dur\u00e9e de lecture estim\u00e9e":"2 minutes"},"schema":{"@context":"https:\/\/schema.org","@graph":[{"@type":"WebPage","@id":"https:\/\/formations-qitao.fr\/?page_id=110","url":"https:\/\/formations-qitao.fr\/?page_id=110","name":"Ta\u00ef Chi Chuan - Art Martial - Qi Tao","isPartOf":{"@id":"https:\/\/formations-qitao.fr\/#website"},"primaryImageOfPage":{"@id":"https:\/\/formations-qitao.fr\/?page_id=110#primaryimage"},"image":{"@id":"https:\/\/formations-qitao.fr\/?page_id=110#primaryimage"},"thumbnailUrl":"http:\/\/qitao2607.fr\/img\/taichi4.jpg","datePublished":"2021-02-01T14:58:39+00:00","dateModified":"2022-03-29T15:32:58+00:00","breadcrumb":{"@id":"https:\/\/formations-qitao.fr\/?page_id=110#breadcrumb"},"inLanguage":"fr-FR","potentialAction":[{"@type":"ReadAction","target":["https:\/\/formations-qitao.fr\/?page_id=110"]}]},{"@type":"ImageObject","inLanguage":"fr-FR","@id":"https:\/\/formations-qitao.fr\/?page_id=110#primaryimage","url":"http:\/\/qitao2607.fr\/img\/taichi4.jpg","contentUrl":"http:\/\/qitao2607.fr\/img\/taichi4.jpg"},{"@type":"BreadcrumbList","@id":"https:\/\/formations-qitao.fr\/?page_id=110#breadcrumb","itemListElement":[{"@type":"ListItem","position":1,"name":"Accueil","item":"https:\/\/formations-qitao.fr\/"},{"@type":"ListItem","position":2,"name":"Ta\u00ef Chi Chuan &#8211; Art Martial"}]},{"@type":"WebSite","@id":"https:\/\/formations-qitao.fr\/#website","url":"https:\/\/formations-qitao.fr\/","name":"Qi Tao","description":"La voie de l&#039;\u00e9quilibre","publisher":{"@id":"https:\/\/formations-qitao.fr\/#organization"},"potentialAction":[{"@type":"SearchAction","target":{"@type":"EntryPoint","urlTemplate":"https:\/\/formations-qitao.fr\/?s={search_term_string}"},"query-input":{"@type":"PropertyValueSpecification","valueRequired":true,"valueName":"search_term_string"}}],"inLanguage":"fr-FR"},{"@type":"Organization","@id":"https:\/\/formations-qitao.fr\/#organization","name":"Qi Tao","url":"https:\/\/formations-qitao.fr\/","logo":{"@type":"ImageObject","inLanguage":"fr-FR","@id":"https:\/\/formations-qitao.fr\/#\/schema\/logo\/image\/","url":"https:\/\/formations-qitao.fr\/wp-content\/uploads\/2021\/02\/cropped-cropped-logo_qitao_2-1.jpg","contentUrl":"https:\/\/formations-qitao.fr\/wp-content\/uploads\/2021\/02\/cropped-cropped-logo_qitao_2-1.jpg","width":200,"height":80,"caption":"Qi Tao"},"image":{"@id":"https:\/\/formations-qitao.fr\/#\/schema\/logo\/image\/"}}]}},"_links":{"self":[{"href":"https:\/\/formations-qitao.fr\/index.php?rest_route=\/wp\/v2\/pages\/110","targetHints":{"allow":["GET"]}}],"collection":[{"href":"https:\/\/formations-qitao.fr\/index.php?rest_route=\/wp\/v2\/pages"}],"about":[{"href":"https:\/\/formations-qitao.fr\/index.php?rest_route=\/wp\/v2\/types\/page"}],"author":[{"embeddable":true,"href":"https:\/\/formations-qitao.fr\/index.php?rest_route=\/wp\/v2\/users\/1"}],"replies":[{"embeddable":true,"href":"https:\/\/formations-qitao.fr\/index.php?rest_route=%2Fwp%2Fv2%2Fcomments&post=110"}],"version-history":[{"count":2,"href":"https:\/\/formations-qitao.fr\/index.php?rest_route=\/wp\/v2\/pages\/110\/revisions"}],"predecessor-version":[{"id":480,"href":"https:\/\/formations-qitao.fr\/index.php?rest_route=\/wp\/v2\/pages\/110\/revisions\/480"}],"wp:attachment":[{"href":"https:\/\/formations-qitao.fr\/index.php?rest_route=%2Fwp%2Fv2%2Fmedia&parent=110"}],"curies":[{"name":"wp","href":"https:\/\/api.w.org\/{rel}","templated":true}]}}