{"id":167,"date":"2021-02-28T15:23:54","date_gmt":"2021-02-28T14:23:54","guid":{"rendered":"https:\/\/qitao.fr\/?page_id=167"},"modified":"2026-03-29T10:24:34","modified_gmt":"2026-03-29T08:24:34","slug":"auriculotherapie","status":"publish","type":"page","link":"https:\/\/formations-qitao.fr\/?page_id=167","title":{"rendered":"Formation R\u00e9flexologie auriculaire &#8211; Niveau 1"},"content":{"rendered":"\r\n<figure class=\"wp-block-gallery has-nested-images columns-default is-cropped wp-block-gallery-1 is-layout-flex wp-block-gallery-is-layout-flex\">\r\n<figure class=\"wp-block-image size-full is-style-default\"><img loading=\"lazy\" decoding=\"async\" width=\"354\" height=\"232\" data-id=\"428\" class=\"wp-image-428\" src=\"https:\/\/qitao.fr\/wp-content\/uploads\/2022\/03\/auriculo-laser.jpg\" alt=\"\" srcset=\"https:\/\/formations-qitao.fr\/wp-content\/uploads\/2022\/03\/auriculo-laser.jpg 354w, https:\/\/formations-qitao.fr\/wp-content\/uploads\/2022\/03\/auriculo-laser-300x197.jpg 300w, https:\/\/formations-qitao.fr\/wp-content\/uploads\/2022\/03\/auriculo-laser-247x163.jpg 247w\" sizes=\"auto, (max-width: 354px) 100vw, 354px\" \/><\/figure>\r\n\r\n\r\n\r\n<figure class=\"wp-block-image size-large is-style-default\"><img loading=\"lazy\" decoding=\"async\" width=\"600\" height=\"571\" data-id=\"262\" class=\"wp-image-262\" src=\"https:\/\/qitao.fr\/wp-content\/uploads\/2022\/01\/auriculotherapie-nice-600x571.png\" alt=\"\" srcset=\"https:\/\/formations-qitao.fr\/wp-content\/uploads\/2022\/01\/auriculotherapie-nice-600x571.png 600w, https:\/\/formations-qitao.fr\/wp-content\/uploads\/2022\/01\/auriculotherapie-nice-300x285.png 300w, https:\/\/formations-qitao.fr\/wp-content\/uploads\/2022\/01\/auriculotherapie-nice-768x731.png 768w, https:\/\/formations-qitao.fr\/wp-content\/uploads\/2022\/01\/auriculotherapie-nice-200x190.png 200w, https:\/\/formations-qitao.fr\/wp-content\/uploads\/2022\/01\/auriculotherapie-nice-690x656.png 690w, https:\/\/formations-qitao.fr\/wp-content\/uploads\/2022\/01\/auriculotherapie-nice.png 864w\" sizes=\"auto, (max-width: 600px) 100vw, 600px\" \/><\/figure>\r\n\r\n\r\n\r\n<figure class=\"wp-block-image size-large is-style-default\"><img loading=\"lazy\" decoding=\"async\" width=\"260\" height=\"153\" data-id=\"266\" class=\"wp-image-266\" src=\"https:\/\/qitao.fr\/wp-content\/uploads\/2022\/01\/soin_auriculo2.jpg\" alt=\"\" srcset=\"https:\/\/formations-qitao.fr\/wp-content\/uploads\/2022\/01\/soin_auriculo2.jpg 260w, https:\/\/formations-qitao.fr\/wp-content\/uploads\/2022\/01\/soin_auriculo2-200x118.jpg 200w\" sizes=\"auto, (max-width: 260px) 100vw, 260px\" \/><\/figure>\r\n<\/figure>\r\n\r\n\r\n\r\n<p><span style=\"text-decoration: underline;\"><strong>\u221a Dur\u00e9e<\/strong><\/span> : 2 jours en pr\u00e9sentiel, formation en petit groupe (6 stagiaires maximum) pour permettre une mont\u00e9e en comp\u00e9tences efficace.<\/p>\r\n<table style=\"border-collapse: collapse; width: 100%; height: 51px;\">\r\n<tbody>\r\n<tr style=\"height: 51px;\">\r\n<td style=\"width: 100%; height: 51px;\">\r\n<table style=\"height: 12px; width: 100%; border-collapse: collapse; background-color: #a0eaf2; border-style: outset;\">\r\n<tbody>\r\n<tr style=\"height: 42px;\">\r\n<td style=\"width: 13.5416%; height: 12px;\"><br \/><img loading=\"lazy\" decoding=\"async\" class=\"alignnone size-full wp-image-272 aligncenter\" src=\"https:\/\/qitao.fr\/wp-content\/uploads\/2022\/01\/nouveaute_1190.gif\" alt=\"\" width=\"61\" height=\"16\" \/><\/td>\r\n<td style=\"width: 86.4584%; height: 12px;\">\r\n<p>A compter du 1\/02\/2023, <span style=\"text-decoration: underline;\">afin d&rsquo;optimiser la mont\u00e9e en comp\u00e9tences et les frais li\u00e9s aux d\u00e9placements<\/span> la formation est propos\u00e9 dor\u00e9navant pour partie en distanciel pour partie en pr\u00e9sentiel selon le mod\u00e8le suivant :<br \/><strong><em>\u00bb jour 1 &#8211;\u00a0 en distanciel via Zoom, en direct live, pour la th\u00e9orie<\/em><\/strong><br \/><em><strong>\u00bb jour 2 &#8211; en pr\u00e9sentiel pour la pratique<\/strong><\/em><\/p>\r\n<\/td>\r\n<\/tr>\r\n<\/tbody>\r\n<\/table>\r\n<\/td>\r\n<\/tr>\r\n<\/tbody>\r\n<\/table>\r\n<p><span style=\"text-decoration: underline;\"><strong>\u221a Lieu<\/strong><\/span><strong> : <\/strong>la journ\u00e9e de pratique en pr\u00e9sentiel se d\u00e9roule en g\u00e9n\u00e9ral \u00e0 Valence (26), un dimanche, le 1er dimanche de chaque mois, mais cette journ\u00e9e pr\u00e9sentielle peut se tenir aussi dans d&rsquo;autres lieux en France ou \u00e0 l&rsquo;\u00e9tranger de fa\u00e7on ponctuelle.<br \/>Locaux accessibles personnel en situation de handicap.<\/p>\r\n<p><strong><span style=\"text-decoration: underline;\">\u221a\u00a0Pr\u00e9requis<\/span> <\/strong>: aucun pr\u00e9requis n\u00e9cessaire pour cette formation ouverte aux professions m\u00e9dicales\/param\u00e9dicales ou personnes en reconversion professionnelle.<br \/><br \/><strong style=\"font-size: inherit;\"><span style=\"text-decoration: underline;\">\u221a Objectif<\/span><\/strong><span style=\"font-size: inherit;\"> : <\/span><em style=\"font-size: inherit;\">\u00e0 l&rsquo;issue de la formation le jour 2, le stagiaire sera capable de rep\u00e9rer l&rsquo;ensemble des points r\u00e9flexes, identifier les points \u00e0 traiter et de recevoir un consultant en totale autonomie, utiliser l&rsquo;un ou l&rsquo;autre des moyens de traitement afin d&rsquo;apporter un soin complet en auriculoth\u00e9rapie pour corriger les d\u00e9s\u00e9quilibres qui entra\u00eenent des sympt\u00f4mes.<\/em><\/p>\r\n<p><span style=\"text-decoration: underline;\"><strong>\u221a M\u00e9thodes p\u00e9dagogiques<\/strong><\/span> : <em>alternance entre th\u00e9orie &amp; pratique, expos\u00e9 oral, partage d\u2019exp\u00e9riences, \u00e9tude de cas concrets.<br \/>\u21d2 a minima 70% du temps de la formation est r\u00e9serv\u00e9 \u00e0 la pratique pour la ma\u00eetrise de la technique, pratique entre les participants et des patients volontaires.<br \/><br \/>Vous pourrez tester toutes les techniques de soins \u00e9voqu\u00e9es, notamment les ASP et l\u2019utilisation du laser* qui restent les techniques les plus efficaces.<br \/><\/em><\/p>\r\n<p><img loading=\"lazy\" decoding=\"async\" class=\"alignleft wp-image-482\" src=\"https:\/\/qitao.fr\/wp-content\/uploads\/2022\/03\/LOGO-SEDATELEC-2017-avec-R-avec-Base-Line-300x211.jpg\" alt=\"\" width=\"155\" height=\"109\" srcset=\"https:\/\/formations-qitao.fr\/wp-content\/uploads\/2022\/03\/LOGO-SEDATELEC-2017-avec-R-avec-Base-Line-300x211.jpg 300w, https:\/\/formations-qitao.fr\/wp-content\/uploads\/2022\/03\/LOGO-SEDATELEC-2017-avec-R-avec-Base-Line-600x421.jpg 600w, https:\/\/formations-qitao.fr\/wp-content\/uploads\/2022\/03\/LOGO-SEDATELEC-2017-avec-R-avec-Base-Line-768x539.jpg 768w, https:\/\/formations-qitao.fr\/wp-content\/uploads\/2022\/03\/LOGO-SEDATELEC-2017-avec-R-avec-Base-Line.jpg 879w\" sizes=\"auto, (max-width: 155px) 100vw, 155px\" \/>Nous utiliserons un laser de la gamme Premio du fabricant fran\u00e7ais <a href=\"https:\/\/www.sedatelec.com\/les-produits\/stimulation-laser\/\">Sedatelec.<\/a><br \/><span style=\"color: #ff0000;\"><em>* <u>Le laser utilis\u00e9 est un laser m\u00e9dical de classe III, indolore et sans risque<\/u><\/em><\/span><br \/>\u21d2 vid\u00e9os de d\u00e9monstration : <a href=\"https:\/\/youtu.be\/uvDOqnpYubM\">Premio 30<\/a> ou <a href=\"https:\/\/youtu.be\/3RfTkJp50gY\">Premio 32<\/a><\/p>\r\n<p><strong>Le Premio 32<\/strong>\u00a0est adapt\u00e9 pour tout TRAITEMENT LOCAL en\u00a0<strong>Physioth\u00e9rapie, Ost\u00e9opathie, M\u00e9decine du Sport,<\/strong>\u00a0<strong>Th\u00e9rapie Laser.<\/strong><\/p>\r\n<p>Lors de la 2eme journ\u00e9e, l&rsquo;apr\u00e8s-midi, a lieu un clinicat pendant lequel vous pourrez prendre en charge et vous exercer sur des consultants volontaires comme si vous \u00e9tiez en cabinet.<\/p>\r\n<p><strong><span style=\"text-decoration: underline;\">\u221a Evaluation<\/span><\/strong> : v\u00e9rification de l&rsquo;atteinte des objectifs tout au long du jour 2 par la capacit\u00e9 \u00e0 r\u00e9aliser un soin lors de la pratique entre participants mais aussi et surtout sur les consultants volontaires lors du clinicat<\/p>\r\n<p><strong><u><span style=\"text-decoration: underline;\">\u221a Attestation<\/span><\/u><\/strong><em> : une attestations de formation et une facture sont remises \u00e0 la fin du stage<br \/><br \/><strong><u><span style=\"text-decoration: underline;\">\u221a <\/span>Tarif <\/u><\/strong>: 750 \u20ac : 225 \u20ac \u00e0 l\u2019inscription ; 525 \u20ac au plus tard au d\u00e9but de la formation. Paiement par ch\u00e8que, CB, esp\u00e8ces ou virement bancaire. Tarif en vigueur pour toute formation dispens\u00e9e \u00e0 compter du 1\/02\/2025.<br \/><\/em><\/p>\r\n<p><em>Le tarif comprend le support de formation, et un palpeur manuel qui permet la d\u00e9tection des points \u00e0 traiter.<br \/><\/em><em><br \/><\/em><\/p>\r\n<p><strong><em><u><span style=\"text-decoration: underline;\">\u221a <\/span>Programme complet <\/u><\/em><\/strong><em>: <a href=\"https:\/\/formations-qitao.fr\/Pfa_France_0125.pdf\">t\u00e9l\u00e9chargez le programme format PDF <\/a><\/em><\/p>\r\n<p>&nbsp;<\/p>\r\n<p>&nbsp;<\/p>\r\n","protected":false},"excerpt":{"rendered":"<p>\u221a Dur\u00e9e : 2 jours en pr\u00e9sentiel, formation en petit groupe (6 stagiaires maximum) pour permettre une mont\u00e9e en comp\u00e9tences efficace. A compter du 1\/02\/2023, afin d&rsquo;optimiser la mont\u00e9e en comp\u00e9tences et les frais li\u00e9s aux d\u00e9placements la formation est propos\u00e9 dor\u00e9navant pour partie en distanciel pour partie en pr\u00e9sentiel selon le mod\u00e8le suivant :\u00bb [&hellip;]<\/p>\n","protected":false},"author":1,"featured_media":0,"parent":0,"menu_order":0,"comment_status":"closed","ping_status":"closed","template":"","meta":{"footnotes":""},"class_list":["post-167","page","type-page","status-publish","hentry","post"],"yoast_head":"<!-- This site is optimized with the Yoast SEO plugin v27.4 - https:\/\/yoast.com\/product\/yoast-seo-wordpress\/ -->\n<title>Formation R\u00e9flexologie auriculaire - Niveau 1 - Qi Tao<\/title>\n<meta name=\"robots\" content=\"index, follow, max-snippet:-1, max-image-preview:large, max-video-preview:-1\" \/>\n<link rel=\"canonical\" href=\"https:\/\/formations-qitao.fr\/?page_id=167\" \/>\n<meta property=\"og:locale\" content=\"fr_FR\" \/>\n<meta property=\"og:type\" content=\"article\" \/>\n<meta property=\"og:title\" content=\"Formation R\u00e9flexologie auriculaire - Niveau 1 - Qi Tao\" \/>\n<meta property=\"og:description\" content=\"\u221a Dur\u00e9e : 2 jours en pr\u00e9sentiel, formation en petit groupe (6 stagiaires maximum) pour permettre une mont\u00e9e en comp\u00e9tences efficace. A compter du 1\/02\/2023, afin d&rsquo;optimiser la mont\u00e9e en comp\u00e9tences et les frais li\u00e9s aux d\u00e9placements la formation est propos\u00e9 dor\u00e9navant pour partie en distanciel pour partie en pr\u00e9sentiel selon le mod\u00e8le suivant :\u00bb [&hellip;]\" \/>\n<meta property=\"og:url\" content=\"https:\/\/formations-qitao.fr\/?page_id=167\" \/>\n<meta property=\"og:site_name\" content=\"Qi Tao\" \/>\n<meta property=\"article:modified_time\" content=\"2026-03-29T08:24:34+00:00\" \/>\n<meta property=\"og:image\" content=\"https:\/\/formations-qitao.fr\/wp-content\/uploads\/2022\/03\/auriculo-laser.jpg\" \/>\n\t<meta property=\"og:image:width\" content=\"354\" \/>\n\t<meta property=\"og:image:height\" content=\"232\" \/>\n\t<meta property=\"og:image:type\" content=\"image\/jpeg\" \/>\n<meta name=\"twitter:card\" content=\"summary_large_image\" \/>\n<meta name=\"twitter:label1\" content=\"Dur\u00e9e de lecture estim\u00e9e\" \/>\n\t<meta name=\"twitter:data1\" content=\"4 minutes\" \/>\n<script type=\"application\/ld+json\" class=\"yoast-schema-graph\">{\"@context\":\"https:\\\/\\\/schema.org\",\"@graph\":[{\"@type\":\"WebPage\",\"@id\":\"https:\\\/\\\/formations-qitao.fr\\\/?page_id=167\",\"url\":\"https:\\\/\\\/formations-qitao.fr\\\/?page_id=167\",\"name\":\"Formation R\u00e9flexologie auriculaire - Niveau 1 - Qi Tao\",\"isPartOf\":{\"@id\":\"https:\\\/\\\/formations-qitao.fr\\\/#website\"},\"primaryImageOfPage\":{\"@id\":\"https:\\\/\\\/formations-qitao.fr\\\/?page_id=167#primaryimage\"},\"image\":{\"@id\":\"https:\\\/\\\/formations-qitao.fr\\\/?page_id=167#primaryimage\"},\"thumbnailUrl\":\"https:\\\/\\\/qitao.fr\\\/wp-content\\\/uploads\\\/2022\\\/03\\\/auriculo-laser.jpg\",\"datePublished\":\"2021-02-28T14:23:54+00:00\",\"dateModified\":\"2026-03-29T08:24:34+00:00\",\"breadcrumb\":{\"@id\":\"https:\\\/\\\/formations-qitao.fr\\\/?page_id=167#breadcrumb\"},\"inLanguage\":\"fr-FR\",\"potentialAction\":[{\"@type\":\"ReadAction\",\"target\":[\"https:\\\/\\\/formations-qitao.fr\\\/?page_id=167\"]}]},{\"@type\":\"ImageObject\",\"inLanguage\":\"fr-FR\",\"@id\":\"https:\\\/\\\/formations-qitao.fr\\\/?page_id=167#primaryimage\",\"url\":\"https:\\\/\\\/qitao.fr\\\/wp-content\\\/uploads\\\/2022\\\/03\\\/auriculo-laser.jpg\",\"contentUrl\":\"https:\\\/\\\/qitao.fr\\\/wp-content\\\/uploads\\\/2022\\\/03\\\/auriculo-laser.jpg\"},{\"@type\":\"BreadcrumbList\",\"@id\":\"https:\\\/\\\/formations-qitao.fr\\\/?page_id=167#breadcrumb\",\"itemListElement\":[{\"@type\":\"ListItem\",\"position\":1,\"name\":\"Accueil\",\"item\":\"https:\\\/\\\/formations-qitao.fr\\\/\"},{\"@type\":\"ListItem\",\"position\":2,\"name\":\"Formation R\u00e9flexologie auriculaire &#8211; Niveau 1\"}]},{\"@type\":\"WebSite\",\"@id\":\"https:\\\/\\\/formations-qitao.fr\\\/#website\",\"url\":\"https:\\\/\\\/formations-qitao.fr\\\/\",\"name\":\"Qi Tao\",\"description\":\"La voie de l&#039;\u00e9quilibre\",\"publisher\":{\"@id\":\"https:\\\/\\\/formations-qitao.fr\\\/#organization\"},\"potentialAction\":[{\"@type\":\"SearchAction\",\"target\":{\"@type\":\"EntryPoint\",\"urlTemplate\":\"https:\\\/\\\/formations-qitao.fr\\\/?s={search_term_string}\"},\"query-input\":{\"@type\":\"PropertyValueSpecification\",\"valueRequired\":true,\"valueName\":\"search_term_string\"}}],\"inLanguage\":\"fr-FR\"},{\"@type\":\"Organization\",\"@id\":\"https:\\\/\\\/formations-qitao.fr\\\/#organization\",\"name\":\"Qi Tao\",\"url\":\"https:\\\/\\\/formations-qitao.fr\\\/\",\"logo\":{\"@type\":\"ImageObject\",\"inLanguage\":\"fr-FR\",\"@id\":\"https:\\\/\\\/formations-qitao.fr\\\/#\\\/schema\\\/logo\\\/image\\\/\",\"url\":\"https:\\\/\\\/formations-qitao.fr\\\/wp-content\\\/uploads\\\/2021\\\/02\\\/cropped-cropped-logo_qitao_2-1.jpg\",\"contentUrl\":\"https:\\\/\\\/formations-qitao.fr\\\/wp-content\\\/uploads\\\/2021\\\/02\\\/cropped-cropped-logo_qitao_2-1.jpg\",\"width\":200,\"height\":80,\"caption\":\"Qi Tao\"},\"image\":{\"@id\":\"https:\\\/\\\/formations-qitao.fr\\\/#\\\/schema\\\/logo\\\/image\\\/\"}}]}<\/script>\n<!-- \/ Yoast SEO plugin. -->","yoast_head_json":{"title":"Formation R\u00e9flexologie auriculaire - Niveau 1 - Qi Tao","robots":{"index":"index","follow":"follow","max-snippet":"max-snippet:-1","max-image-preview":"max-image-preview:large","max-video-preview":"max-video-preview:-1"},"canonical":"https:\/\/formations-qitao.fr\/?page_id=167","og_locale":"fr_FR","og_type":"article","og_title":"Formation R\u00e9flexologie auriculaire - Niveau 1 - Qi Tao","og_description":"\u221a Dur\u00e9e : 2 jours en pr\u00e9sentiel, formation en petit groupe (6 stagiaires maximum) pour permettre une mont\u00e9e en comp\u00e9tences efficace. A compter du 1\/02\/2023, afin d&rsquo;optimiser la mont\u00e9e en comp\u00e9tences et les frais li\u00e9s aux d\u00e9placements la formation est propos\u00e9 dor\u00e9navant pour partie en distanciel pour partie en pr\u00e9sentiel selon le mod\u00e8le suivant :\u00bb [&hellip;]","og_url":"https:\/\/formations-qitao.fr\/?page_id=167","og_site_name":"Qi Tao","article_modified_time":"2026-03-29T08:24:34+00:00","og_image":[{"width":354,"height":232,"url":"https:\/\/formations-qitao.fr\/wp-content\/uploads\/2022\/03\/auriculo-laser.jpg","type":"image\/jpeg"}],"twitter_card":"summary_large_image","twitter_misc":{"Dur\u00e9e de lecture estim\u00e9e":"4 minutes"},"schema":{"@context":"https:\/\/schema.org","@graph":[{"@type":"WebPage","@id":"https:\/\/formations-qitao.fr\/?page_id=167","url":"https:\/\/formations-qitao.fr\/?page_id=167","name":"Formation R\u00e9flexologie auriculaire - Niveau 1 - Qi Tao","isPartOf":{"@id":"https:\/\/formations-qitao.fr\/#website"},"primaryImageOfPage":{"@id":"https:\/\/formations-qitao.fr\/?page_id=167#primaryimage"},"image":{"@id":"https:\/\/formations-qitao.fr\/?page_id=167#primaryimage"},"thumbnailUrl":"https:\/\/qitao.fr\/wp-content\/uploads\/2022\/03\/auriculo-laser.jpg","datePublished":"2021-02-28T14:23:54+00:00","dateModified":"2026-03-29T08:24:34+00:00","breadcrumb":{"@id":"https:\/\/formations-qitao.fr\/?page_id=167#breadcrumb"},"inLanguage":"fr-FR","potentialAction":[{"@type":"ReadAction","target":["https:\/\/formations-qitao.fr\/?page_id=167"]}]},{"@type":"ImageObject","inLanguage":"fr-FR","@id":"https:\/\/formations-qitao.fr\/?page_id=167#primaryimage","url":"https:\/\/qitao.fr\/wp-content\/uploads\/2022\/03\/auriculo-laser.jpg","contentUrl":"https:\/\/qitao.fr\/wp-content\/uploads\/2022\/03\/auriculo-laser.jpg"},{"@type":"BreadcrumbList","@id":"https:\/\/formations-qitao.fr\/?page_id=167#breadcrumb","itemListElement":[{"@type":"ListItem","position":1,"name":"Accueil","item":"https:\/\/formations-qitao.fr\/"},{"@type":"ListItem","position":2,"name":"Formation R\u00e9flexologie auriculaire &#8211; Niveau 1"}]},{"@type":"WebSite","@id":"https:\/\/formations-qitao.fr\/#website","url":"https:\/\/formations-qitao.fr\/","name":"Qi Tao","description":"La voie de l&#039;\u00e9quilibre","publisher":{"@id":"https:\/\/formations-qitao.fr\/#organization"},"potentialAction":[{"@type":"SearchAction","target":{"@type":"EntryPoint","urlTemplate":"https:\/\/formations-qitao.fr\/?s={search_term_string}"},"query-input":{"@type":"PropertyValueSpecification","valueRequired":true,"valueName":"search_term_string"}}],"inLanguage":"fr-FR"},{"@type":"Organization","@id":"https:\/\/formations-qitao.fr\/#organization","name":"Qi Tao","url":"https:\/\/formations-qitao.fr\/","logo":{"@type":"ImageObject","inLanguage":"fr-FR","@id":"https:\/\/formations-qitao.fr\/#\/schema\/logo\/image\/","url":"https:\/\/formations-qitao.fr\/wp-content\/uploads\/2021\/02\/cropped-cropped-logo_qitao_2-1.jpg","contentUrl":"https:\/\/formations-qitao.fr\/wp-content\/uploads\/2021\/02\/cropped-cropped-logo_qitao_2-1.jpg","width":200,"height":80,"caption":"Qi Tao"},"image":{"@id":"https:\/\/formations-qitao.fr\/#\/schema\/logo\/image\/"}}]}},"_links":{"self":[{"href":"https:\/\/formations-qitao.fr\/index.php?rest_route=\/wp\/v2\/pages\/167","targetHints":{"allow":["GET"]}}],"collection":[{"href":"https:\/\/formations-qitao.fr\/index.php?rest_route=\/wp\/v2\/pages"}],"about":[{"href":"https:\/\/formations-qitao.fr\/index.php?rest_route=\/wp\/v2\/types\/page"}],"author":[{"embeddable":true,"href":"https:\/\/formations-qitao.fr\/index.php?rest_route=\/wp\/v2\/users\/1"}],"replies":[{"embeddable":true,"href":"https:\/\/formations-qitao.fr\/index.php?rest_route=%2Fwp%2Fv2%2Fcomments&post=167"}],"version-history":[{"count":89,"href":"https:\/\/formations-qitao.fr\/index.php?rest_route=\/wp\/v2\/pages\/167\/revisions"}],"predecessor-version":[{"id":1270,"href":"https:\/\/formations-qitao.fr\/index.php?rest_route=\/wp\/v2\/pages\/167\/revisions\/1270"}],"wp:attachment":[{"href":"https:\/\/formations-qitao.fr\/index.php?rest_route=%2Fwp%2Fv2%2Fmedia&parent=167"}],"curies":[{"name":"wp","href":"https:\/\/api.w.org\/{rel}","templated":true}]}}