{"id":195,"date":"2021-02-28T17:26:36","date_gmt":"2021-02-28T16:26:36","guid":{"rendered":"https:\/\/qitao.fr\/?page_id=195"},"modified":"2026-03-29T10:20:47","modified_gmt":"2026-03-29T08:20:47","slug":"acu-lift-laser","status":"publish","type":"page","link":"https:\/\/formations-qitao.fr\/?page_id=195","title":{"rendered":"Formation Acu-Lift &#8211;  laser"},"content":{"rendered":"\r\n<figure class=\"wp-block-image size-full\"><img loading=\"lazy\" decoding=\"async\" width=\"337\" height=\"202\" class=\"wp-image-1119\" src=\"https:\/\/qitao.fr\/wp-content\/uploads\/2025\/09\/acu_lift.png\" alt=\"\" srcset=\"https:\/\/formations-qitao.fr\/wp-content\/uploads\/2025\/09\/acu_lift.png 337w, https:\/\/formations-qitao.fr\/wp-content\/uploads\/2025\/09\/acu_lift-300x180.png 300w\" sizes=\"auto, (max-width: 337px) 100vw, 337px\" \/><\/figure>\r\n\r\n\r\n\r\n<p><strong>\u221a Dur\u00e9e<\/strong> : 2 jours, 1 premi\u00e8re partie th\u00e9orique en distanciel via zoom, 1 2eme partie en pr\u00e9sentiel pour la mise en oeuvre des techniques et du protocole de soin. <br \/>formation en petit groupe pour permettre une mont\u00e9e en comp\u00e9tences optimum.<\/p>\r\n\r\n\r\n\r\n<p><strong>\u221a pr\u00e9requis<\/strong> : cette formation est ouverte \u00e0 toute personne ayant un int\u00e9r\u00eat particulier pour l&rsquo;esth\u00e9tique <br \/><br \/><strong>\u221a Lieu : <\/strong>sessions organis\u00e9es r\u00e9guli\u00e8rement \u00e0 Valence (26) ou autre lieu<br \/>Prochaine session : visio zoom le lundi 6\/04\/2026 &#8211; distanciel le Samedi 11\/04\/26 chez SEDATELEC au sud de Lyon<\/p>\r\n\r\n\r\n\r\n<p><strong>\u221a\u00a0Objectif<\/strong> : <em>\u00e0 l&rsquo;issue de la formation, le \/stagiaire sera capable de d\u00e9rouler le protocole \u00ab\u00a0anti-\u00e2ge\u00a0\u00bb en totale autonomie et utiliser les diff\u00e9rents moyens de traitement<\/em> non invasif sans aiguilles.<\/p>\r\n\r\n\r\n\r\n<p><strong>\u221a M\u00e9thodes p\u00e9dagogiques<\/strong> : <em>alternance entre th\u00e9orie &amp; pratique, expos\u00e9 oral, partage d\u2019exp\u00e9riences, \u00e9tude de cas concrets.<br \/>\u21d2 70% du temps de la formation est r\u00e9serv\u00e9 \u00e0 la pratique pour la ma\u00eetrise de la technique, pratique entre les participants et les consultants volontaires.<br \/><br \/><\/em>Vous apprendrez le protocole en 5 phases \u00e0 d\u00e9rouler et \u00e0 ma\u00eetriser le traitement des points de commande des muscles peauciers \u00e0 traiter, le nettoyage et massage pr\u00e9-lift du visage, l&rsquo;utilisation de la ventouse, du ridoki, et du laser de photobiomodulation.<\/p>\r\n\r\n\r\n\r\n<h6 class=\"wp-block-heading\"><em>* <u>Le laser utilis\u00e9 est un laser m\u00e9dical de classe IIa, indolore et sans risque<\/u><\/em><\/h6>\r\n\r\n\r\n\r\n<p>Nous utiliserons un laser de la gamme Premio du fabricant fran\u00e7ais <a href=\"https:\/\/www.sedatelec.com\/les-produits\/stimulation-laser\/\">Sedatelec.<\/a><br \/>\u21d2 vid\u00e9os de d\u00e9monstration : <a href=\"https:\/\/youtu.be\/uvDOqnpYubM\">Premio 30<\/a><\/p>\r\n\r\n\r\n\r\n<p>Lors de la 2eme journ\u00e9e, l&rsquo;apr\u00e8s-midi, a lieu un clinicat pendant lequel vous pourrez vous exercer sur des consultants volontaires.<br \/><br \/><strong>Evaluation<\/strong> : \u00e9valuation tout au long du jour 2 sur la capacit\u00e9 effective \u00e0 mettre en oeuvre le protocole corps &amp; visage enseign\u00e9.<\/p>\r\n\r\n\r\n\r\n<p><strong><u>\u221a Attestation<\/u><\/strong><em> : une attestation de formation et remise \u00e0 la fin du stage vous permettant de pratiquer en toute s\u00e9r\u00e9nit\u00e9<br \/><br \/><strong><u>\u221a Tarif\u00a0<\/u><\/strong>: 750 \u20ac : 225 \u20ac \u00e0 l\u2019inscription ; 525 \u20ac au plus tard la veille du d\u00e9but de la formation. Paiement par CB ou virement bancaire.<br \/>(Instructions transmises lors de l\u2019inscription).<\/em><\/p>\r\n\r\n\r\n\r\n<p><em>Le tarif comprend le support de formation.<\/em><\/p>\r\n\r\n\r\n\r\n<p><strong><em><u>\u221a Programme complet <\/u><\/em><\/strong><em>: <a href=\"https:\/\/formations-qitao.fr\/Pfal2_France_0125.pdf\">t\u00e9l\u00e9chargez le programme format PDF<\/a><\/em><\/p>\r\n\r\n\r\n\r\n\r\n\r\n<p class=\"has-text-align-center\"><em><strong><u>\u221a <a href=\"https:\/\/formations-qitao.fr\/?page_id=182\">voir les conditions g\u00e9n\u00e9rales de vente<\/a><\/u><\/strong><\/em><\/p>\r\n","protected":false},"excerpt":{"rendered":"<p>\u221a Dur\u00e9e : 2 jours, 1 premi\u00e8re partie th\u00e9orique en distanciel via zoom, 1 2eme partie en pr\u00e9sentiel pour la mise en oeuvre des techniques et du protocole de soin. formation en petit groupe pour permettre une mont\u00e9e en comp\u00e9tences optimum. \u221a pr\u00e9requis : cette formation est ouverte \u00e0 toute personne ayant un int\u00e9r\u00eat particulier [&hellip;]<\/p>\n","protected":false},"author":1,"featured_media":0,"parent":0,"menu_order":0,"comment_status":"closed","ping_status":"closed","template":"","meta":{"footnotes":""},"class_list":["post-195","page","type-page","status-publish","hentry","post"],"yoast_head":"<!-- This site is optimized with the Yoast SEO plugin v27.4 - https:\/\/yoast.com\/product\/yoast-seo-wordpress\/ -->\n<title>Formation Acu-Lift - laser - Qi Tao<\/title>\n<meta name=\"robots\" content=\"index, follow, max-snippet:-1, max-image-preview:large, max-video-preview:-1\" \/>\n<link rel=\"canonical\" href=\"https:\/\/formations-qitao.fr\/?page_id=195\" \/>\n<meta property=\"og:locale\" content=\"fr_FR\" \/>\n<meta property=\"og:type\" content=\"article\" \/>\n<meta property=\"og:title\" content=\"Formation Acu-Lift - laser - Qi Tao\" \/>\n<meta property=\"og:description\" content=\"\u221a Dur\u00e9e : 2 jours, 1 premi\u00e8re partie th\u00e9orique en distanciel via zoom, 1 2eme partie en pr\u00e9sentiel pour la mise en oeuvre des techniques et du protocole de soin. formation en petit groupe pour permettre une mont\u00e9e en comp\u00e9tences optimum. \u221a pr\u00e9requis : cette formation est ouverte \u00e0 toute personne ayant un int\u00e9r\u00eat particulier [&hellip;]\" \/>\n<meta property=\"og:url\" content=\"https:\/\/formations-qitao.fr\/?page_id=195\" \/>\n<meta property=\"og:site_name\" content=\"Qi Tao\" \/>\n<meta property=\"article:modified_time\" content=\"2026-03-29T08:20:47+00:00\" \/>\n<meta property=\"og:image\" content=\"https:\/\/formations-qitao.fr\/wp-content\/uploads\/2025\/09\/acu_lift.png\" \/>\n\t<meta property=\"og:image:width\" content=\"337\" \/>\n\t<meta property=\"og:image:height\" content=\"202\" \/>\n\t<meta property=\"og:image:type\" content=\"image\/png\" \/>\n<meta name=\"twitter:card\" content=\"summary_large_image\" \/>\n<meta name=\"twitter:label1\" content=\"Dur\u00e9e de lecture estim\u00e9e\" \/>\n\t<meta name=\"twitter:data1\" content=\"2 minutes\" \/>\n<script type=\"application\/ld+json\" class=\"yoast-schema-graph\">{\"@context\":\"https:\\\/\\\/schema.org\",\"@graph\":[{\"@type\":\"WebPage\",\"@id\":\"https:\\\/\\\/formations-qitao.fr\\\/?page_id=195\",\"url\":\"https:\\\/\\\/formations-qitao.fr\\\/?page_id=195\",\"name\":\"Formation Acu-Lift - laser - Qi Tao\",\"isPartOf\":{\"@id\":\"https:\\\/\\\/formations-qitao.fr\\\/#website\"},\"primaryImageOfPage\":{\"@id\":\"https:\\\/\\\/formations-qitao.fr\\\/?page_id=195#primaryimage\"},\"image\":{\"@id\":\"https:\\\/\\\/formations-qitao.fr\\\/?page_id=195#primaryimage\"},\"thumbnailUrl\":\"https:\\\/\\\/qitao.fr\\\/wp-content\\\/uploads\\\/2025\\\/09\\\/acu_lift.png\",\"datePublished\":\"2021-02-28T16:26:36+00:00\",\"dateModified\":\"2026-03-29T08:20:47+00:00\",\"breadcrumb\":{\"@id\":\"https:\\\/\\\/formations-qitao.fr\\\/?page_id=195#breadcrumb\"},\"inLanguage\":\"fr-FR\",\"potentialAction\":[{\"@type\":\"ReadAction\",\"target\":[\"https:\\\/\\\/formations-qitao.fr\\\/?page_id=195\"]}]},{\"@type\":\"ImageObject\",\"inLanguage\":\"fr-FR\",\"@id\":\"https:\\\/\\\/formations-qitao.fr\\\/?page_id=195#primaryimage\",\"url\":\"https:\\\/\\\/qitao.fr\\\/wp-content\\\/uploads\\\/2025\\\/09\\\/acu_lift.png\",\"contentUrl\":\"https:\\\/\\\/qitao.fr\\\/wp-content\\\/uploads\\\/2025\\\/09\\\/acu_lift.png\"},{\"@type\":\"BreadcrumbList\",\"@id\":\"https:\\\/\\\/formations-qitao.fr\\\/?page_id=195#breadcrumb\",\"itemListElement\":[{\"@type\":\"ListItem\",\"position\":1,\"name\":\"Accueil\",\"item\":\"https:\\\/\\\/formations-qitao.fr\\\/\"},{\"@type\":\"ListItem\",\"position\":2,\"name\":\"Formation Acu-Lift &#8211; laser\"}]},{\"@type\":\"WebSite\",\"@id\":\"https:\\\/\\\/formations-qitao.fr\\\/#website\",\"url\":\"https:\\\/\\\/formations-qitao.fr\\\/\",\"name\":\"Qi Tao\",\"description\":\"La voie de l&#039;\u00e9quilibre\",\"publisher\":{\"@id\":\"https:\\\/\\\/formations-qitao.fr\\\/#organization\"},\"potentialAction\":[{\"@type\":\"SearchAction\",\"target\":{\"@type\":\"EntryPoint\",\"urlTemplate\":\"https:\\\/\\\/formations-qitao.fr\\\/?s={search_term_string}\"},\"query-input\":{\"@type\":\"PropertyValueSpecification\",\"valueRequired\":true,\"valueName\":\"search_term_string\"}}],\"inLanguage\":\"fr-FR\"},{\"@type\":\"Organization\",\"@id\":\"https:\\\/\\\/formations-qitao.fr\\\/#organization\",\"name\":\"Qi Tao\",\"url\":\"https:\\\/\\\/formations-qitao.fr\\\/\",\"logo\":{\"@type\":\"ImageObject\",\"inLanguage\":\"fr-FR\",\"@id\":\"https:\\\/\\\/formations-qitao.fr\\\/#\\\/schema\\\/logo\\\/image\\\/\",\"url\":\"https:\\\/\\\/formations-qitao.fr\\\/wp-content\\\/uploads\\\/2021\\\/02\\\/cropped-cropped-logo_qitao_2-1.jpg\",\"contentUrl\":\"https:\\\/\\\/formations-qitao.fr\\\/wp-content\\\/uploads\\\/2021\\\/02\\\/cropped-cropped-logo_qitao_2-1.jpg\",\"width\":200,\"height\":80,\"caption\":\"Qi Tao\"},\"image\":{\"@id\":\"https:\\\/\\\/formations-qitao.fr\\\/#\\\/schema\\\/logo\\\/image\\\/\"}}]}<\/script>\n<!-- \/ Yoast SEO plugin. -->","yoast_head_json":{"title":"Formation Acu-Lift - laser - Qi Tao","robots":{"index":"index","follow":"follow","max-snippet":"max-snippet:-1","max-image-preview":"max-image-preview:large","max-video-preview":"max-video-preview:-1"},"canonical":"https:\/\/formations-qitao.fr\/?page_id=195","og_locale":"fr_FR","og_type":"article","og_title":"Formation Acu-Lift - laser - Qi Tao","og_description":"\u221a Dur\u00e9e : 2 jours, 1 premi\u00e8re partie th\u00e9orique en distanciel via zoom, 1 2eme partie en pr\u00e9sentiel pour la mise en oeuvre des techniques et du protocole de soin. formation en petit groupe pour permettre une mont\u00e9e en comp\u00e9tences optimum. \u221a pr\u00e9requis : cette formation est ouverte \u00e0 toute personne ayant un int\u00e9r\u00eat particulier [&hellip;]","og_url":"https:\/\/formations-qitao.fr\/?page_id=195","og_site_name":"Qi Tao","article_modified_time":"2026-03-29T08:20:47+00:00","og_image":[{"width":337,"height":202,"url":"https:\/\/formations-qitao.fr\/wp-content\/uploads\/2025\/09\/acu_lift.png","type":"image\/png"}],"twitter_card":"summary_large_image","twitter_misc":{"Dur\u00e9e de lecture estim\u00e9e":"2 minutes"},"schema":{"@context":"https:\/\/schema.org","@graph":[{"@type":"WebPage","@id":"https:\/\/formations-qitao.fr\/?page_id=195","url":"https:\/\/formations-qitao.fr\/?page_id=195","name":"Formation Acu-Lift - laser - Qi Tao","isPartOf":{"@id":"https:\/\/formations-qitao.fr\/#website"},"primaryImageOfPage":{"@id":"https:\/\/formations-qitao.fr\/?page_id=195#primaryimage"},"image":{"@id":"https:\/\/formations-qitao.fr\/?page_id=195#primaryimage"},"thumbnailUrl":"https:\/\/qitao.fr\/wp-content\/uploads\/2025\/09\/acu_lift.png","datePublished":"2021-02-28T16:26:36+00:00","dateModified":"2026-03-29T08:20:47+00:00","breadcrumb":{"@id":"https:\/\/formations-qitao.fr\/?page_id=195#breadcrumb"},"inLanguage":"fr-FR","potentialAction":[{"@type":"ReadAction","target":["https:\/\/formations-qitao.fr\/?page_id=195"]}]},{"@type":"ImageObject","inLanguage":"fr-FR","@id":"https:\/\/formations-qitao.fr\/?page_id=195#primaryimage","url":"https:\/\/qitao.fr\/wp-content\/uploads\/2025\/09\/acu_lift.png","contentUrl":"https:\/\/qitao.fr\/wp-content\/uploads\/2025\/09\/acu_lift.png"},{"@type":"BreadcrumbList","@id":"https:\/\/formations-qitao.fr\/?page_id=195#breadcrumb","itemListElement":[{"@type":"ListItem","position":1,"name":"Accueil","item":"https:\/\/formations-qitao.fr\/"},{"@type":"ListItem","position":2,"name":"Formation Acu-Lift &#8211; laser"}]},{"@type":"WebSite","@id":"https:\/\/formations-qitao.fr\/#website","url":"https:\/\/formations-qitao.fr\/","name":"Qi Tao","description":"La voie de l&#039;\u00e9quilibre","publisher":{"@id":"https:\/\/formations-qitao.fr\/#organization"},"potentialAction":[{"@type":"SearchAction","target":{"@type":"EntryPoint","urlTemplate":"https:\/\/formations-qitao.fr\/?s={search_term_string}"},"query-input":{"@type":"PropertyValueSpecification","valueRequired":true,"valueName":"search_term_string"}}],"inLanguage":"fr-FR"},{"@type":"Organization","@id":"https:\/\/formations-qitao.fr\/#organization","name":"Qi Tao","url":"https:\/\/formations-qitao.fr\/","logo":{"@type":"ImageObject","inLanguage":"fr-FR","@id":"https:\/\/formations-qitao.fr\/#\/schema\/logo\/image\/","url":"https:\/\/formations-qitao.fr\/wp-content\/uploads\/2021\/02\/cropped-cropped-logo_qitao_2-1.jpg","contentUrl":"https:\/\/formations-qitao.fr\/wp-content\/uploads\/2021\/02\/cropped-cropped-logo_qitao_2-1.jpg","width":200,"height":80,"caption":"Qi Tao"},"image":{"@id":"https:\/\/formations-qitao.fr\/#\/schema\/logo\/image\/"}}]}},"_links":{"self":[{"href":"https:\/\/formations-qitao.fr\/index.php?rest_route=\/wp\/v2\/pages\/195","targetHints":{"allow":["GET"]}}],"collection":[{"href":"https:\/\/formations-qitao.fr\/index.php?rest_route=\/wp\/v2\/pages"}],"about":[{"href":"https:\/\/formations-qitao.fr\/index.php?rest_route=\/wp\/v2\/types\/page"}],"author":[{"embeddable":true,"href":"https:\/\/formations-qitao.fr\/index.php?rest_route=\/wp\/v2\/users\/1"}],"replies":[{"embeddable":true,"href":"https:\/\/formations-qitao.fr\/index.php?rest_route=%2Fwp%2Fv2%2Fcomments&post=195"}],"version-history":[{"count":29,"href":"https:\/\/formations-qitao.fr\/index.php?rest_route=\/wp\/v2\/pages\/195\/revisions"}],"predecessor-version":[{"id":1265,"href":"https:\/\/formations-qitao.fr\/index.php?rest_route=\/wp\/v2\/pages\/195\/revisions\/1265"}],"wp:attachment":[{"href":"https:\/\/formations-qitao.fr\/index.php?rest_route=%2Fwp%2Fv2%2Fmedia&parent=195"}],"curies":[{"name":"wp","href":"https:\/\/api.w.org\/{rel}","templated":true}]}}