{"id":23,"date":"2021-02-01T13:10:39","date_gmt":"2021-02-01T12:10:39","guid":{"rendered":"http:\/\/qitao.fr\/?page_id=23"},"modified":"2022-03-29T17:33:40","modified_gmt":"2022-03-29T15:33:40","slug":"tai-chi","status":"publish","type":"page","link":"https:\/\/formations-qitao.fr\/?page_id=23","title":{"rendered":"Ta\u00ef Chi"},"content":{"rendered":"\n<p>Le&nbsp;<strong>tai-chi-chuan<\/strong>&nbsp;ou&nbsp;<strong>ta\u00ef chi<\/strong>&nbsp;ou&nbsp;<strong>taiji quan<\/strong>(chinois simplifi\u00e9 : \u592a\u6781\u62f3 ; chinois traditionnel : \u592a\u6975\u62f3) est, selon comment il est pratiqu\u00e9, \u00e0 la fois une gymnastique de sant\u00e9, un art martial chinois, dit \u00ab interne \u00bb (neijia), d&rsquo;inspiration tao\u00efste, et une voie spirituelle.<\/p>\n\n\n\n<figure class=\"wp-block-image size-large is-style-default\"><img loading=\"lazy\" decoding=\"async\" width=\"274\" height=\"184\" src=\"http:\/\/qitao.fr\/wp-content\/uploads\/2021\/02\/taichi1-1.jpg\" alt=\"\" class=\"wp-image-64\" srcset=\"https:\/\/formations-qitao.fr\/wp-content\/uploads\/2021\/02\/taichi1-1.jpg 274w, https:\/\/formations-qitao.fr\/wp-content\/uploads\/2021\/02\/taichi1-1-200x134.jpg 200w\" sizes=\"auto, (max-width: 274px) 100vw, 274px\" \/><\/figure>\n\n\n\n<p>Les sinogrammes du tai-chi-chuan sont compos\u00e9s des \u00e9l\u00e9ments taiji \u592a\u6975,&nbsp;<em>\u00ab fa\u00eete supr\u00eame \u00bb<\/em>, et quan \u62f3,&nbsp;<em>\u00ab poing, boxe \u00bb<\/em>&nbsp;et traduits litt\u00e9ralement par&nbsp;<em>\u00ab boxe du fa\u00eete supr\u00eame \u00bb<\/em>, ou&nbsp;<em>\u00ab boxe avec l&rsquo;ombre \u00bb<\/em>, car l&rsquo;observateur a l&rsquo;impression que le pratiquant lutte contre une ombre. Une autre traduction courante est&nbsp;<em>\u00ab la boxe de l&rsquo;\u00e9ternelle jeunesse \u00bb<\/em>, le fa\u00eete supr\u00eame pouvant \u00eatre traduit moins litt\u00e9ralement par&nbsp;<strong>\u00ab immortalit\u00e9 \u00bb<\/strong>&nbsp;; but supr\u00eame de l&rsquo;alchimie tao\u00efste, o\u00f9 l&rsquo;homme est un interm\u00e9diaire entre Ciel et Terre.<\/p>\n\n\n\n<p>L\u2019objectif du tai-chi est&nbsp;<strong>d\u2019affiner son \u00e9nergie vitale (le chi)<\/strong>&nbsp;et ainsi&nbsp;<strong>\u00ab\u00a0d\u2019ouvrir sa conscience \u00e0 une dimension sup\u00e9rieure\u00a0\u00bb<\/strong>.<\/p>\n\n\n\n<p>Les mouvements ont \u00e0 la fois une application martiale (esquives, parades, frappes, saisies\u2026) et \u00e9nerg\u00e9tique, ils auraient \u00e9t\u00e9 cr\u00e9\u00e9s et d\u00e9velopp\u00e9s par des guerriers tao\u00efstes ou des moines m\u00e9decins.<\/p>\n\n\n\n<p>Le tai-chi-chuan se pratique \u00e0 mains nues mais est associ\u00e9 \u00e0 des arts utilisant des armes (\u00e9ventail, \u00e9p\u00e9e, sabre, lance\u2026).<\/p>\n","protected":false},"excerpt":{"rendered":"<p>Le&nbsp;tai-chi-chuan&nbsp;ou&nbsp;ta\u00ef chi&nbsp;ou&nbsp;taiji quan(chinois simplifi\u00e9 : \u592a\u6781\u62f3 ; chinois traditionnel : \u592a\u6975\u62f3) est, selon comment il est pratiqu\u00e9, \u00e0 la fois une gymnastique de sant\u00e9, un art martial chinois, dit \u00ab interne \u00bb (neijia), d&rsquo;inspiration tao\u00efste, et une voie spirituelle. Les sinogrammes du tai-chi-chuan sont compos\u00e9s des \u00e9l\u00e9ments taiji \u592a\u6975,&nbsp;\u00ab fa\u00eete supr\u00eame \u00bb, et quan \u62f3,&nbsp;\u00ab [&hellip;]<\/p>\n","protected":false},"author":1,"featured_media":53,"parent":0,"menu_order":0,"comment_status":"closed","ping_status":"closed","template":"","meta":{"footnotes":""},"class_list":["post-23","page","type-page","status-publish","has-post-thumbnail","hentry","post"],"yoast_head":"<!-- This site is optimized with the Yoast SEO plugin v27.4 - https:\/\/yoast.com\/product\/yoast-seo-wordpress\/ -->\n<title>Ta\u00ef Chi - Qi Tao<\/title>\n<meta name=\"robots\" content=\"index, follow, max-snippet:-1, max-image-preview:large, max-video-preview:-1\" \/>\n<link rel=\"canonical\" href=\"https:\/\/formations-qitao.fr\/?page_id=23\" \/>\n<meta property=\"og:locale\" content=\"fr_FR\" \/>\n<meta property=\"og:type\" content=\"article\" \/>\n<meta property=\"og:title\" content=\"Ta\u00ef Chi - Qi Tao\" \/>\n<meta property=\"og:description\" content=\"Le&nbsp;tai-chi-chuan&nbsp;ou&nbsp;ta\u00ef chi&nbsp;ou&nbsp;taiji quan(chinois simplifi\u00e9 : \u592a\u6781\u62f3 ; chinois traditionnel : \u592a\u6975\u62f3) est, selon comment il est pratiqu\u00e9, \u00e0 la fois une gymnastique de sant\u00e9, un art martial chinois, dit \u00ab interne \u00bb (neijia), d&rsquo;inspiration tao\u00efste, et une voie spirituelle. Les sinogrammes du tai-chi-chuan sont compos\u00e9s des \u00e9l\u00e9ments taiji \u592a\u6975,&nbsp;\u00ab fa\u00eete supr\u00eame \u00bb, et quan \u62f3,&nbsp;\u00ab [&hellip;]\" \/>\n<meta property=\"og:url\" content=\"https:\/\/formations-qitao.fr\/?page_id=23\" \/>\n<meta property=\"og:site_name\" content=\"Qi Tao\" \/>\n<meta property=\"article:modified_time\" content=\"2022-03-29T15:33:40+00:00\" \/>\n<meta property=\"og:image\" content=\"https:\/\/formations-qitao.fr\/wp-content\/uploads\/2021\/02\/taichi1.jpg\" \/>\n\t<meta property=\"og:image:width\" content=\"274\" \/>\n\t<meta property=\"og:image:height\" content=\"184\" \/>\n\t<meta property=\"og:image:type\" content=\"image\/jpeg\" \/>\n<meta name=\"twitter:card\" content=\"summary_large_image\" \/>\n<meta name=\"twitter:label1\" content=\"Dur\u00e9e de lecture estim\u00e9e\" \/>\n\t<meta name=\"twitter:data1\" content=\"1 minute\" \/>\n<script type=\"application\/ld+json\" class=\"yoast-schema-graph\">{\"@context\":\"https:\\\/\\\/schema.org\",\"@graph\":[{\"@type\":\"WebPage\",\"@id\":\"https:\\\/\\\/formations-qitao.fr\\\/?page_id=23\",\"url\":\"https:\\\/\\\/formations-qitao.fr\\\/?page_id=23\",\"name\":\"Ta\u00ef Chi - Qi Tao\",\"isPartOf\":{\"@id\":\"https:\\\/\\\/formations-qitao.fr\\\/#website\"},\"primaryImageOfPage\":{\"@id\":\"https:\\\/\\\/formations-qitao.fr\\\/?page_id=23#primaryimage\"},\"image\":{\"@id\":\"https:\\\/\\\/formations-qitao.fr\\\/?page_id=23#primaryimage\"},\"thumbnailUrl\":\"https:\\\/\\\/formations-qitao.fr\\\/wp-content\\\/uploads\\\/2021\\\/02\\\/taichi1.jpg\",\"datePublished\":\"2021-02-01T12:10:39+00:00\",\"dateModified\":\"2022-03-29T15:33:40+00:00\",\"breadcrumb\":{\"@id\":\"https:\\\/\\\/formations-qitao.fr\\\/?page_id=23#breadcrumb\"},\"inLanguage\":\"fr-FR\",\"potentialAction\":[{\"@type\":\"ReadAction\",\"target\":[\"https:\\\/\\\/formations-qitao.fr\\\/?page_id=23\"]}]},{\"@type\":\"ImageObject\",\"inLanguage\":\"fr-FR\",\"@id\":\"https:\\\/\\\/formations-qitao.fr\\\/?page_id=23#primaryimage\",\"url\":\"https:\\\/\\\/formations-qitao.fr\\\/wp-content\\\/uploads\\\/2021\\\/02\\\/taichi1.jpg\",\"contentUrl\":\"https:\\\/\\\/formations-qitao.fr\\\/wp-content\\\/uploads\\\/2021\\\/02\\\/taichi1.jpg\",\"width\":274,\"height\":184},{\"@type\":\"BreadcrumbList\",\"@id\":\"https:\\\/\\\/formations-qitao.fr\\\/?page_id=23#breadcrumb\",\"itemListElement\":[{\"@type\":\"ListItem\",\"position\":1,\"name\":\"Accueil\",\"item\":\"https:\\\/\\\/formations-qitao.fr\\\/\"},{\"@type\":\"ListItem\",\"position\":2,\"name\":\"Ta\u00ef Chi\"}]},{\"@type\":\"WebSite\",\"@id\":\"https:\\\/\\\/formations-qitao.fr\\\/#website\",\"url\":\"https:\\\/\\\/formations-qitao.fr\\\/\",\"name\":\"Qi Tao\",\"description\":\"La voie de l&#039;\u00e9quilibre\",\"publisher\":{\"@id\":\"https:\\\/\\\/formations-qitao.fr\\\/#organization\"},\"potentialAction\":[{\"@type\":\"SearchAction\",\"target\":{\"@type\":\"EntryPoint\",\"urlTemplate\":\"https:\\\/\\\/formations-qitao.fr\\\/?s={search_term_string}\"},\"query-input\":{\"@type\":\"PropertyValueSpecification\",\"valueRequired\":true,\"valueName\":\"search_term_string\"}}],\"inLanguage\":\"fr-FR\"},{\"@type\":\"Organization\",\"@id\":\"https:\\\/\\\/formations-qitao.fr\\\/#organization\",\"name\":\"Qi Tao\",\"url\":\"https:\\\/\\\/formations-qitao.fr\\\/\",\"logo\":{\"@type\":\"ImageObject\",\"inLanguage\":\"fr-FR\",\"@id\":\"https:\\\/\\\/formations-qitao.fr\\\/#\\\/schema\\\/logo\\\/image\\\/\",\"url\":\"https:\\\/\\\/formations-qitao.fr\\\/wp-content\\\/uploads\\\/2021\\\/02\\\/cropped-cropped-logo_qitao_2-1.jpg\",\"contentUrl\":\"https:\\\/\\\/formations-qitao.fr\\\/wp-content\\\/uploads\\\/2021\\\/02\\\/cropped-cropped-logo_qitao_2-1.jpg\",\"width\":200,\"height\":80,\"caption\":\"Qi Tao\"},\"image\":{\"@id\":\"https:\\\/\\\/formations-qitao.fr\\\/#\\\/schema\\\/logo\\\/image\\\/\"}}]}<\/script>\n<!-- \/ Yoast SEO plugin. -->","yoast_head_json":{"title":"Ta\u00ef Chi - Qi Tao","robots":{"index":"index","follow":"follow","max-snippet":"max-snippet:-1","max-image-preview":"max-image-preview:large","max-video-preview":"max-video-preview:-1"},"canonical":"https:\/\/formations-qitao.fr\/?page_id=23","og_locale":"fr_FR","og_type":"article","og_title":"Ta\u00ef Chi - Qi Tao","og_description":"Le&nbsp;tai-chi-chuan&nbsp;ou&nbsp;ta\u00ef chi&nbsp;ou&nbsp;taiji quan(chinois simplifi\u00e9 : \u592a\u6781\u62f3 ; chinois traditionnel : \u592a\u6975\u62f3) est, selon comment il est pratiqu\u00e9, \u00e0 la fois une gymnastique de sant\u00e9, un art martial chinois, dit \u00ab interne \u00bb (neijia), d&rsquo;inspiration tao\u00efste, et une voie spirituelle. Les sinogrammes du tai-chi-chuan sont compos\u00e9s des \u00e9l\u00e9ments taiji \u592a\u6975,&nbsp;\u00ab fa\u00eete supr\u00eame \u00bb, et quan \u62f3,&nbsp;\u00ab [&hellip;]","og_url":"https:\/\/formations-qitao.fr\/?page_id=23","og_site_name":"Qi Tao","article_modified_time":"2022-03-29T15:33:40+00:00","og_image":[{"width":274,"height":184,"url":"https:\/\/formations-qitao.fr\/wp-content\/uploads\/2021\/02\/taichi1.jpg","type":"image\/jpeg"}],"twitter_card":"summary_large_image","twitter_misc":{"Dur\u00e9e de lecture estim\u00e9e":"1 minute"},"schema":{"@context":"https:\/\/schema.org","@graph":[{"@type":"WebPage","@id":"https:\/\/formations-qitao.fr\/?page_id=23","url":"https:\/\/formations-qitao.fr\/?page_id=23","name":"Ta\u00ef Chi - Qi Tao","isPartOf":{"@id":"https:\/\/formations-qitao.fr\/#website"},"primaryImageOfPage":{"@id":"https:\/\/formations-qitao.fr\/?page_id=23#primaryimage"},"image":{"@id":"https:\/\/formations-qitao.fr\/?page_id=23#primaryimage"},"thumbnailUrl":"https:\/\/formations-qitao.fr\/wp-content\/uploads\/2021\/02\/taichi1.jpg","datePublished":"2021-02-01T12:10:39+00:00","dateModified":"2022-03-29T15:33:40+00:00","breadcrumb":{"@id":"https:\/\/formations-qitao.fr\/?page_id=23#breadcrumb"},"inLanguage":"fr-FR","potentialAction":[{"@type":"ReadAction","target":["https:\/\/formations-qitao.fr\/?page_id=23"]}]},{"@type":"ImageObject","inLanguage":"fr-FR","@id":"https:\/\/formations-qitao.fr\/?page_id=23#primaryimage","url":"https:\/\/formations-qitao.fr\/wp-content\/uploads\/2021\/02\/taichi1.jpg","contentUrl":"https:\/\/formations-qitao.fr\/wp-content\/uploads\/2021\/02\/taichi1.jpg","width":274,"height":184},{"@type":"BreadcrumbList","@id":"https:\/\/formations-qitao.fr\/?page_id=23#breadcrumb","itemListElement":[{"@type":"ListItem","position":1,"name":"Accueil","item":"https:\/\/formations-qitao.fr\/"},{"@type":"ListItem","position":2,"name":"Ta\u00ef Chi"}]},{"@type":"WebSite","@id":"https:\/\/formations-qitao.fr\/#website","url":"https:\/\/formations-qitao.fr\/","name":"Qi Tao","description":"La voie de l&#039;\u00e9quilibre","publisher":{"@id":"https:\/\/formations-qitao.fr\/#organization"},"potentialAction":[{"@type":"SearchAction","target":{"@type":"EntryPoint","urlTemplate":"https:\/\/formations-qitao.fr\/?s={search_term_string}"},"query-input":{"@type":"PropertyValueSpecification","valueRequired":true,"valueName":"search_term_string"}}],"inLanguage":"fr-FR"},{"@type":"Organization","@id":"https:\/\/formations-qitao.fr\/#organization","name":"Qi Tao","url":"https:\/\/formations-qitao.fr\/","logo":{"@type":"ImageObject","inLanguage":"fr-FR","@id":"https:\/\/formations-qitao.fr\/#\/schema\/logo\/image\/","url":"https:\/\/formations-qitao.fr\/wp-content\/uploads\/2021\/02\/cropped-cropped-logo_qitao_2-1.jpg","contentUrl":"https:\/\/formations-qitao.fr\/wp-content\/uploads\/2021\/02\/cropped-cropped-logo_qitao_2-1.jpg","width":200,"height":80,"caption":"Qi Tao"},"image":{"@id":"https:\/\/formations-qitao.fr\/#\/schema\/logo\/image\/"}}]}},"_links":{"self":[{"href":"https:\/\/formations-qitao.fr\/index.php?rest_route=\/wp\/v2\/pages\/23","targetHints":{"allow":["GET"]}}],"collection":[{"href":"https:\/\/formations-qitao.fr\/index.php?rest_route=\/wp\/v2\/pages"}],"about":[{"href":"https:\/\/formations-qitao.fr\/index.php?rest_route=\/wp\/v2\/types\/page"}],"author":[{"embeddable":true,"href":"https:\/\/formations-qitao.fr\/index.php?rest_route=\/wp\/v2\/users\/1"}],"replies":[{"embeddable":true,"href":"https:\/\/formations-qitao.fr\/index.php?rest_route=%2Fwp%2Fv2%2Fcomments&post=23"}],"version-history":[{"count":4,"href":"https:\/\/formations-qitao.fr\/index.php?rest_route=\/wp\/v2\/pages\/23\/revisions"}],"predecessor-version":[{"id":481,"href":"https:\/\/formations-qitao.fr\/index.php?rest_route=\/wp\/v2\/pages\/23\/revisions\/481"}],"wp:featuredmedia":[{"embeddable":true,"href":"https:\/\/formations-qitao.fr\/index.php?rest_route=\/wp\/v2\/media\/53"}],"wp:attachment":[{"href":"https:\/\/formations-qitao.fr\/index.php?rest_route=%2Fwp%2Fv2%2Fmedia&parent=23"}],"curies":[{"name":"wp","href":"https:\/\/api.w.org\/{rel}","templated":true}]}}