{"id":231,"date":"2021-04-16T10:58:56","date_gmt":"2021-04-16T08:58:56","guid":{"rendered":"https:\/\/qitao.fr\/?page_id=231"},"modified":"2026-03-29T10:26:43","modified_gmt":"2026-03-29T08:26:43","slug":"reflexologie-plantaire","status":"publish","type":"page","link":"https:\/\/formations-qitao.fr\/?page_id=231","title":{"rendered":"Formation R\u00e9flexologie Plantaire"},"content":{"rendered":"\r\n<figure class=\"wp-block-image size-large\"><img loading=\"lazy\" decoding=\"async\" width=\"600\" height=\"334\" class=\"wp-image-232\" src=\"https:\/\/qitao.fr\/wp-content\/uploads\/2021\/04\/reflexo6-600x334.jpg\" alt=\"\" srcset=\"https:\/\/formations-qitao.fr\/wp-content\/uploads\/2021\/04\/reflexo6-600x334.jpg 600w, https:\/\/formations-qitao.fr\/wp-content\/uploads\/2021\/04\/reflexo6-300x167.jpg 300w, https:\/\/formations-qitao.fr\/wp-content\/uploads\/2021\/04\/reflexo6-200x111.jpg 200w, https:\/\/formations-qitao.fr\/wp-content\/uploads\/2021\/04\/reflexo6.jpg 619w\" sizes=\"auto, (max-width: 600px) 100vw, 600px\" \/><\/figure>\r\n\r\n\r\n\r\n<p id=\"block-c4b523a8-6fa2-48cb-832d-01217e92e93f\"><strong>\u221a Dur\u00e9e<\/strong> : 2 jours, formation en petit groupe pour permettre une mont\u00e9e en comp\u00e9tences optimum.<br \/>Jour 1 : th\u00e9orie transmise en visio zoom, en direct live.<br \/>Jour 2 : journ\u00e9e consacr\u00e9e \u00e0 la pratique pour la mise en oeuvre du protocole de soins.<\/p>\r\n\r\n\r\n\r\n<p id=\"block-c4197de6-9a38-493e-914d-508e9ceec8a6\"><strong>\u221a Lieu : <\/strong>sessions organis\u00e9es r\u00e9guli\u00e8rement, soit \u00e0 Valence (26), soit dans d&rsquo;autres villes en France et \u00e0 l&rsquo;Etranger, en fonction de la demande. Vous souhaitez qu&rsquo;une session soit organis\u00e9e chez vous ?\u00a0 <a href=\"mailto:pascal@qitao.fr?subject=Session%20Auriculoth%C3%A9rapie\" data-type=\"mailto\" data-id=\"mailto:pascal@qitao.fr?subject=Session%20Auriculoth%C3%A9rapie\">N&rsquo;h\u00e9sitez pas \u00e0 le faire savoir\u00a0<\/a><\/p>\r\n\r\n\r\n\r\n<p id=\"block-a2795b68-0379-4bba-9d4d-4a423f9e9a70\"><strong>\u221a\u00a0Objectif<\/strong> : <em>\u00e0 l&rsquo;issue de la formation, le stagiaire sera capable de rep\u00e9rer les zones r\u00e9flexes, de stimuler ces zones \u00e0 l&rsquo;aide des techniques digitales enseign\u00e9es et de d\u00e9rouler le protocole enseign\u00e9 \u00ab\u00a0le drainage des \u00e9monctoires\u00a0\u00bb en totale autonomie<\/em><\/p>\r\n\r\n\r\n\r\n<p id=\"block-88db2971-7a36-431c-98d3-79d6cdb64601\"><strong><kbd>\u221a M\u00e9thodes p\u00e9dagogiques<\/kbd><\/strong> : <em>alternance entre th\u00e9orie &amp; pratique, expos\u00e9 oral, partage d\u2019exp\u00e9riences, \u00e9tude de cas concrets.<br \/>\u21d2 70% du temps de la formation est r\u00e9serv\u00e9 \u00e0 la pratique pour la ma\u00eetrise de la technique, pratique entre les participants et les consultants volontaires.<\/em><\/p>\r\n\r\n\r\n\r\n<p id=\"block-9120ccf8-2aea-4fc1-b8b2-1a8e4866bc46\">Lors de la 2eme journ\u00e9e, l&rsquo;apr\u00e8s-midi, a lieu un clinicat pendant lequel vous pourrez vous exercer sur des consultants volontaires.<\/p>\r\n\r\n\r\n\r\n<p><strong>M\u00e9thodes d&rsquo;\u00e9valuation<\/strong> : capacit\u00e9 effective du stagiaire d&rsquo;identifier les zones r\u00e9flexes et de d\u00e9rouler le protocole en totale autonomie. Validation sur les stagiaires et consultants volontaires.<\/p>\r\n\r\n\r\n\r\n<p id=\"block-8bf54fbf-fe23-4dd2-865c-2746e29d23e9\"><strong>\u221a <\/strong><em>Attestation<\/em><em>\u00a0: une attestation de formation et une facture sont remises \u00e0 la fin du stage<br \/><br \/><strong><u>\u221a Tarif\u00a0<\/u><\/strong>: 590 \u20ac : 180 \u20ac \u00e0 l\u2019inscription ; 410 \u20ac au plus tard au d\u00e9but de la formation. Paiement par ch\u00e8que, CB, esp\u00e8ces ou virement bancaire.<\/em><\/p>\r\n\r\n\r\n\r\n<p id=\"block-c728cf5d-0439-448a-a87b-f8345e6cb606\"><em>Le tarif comprend le support de formation.<\/em><\/p>\r\n\r\n\r\n\r\n<p id=\"block-3dddfe8e-ff54-4273-9feb-692b663b8933\"><strong><em><u>\u221a Programme complet <\/u><\/em><\/strong><em>: <a href=\"https:\/\/formations-qitao.fr\/Pfr_France_0125.pdf\">t\u00e9l\u00e9chargez le programme format PDF<\/a><\/em><\/p>\r\n\r\n\r\n\r\n\r\n\r\n<p id=\"block-aa4bdeca-b201-464a-8fe7-26261d794008\"><em><strong><u>\u221a <a href=\"https:\/\/qitao.fr\/?page_id=182\">voir les conditions g\u00e9n\u00e9rales de vente<\/a><\/u><\/strong><\/em><\/p>\r\n","protected":false},"excerpt":{"rendered":"<p>\u221a Dur\u00e9e : 2 jours, formation en petit groupe pour permettre une mont\u00e9e en comp\u00e9tences optimum.Jour 1 : th\u00e9orie transmise en visio zoom, en direct live.Jour 2 : journ\u00e9e consacr\u00e9e \u00e0 la pratique pour la mise en oeuvre du protocole de soins. \u221a Lieu : sessions organis\u00e9es r\u00e9guli\u00e8rement, soit \u00e0 Valence (26), soit dans d&rsquo;autres [&hellip;]<\/p>\n","protected":false},"author":1,"featured_media":0,"parent":0,"menu_order":0,"comment_status":"closed","ping_status":"closed","template":"","meta":{"footnotes":""},"class_list":["post-231","page","type-page","status-publish","hentry","post"],"yoast_head":"<!-- This site is optimized with the Yoast SEO plugin v27.4 - https:\/\/yoast.com\/product\/yoast-seo-wordpress\/ -->\n<title>Formation R\u00e9flexologie Plantaire - Qi Tao<\/title>\n<meta name=\"robots\" content=\"index, follow, max-snippet:-1, max-image-preview:large, max-video-preview:-1\" \/>\n<link rel=\"canonical\" href=\"https:\/\/formations-qitao.fr\/?page_id=231\" \/>\n<meta property=\"og:locale\" content=\"fr_FR\" \/>\n<meta property=\"og:type\" content=\"article\" \/>\n<meta property=\"og:title\" content=\"Formation R\u00e9flexologie Plantaire - Qi Tao\" \/>\n<meta property=\"og:description\" content=\"\u221a Dur\u00e9e : 2 jours, formation en petit groupe pour permettre une mont\u00e9e en comp\u00e9tences optimum.Jour 1 : th\u00e9orie transmise en visio zoom, en direct live.Jour 2 : journ\u00e9e consacr\u00e9e \u00e0 la pratique pour la mise en oeuvre du protocole de soins. \u221a Lieu : sessions organis\u00e9es r\u00e9guli\u00e8rement, soit \u00e0 Valence (26), soit dans d&rsquo;autres [&hellip;]\" \/>\n<meta property=\"og:url\" content=\"https:\/\/formations-qitao.fr\/?page_id=231\" \/>\n<meta property=\"og:site_name\" content=\"Qi Tao\" \/>\n<meta property=\"article:modified_time\" content=\"2026-03-29T08:26:43+00:00\" \/>\n<meta property=\"og:image\" content=\"https:\/\/formations-qitao.fr\/wp-content\/uploads\/2021\/04\/reflexo6.jpg\" \/>\n\t<meta property=\"og:image:width\" content=\"619\" \/>\n\t<meta property=\"og:image:height\" content=\"345\" \/>\n\t<meta property=\"og:image:type\" content=\"image\/jpeg\" \/>\n<meta name=\"twitter:card\" content=\"summary_large_image\" \/>\n<meta name=\"twitter:label1\" content=\"Dur\u00e9e de lecture estim\u00e9e\" \/>\n\t<meta name=\"twitter:data1\" content=\"2 minutes\" \/>\n<script type=\"application\/ld+json\" class=\"yoast-schema-graph\">{\"@context\":\"https:\\\/\\\/schema.org\",\"@graph\":[{\"@type\":\"WebPage\",\"@id\":\"https:\\\/\\\/formations-qitao.fr\\\/?page_id=231\",\"url\":\"https:\\\/\\\/formations-qitao.fr\\\/?page_id=231\",\"name\":\"Formation R\u00e9flexologie Plantaire - Qi Tao\",\"isPartOf\":{\"@id\":\"https:\\\/\\\/formations-qitao.fr\\\/#website\"},\"primaryImageOfPage\":{\"@id\":\"https:\\\/\\\/formations-qitao.fr\\\/?page_id=231#primaryimage\"},\"image\":{\"@id\":\"https:\\\/\\\/formations-qitao.fr\\\/?page_id=231#primaryimage\"},\"thumbnailUrl\":\"https:\\\/\\\/qitao.fr\\\/wp-content\\\/uploads\\\/2021\\\/04\\\/reflexo6-600x334.jpg\",\"datePublished\":\"2021-04-16T08:58:56+00:00\",\"dateModified\":\"2026-03-29T08:26:43+00:00\",\"breadcrumb\":{\"@id\":\"https:\\\/\\\/formations-qitao.fr\\\/?page_id=231#breadcrumb\"},\"inLanguage\":\"fr-FR\",\"potentialAction\":[{\"@type\":\"ReadAction\",\"target\":[\"https:\\\/\\\/formations-qitao.fr\\\/?page_id=231\"]}]},{\"@type\":\"ImageObject\",\"inLanguage\":\"fr-FR\",\"@id\":\"https:\\\/\\\/formations-qitao.fr\\\/?page_id=231#primaryimage\",\"url\":\"https:\\\/\\\/qitao.fr\\\/wp-content\\\/uploads\\\/2021\\\/04\\\/reflexo6-600x334.jpg\",\"contentUrl\":\"https:\\\/\\\/qitao.fr\\\/wp-content\\\/uploads\\\/2021\\\/04\\\/reflexo6-600x334.jpg\"},{\"@type\":\"BreadcrumbList\",\"@id\":\"https:\\\/\\\/formations-qitao.fr\\\/?page_id=231#breadcrumb\",\"itemListElement\":[{\"@type\":\"ListItem\",\"position\":1,\"name\":\"Accueil\",\"item\":\"https:\\\/\\\/formations-qitao.fr\\\/\"},{\"@type\":\"ListItem\",\"position\":2,\"name\":\"Formation R\u00e9flexologie Plantaire\"}]},{\"@type\":\"WebSite\",\"@id\":\"https:\\\/\\\/formations-qitao.fr\\\/#website\",\"url\":\"https:\\\/\\\/formations-qitao.fr\\\/\",\"name\":\"Qi Tao\",\"description\":\"La voie de l&#039;\u00e9quilibre\",\"publisher\":{\"@id\":\"https:\\\/\\\/formations-qitao.fr\\\/#organization\"},\"potentialAction\":[{\"@type\":\"SearchAction\",\"target\":{\"@type\":\"EntryPoint\",\"urlTemplate\":\"https:\\\/\\\/formations-qitao.fr\\\/?s={search_term_string}\"},\"query-input\":{\"@type\":\"PropertyValueSpecification\",\"valueRequired\":true,\"valueName\":\"search_term_string\"}}],\"inLanguage\":\"fr-FR\"},{\"@type\":\"Organization\",\"@id\":\"https:\\\/\\\/formations-qitao.fr\\\/#organization\",\"name\":\"Qi Tao\",\"url\":\"https:\\\/\\\/formations-qitao.fr\\\/\",\"logo\":{\"@type\":\"ImageObject\",\"inLanguage\":\"fr-FR\",\"@id\":\"https:\\\/\\\/formations-qitao.fr\\\/#\\\/schema\\\/logo\\\/image\\\/\",\"url\":\"https:\\\/\\\/formations-qitao.fr\\\/wp-content\\\/uploads\\\/2021\\\/02\\\/cropped-cropped-logo_qitao_2-1.jpg\",\"contentUrl\":\"https:\\\/\\\/formations-qitao.fr\\\/wp-content\\\/uploads\\\/2021\\\/02\\\/cropped-cropped-logo_qitao_2-1.jpg\",\"width\":200,\"height\":80,\"caption\":\"Qi Tao\"},\"image\":{\"@id\":\"https:\\\/\\\/formations-qitao.fr\\\/#\\\/schema\\\/logo\\\/image\\\/\"}}]}<\/script>\n<!-- \/ Yoast SEO plugin. -->","yoast_head_json":{"title":"Formation R\u00e9flexologie Plantaire - Qi Tao","robots":{"index":"index","follow":"follow","max-snippet":"max-snippet:-1","max-image-preview":"max-image-preview:large","max-video-preview":"max-video-preview:-1"},"canonical":"https:\/\/formations-qitao.fr\/?page_id=231","og_locale":"fr_FR","og_type":"article","og_title":"Formation R\u00e9flexologie Plantaire - Qi Tao","og_description":"\u221a Dur\u00e9e : 2 jours, formation en petit groupe pour permettre une mont\u00e9e en comp\u00e9tences optimum.Jour 1 : th\u00e9orie transmise en visio zoom, en direct live.Jour 2 : journ\u00e9e consacr\u00e9e \u00e0 la pratique pour la mise en oeuvre du protocole de soins. \u221a Lieu : sessions organis\u00e9es r\u00e9guli\u00e8rement, soit \u00e0 Valence (26), soit dans d&rsquo;autres [&hellip;]","og_url":"https:\/\/formations-qitao.fr\/?page_id=231","og_site_name":"Qi Tao","article_modified_time":"2026-03-29T08:26:43+00:00","og_image":[{"width":619,"height":345,"url":"https:\/\/formations-qitao.fr\/wp-content\/uploads\/2021\/04\/reflexo6.jpg","type":"image\/jpeg"}],"twitter_card":"summary_large_image","twitter_misc":{"Dur\u00e9e de lecture estim\u00e9e":"2 minutes"},"schema":{"@context":"https:\/\/schema.org","@graph":[{"@type":"WebPage","@id":"https:\/\/formations-qitao.fr\/?page_id=231","url":"https:\/\/formations-qitao.fr\/?page_id=231","name":"Formation R\u00e9flexologie Plantaire - Qi Tao","isPartOf":{"@id":"https:\/\/formations-qitao.fr\/#website"},"primaryImageOfPage":{"@id":"https:\/\/formations-qitao.fr\/?page_id=231#primaryimage"},"image":{"@id":"https:\/\/formations-qitao.fr\/?page_id=231#primaryimage"},"thumbnailUrl":"https:\/\/qitao.fr\/wp-content\/uploads\/2021\/04\/reflexo6-600x334.jpg","datePublished":"2021-04-16T08:58:56+00:00","dateModified":"2026-03-29T08:26:43+00:00","breadcrumb":{"@id":"https:\/\/formations-qitao.fr\/?page_id=231#breadcrumb"},"inLanguage":"fr-FR","potentialAction":[{"@type":"ReadAction","target":["https:\/\/formations-qitao.fr\/?page_id=231"]}]},{"@type":"ImageObject","inLanguage":"fr-FR","@id":"https:\/\/formations-qitao.fr\/?page_id=231#primaryimage","url":"https:\/\/qitao.fr\/wp-content\/uploads\/2021\/04\/reflexo6-600x334.jpg","contentUrl":"https:\/\/qitao.fr\/wp-content\/uploads\/2021\/04\/reflexo6-600x334.jpg"},{"@type":"BreadcrumbList","@id":"https:\/\/formations-qitao.fr\/?page_id=231#breadcrumb","itemListElement":[{"@type":"ListItem","position":1,"name":"Accueil","item":"https:\/\/formations-qitao.fr\/"},{"@type":"ListItem","position":2,"name":"Formation R\u00e9flexologie Plantaire"}]},{"@type":"WebSite","@id":"https:\/\/formations-qitao.fr\/#website","url":"https:\/\/formations-qitao.fr\/","name":"Qi Tao","description":"La voie de l&#039;\u00e9quilibre","publisher":{"@id":"https:\/\/formations-qitao.fr\/#organization"},"potentialAction":[{"@type":"SearchAction","target":{"@type":"EntryPoint","urlTemplate":"https:\/\/formations-qitao.fr\/?s={search_term_string}"},"query-input":{"@type":"PropertyValueSpecification","valueRequired":true,"valueName":"search_term_string"}}],"inLanguage":"fr-FR"},{"@type":"Organization","@id":"https:\/\/formations-qitao.fr\/#organization","name":"Qi Tao","url":"https:\/\/formations-qitao.fr\/","logo":{"@type":"ImageObject","inLanguage":"fr-FR","@id":"https:\/\/formations-qitao.fr\/#\/schema\/logo\/image\/","url":"https:\/\/formations-qitao.fr\/wp-content\/uploads\/2021\/02\/cropped-cropped-logo_qitao_2-1.jpg","contentUrl":"https:\/\/formations-qitao.fr\/wp-content\/uploads\/2021\/02\/cropped-cropped-logo_qitao_2-1.jpg","width":200,"height":80,"caption":"Qi Tao"},"image":{"@id":"https:\/\/formations-qitao.fr\/#\/schema\/logo\/image\/"}}]}},"_links":{"self":[{"href":"https:\/\/formations-qitao.fr\/index.php?rest_route=\/wp\/v2\/pages\/231","targetHints":{"allow":["GET"]}}],"collection":[{"href":"https:\/\/formations-qitao.fr\/index.php?rest_route=\/wp\/v2\/pages"}],"about":[{"href":"https:\/\/formations-qitao.fr\/index.php?rest_route=\/wp\/v2\/types\/page"}],"author":[{"embeddable":true,"href":"https:\/\/formations-qitao.fr\/index.php?rest_route=\/wp\/v2\/users\/1"}],"replies":[{"embeddable":true,"href":"https:\/\/formations-qitao.fr\/index.php?rest_route=%2Fwp%2Fv2%2Fcomments&post=231"}],"version-history":[{"count":21,"href":"https:\/\/formations-qitao.fr\/index.php?rest_route=\/wp\/v2\/pages\/231\/revisions"}],"predecessor-version":[{"id":1272,"href":"https:\/\/formations-qitao.fr\/index.php?rest_route=\/wp\/v2\/pages\/231\/revisions\/1272"}],"wp:attachment":[{"href":"https:\/\/formations-qitao.fr\/index.php?rest_route=%2Fwp%2Fv2%2Fmedia&parent=231"}],"curies":[{"name":"wp","href":"https:\/\/api.w.org\/{rel}","templated":true}]}}