{"id":38,"date":"2021-02-01T14:01:37","date_gmt":"2021-02-01T13:01:37","guid":{"rendered":"http:\/\/qitao.fr\/?page_id=38"},"modified":"2025-07-21T07:48:49","modified_gmt":"2025-07-21T05:48:49","slug":"contact","status":"publish","type":"page","link":"https:\/\/formations-qitao.fr\/?page_id=38","title":{"rendered":"Contact"},"content":{"rendered":"\n<p>Les informations recueillies dans ce formulaire sont \u00e0 strict usage interne pour permettre d\u2019apporter la r\u00e9ponse \u00e0 la demande formul\u00e9e dans les plus brefs d\u00e9lais. En aucun cas ces coordonn\u00e9es ne sauraient \u00eatre c\u00e9d\u00e9es ou un transmises \u00e0 un tiers. Par ailleurs, conform\u00e9ment \u00e0 l\u2019article L 223-2 du Code de la Consommation, vous disposez du droit \u00e0 vous inscrire sur la liste d\u2019opposition au d\u00e9marchage t\u00e9l\u00e9phonique.<\/p>\n\n\n\n<div class=\"wp-block-contact-form-7-contact-form-selector\">\n<div class=\"wpcf7 no-js\" id=\"wpcf7-f37-o1\" lang=\"fr-FR\" dir=\"ltr\" data-wpcf7-id=\"37\">\n<div class=\"screen-reader-response\"><p role=\"status\" aria-live=\"polite\" aria-atomic=\"true\"><\/p> <ul><\/ul><\/div>\n<form action=\"\/index.php?rest_route=%2Fwp%2Fv2%2Fpages%2F38#wpcf7-f37-o1\" method=\"post\" class=\"wpcf7-form init\" aria-label=\"Formulaire de contact\" novalidate=\"novalidate\" data-status=\"init\">\n<fieldset class=\"hidden-fields-container\"><input type=\"hidden\" name=\"_wpcf7\" value=\"37\" \/><input type=\"hidden\" name=\"_wpcf7_version\" value=\"6.1.5\" \/><input type=\"hidden\" name=\"_wpcf7_locale\" value=\"fr_FR\" \/><input type=\"hidden\" name=\"_wpcf7_unit_tag\" value=\"wpcf7-f37-o1\" \/><input type=\"hidden\" name=\"_wpcf7_container_post\" value=\"0\" \/><input type=\"hidden\" name=\"_wpcf7_posted_data_hash\" value=\"\" \/><input type=\"hidden\" name=\"_wpcf7_recaptcha_response\" value=\"\" \/>\n<\/fieldset>\n<p><label> Votre nom<br \/>\n<span class=\"wpcf7-form-control-wrap\" data-name=\"your-name\"><input size=\"40\" maxlength=\"400\" class=\"wpcf7-form-control wpcf7-text wpcf7-validates-as-required\" aria-required=\"true\" aria-invalid=\"false\" value=\"\" type=\"text\" name=\"your-name\" \/><\/span> <\/label>\n<\/p>\n<p><label> Votre e-mail<br \/>\n<span class=\"wpcf7-form-control-wrap\" data-name=\"your-email\"><input size=\"40\" maxlength=\"400\" class=\"wpcf7-form-control wpcf7-email wpcf7-validates-as-required wpcf7-text wpcf7-validates-as-email\" aria-required=\"true\" aria-invalid=\"false\" value=\"\" type=\"email\" name=\"your-email\" \/><\/span> <\/label>\n<\/p>\n<p><label> Objet - Choisissez le motif de contact dans le menu d\u00e9roulant<br \/>\n<span class=\"wpcf7-form-control-wrap\" data-name=\"select-746\"><select class=\"wpcf7-form-control wpcf7-select\" aria-invalid=\"false\" name=\"select-746\"><option value=\"Demande d&#039;informations formation\">Demande d&#039;informations formation<\/option><option value=\"suivi dossier formation\">suivi dossier formation<\/option><option value=\"R\u00e9clamations\">R\u00e9clamations<\/option><\/select><\/span> <\/label>\n<\/p>\n<p><label> Votre message (facultatif)<br \/>\n<span class=\"wpcf7-form-control-wrap\" data-name=\"your-message\"><textarea cols=\"40\" rows=\"10\" maxlength=\"2000\" class=\"wpcf7-form-control wpcf7-textarea\" aria-invalid=\"false\" name=\"your-message\"><\/textarea><\/span> <\/label>\n<\/p>\n<p><span class=\"wpcf7-form-control-wrap\" data-name=\"acceptance-592\"><span class=\"wpcf7-form-control wpcf7-acceptance\"><span class=\"wpcf7-list-item\"><label><input type=\"checkbox\" name=\"acceptance-592\" value=\"1\" aria-invalid=\"false\" \/><span class=\"wpcf7-list-item-label\">En soumettant ce formulaire, j'accepte que les informations saisies soient trait\u00e9es par Qi Tao dans le cadre de ma demande de contact et de la relation commerciale qui peut en d\u00e9couler. En savoir plus en consultant notre politique de confidentialit\u00e9.*<\/span><\/label><\/span><\/span><\/span>\n<\/p>\n<p><input class=\"wpcf7-form-control wpcf7-submit has-spinner\" type=\"submit\" value=\"Envoyer\" \/>\n<\/p>\n<p><small> Ce site est prot\u00e9g\u00e9 par reCAPTCHA et Google. La <a href=\"https:\/\/policies.google.com\/privacy\">politique de confidentialit\u00e9<\/a> et les <a href=\"https:\/\/policies.google.com\/terms\">conditions d'utilisation<\/a> s'appliquent.<\/small>\n<\/p><p style=\"display: none !important;\" class=\"akismet-fields-container\" data-prefix=\"_wpcf7_ak_\"><label>&#916;<textarea name=\"_wpcf7_ak_hp_textarea\" cols=\"45\" rows=\"8\" maxlength=\"100\"><\/textarea><\/label><input type=\"hidden\" id=\"ak_js_1\" name=\"_wpcf7_ak_js\" value=\"213\"\/><script type=\"text\/javascript\">\n\/* <![CDATA[ *\/\ndocument.getElementById( \"ak_js_1\" ).setAttribute( \"value\", ( new Date() ).getTime() );\n\/* ]]> *\/\n<\/script>\n<\/p><div class=\"wpcf7-response-output\" aria-hidden=\"true\"><\/div>\n<\/form>\n<\/div>\n<\/div>\n","protected":false},"excerpt":{"rendered":"<p>Les informations recueillies dans ce formulaire sont \u00e0 strict usage interne pour permettre d\u2019apporter la r\u00e9ponse \u00e0 la demande formul\u00e9e dans les plus brefs d\u00e9lais. En aucun cas ces coordonn\u00e9es ne sauraient \u00eatre c\u00e9d\u00e9es ou un transmises \u00e0 un tiers. Par ailleurs, conform\u00e9ment \u00e0 l\u2019article L 223-2 du Code de la Consommation, vous disposez du [&hellip;]<\/p>\n","protected":false},"author":1,"featured_media":0,"parent":0,"menu_order":0,"comment_status":"closed","ping_status":"closed","template":"","meta":{"footnotes":""},"class_list":["post-38","page","type-page","status-publish","hentry","post"],"yoast_head":"<!-- This site is optimized with the Yoast SEO plugin v27.4 - https:\/\/yoast.com\/product\/yoast-seo-wordpress\/ -->\n<title>Contact - Qi Tao<\/title>\n<meta name=\"robots\" content=\"index, follow, max-snippet:-1, max-image-preview:large, max-video-preview:-1\" \/>\n<link rel=\"canonical\" href=\"https:\/\/formations-qitao.fr\/?page_id=38\" \/>\n<meta property=\"og:locale\" content=\"fr_FR\" \/>\n<meta property=\"og:type\" content=\"article\" \/>\n<meta property=\"og:title\" content=\"Contact - Qi Tao\" \/>\n<meta property=\"og:description\" content=\"Les informations recueillies dans ce formulaire sont \u00e0 strict usage interne pour permettre d\u2019apporter la r\u00e9ponse \u00e0 la demande formul\u00e9e dans les plus brefs d\u00e9lais. En aucun cas ces coordonn\u00e9es ne sauraient \u00eatre c\u00e9d\u00e9es ou un transmises \u00e0 un tiers. Par ailleurs, conform\u00e9ment \u00e0 l\u2019article L 223-2 du Code de la Consommation, vous disposez du [&hellip;]\" \/>\n<meta property=\"og:url\" content=\"https:\/\/formations-qitao.fr\/?page_id=38\" \/>\n<meta property=\"og:site_name\" content=\"Qi Tao\" \/>\n<meta property=\"article:modified_time\" content=\"2025-07-21T05:48:49+00:00\" \/>\n<meta name=\"twitter:card\" content=\"summary_large_image\" \/>\n<script type=\"application\/ld+json\" class=\"yoast-schema-graph\">{\"@context\":\"https:\\\/\\\/schema.org\",\"@graph\":[{\"@type\":\"WebPage\",\"@id\":\"https:\\\/\\\/formations-qitao.fr\\\/?page_id=38\",\"url\":\"https:\\\/\\\/formations-qitao.fr\\\/?page_id=38\",\"name\":\"Contact - Qi Tao\",\"isPartOf\":{\"@id\":\"https:\\\/\\\/formations-qitao.fr\\\/#website\"},\"datePublished\":\"2021-02-01T13:01:37+00:00\",\"dateModified\":\"2025-07-21T05:48:49+00:00\",\"breadcrumb\":{\"@id\":\"https:\\\/\\\/formations-qitao.fr\\\/?page_id=38#breadcrumb\"},\"inLanguage\":\"fr-FR\",\"potentialAction\":[{\"@type\":\"ReadAction\",\"target\":[\"https:\\\/\\\/formations-qitao.fr\\\/?page_id=38\"]}]},{\"@type\":\"BreadcrumbList\",\"@id\":\"https:\\\/\\\/formations-qitao.fr\\\/?page_id=38#breadcrumb\",\"itemListElement\":[{\"@type\":\"ListItem\",\"position\":1,\"name\":\"Accueil\",\"item\":\"https:\\\/\\\/formations-qitao.fr\\\/\"},{\"@type\":\"ListItem\",\"position\":2,\"name\":\"Contact\"}]},{\"@type\":\"WebSite\",\"@id\":\"https:\\\/\\\/formations-qitao.fr\\\/#website\",\"url\":\"https:\\\/\\\/formations-qitao.fr\\\/\",\"name\":\"Qi Tao\",\"description\":\"La voie de l&#039;\u00e9quilibre\",\"publisher\":{\"@id\":\"https:\\\/\\\/formations-qitao.fr\\\/#organization\"},\"potentialAction\":[{\"@type\":\"SearchAction\",\"target\":{\"@type\":\"EntryPoint\",\"urlTemplate\":\"https:\\\/\\\/formations-qitao.fr\\\/?s={search_term_string}\"},\"query-input\":{\"@type\":\"PropertyValueSpecification\",\"valueRequired\":true,\"valueName\":\"search_term_string\"}}],\"inLanguage\":\"fr-FR\"},{\"@type\":\"Organization\",\"@id\":\"https:\\\/\\\/formations-qitao.fr\\\/#organization\",\"name\":\"Qi Tao\",\"url\":\"https:\\\/\\\/formations-qitao.fr\\\/\",\"logo\":{\"@type\":\"ImageObject\",\"inLanguage\":\"fr-FR\",\"@id\":\"https:\\\/\\\/formations-qitao.fr\\\/#\\\/schema\\\/logo\\\/image\\\/\",\"url\":\"https:\\\/\\\/formations-qitao.fr\\\/wp-content\\\/uploads\\\/2021\\\/02\\\/cropped-cropped-logo_qitao_2-1.jpg\",\"contentUrl\":\"https:\\\/\\\/formations-qitao.fr\\\/wp-content\\\/uploads\\\/2021\\\/02\\\/cropped-cropped-logo_qitao_2-1.jpg\",\"width\":200,\"height\":80,\"caption\":\"Qi Tao\"},\"image\":{\"@id\":\"https:\\\/\\\/formations-qitao.fr\\\/#\\\/schema\\\/logo\\\/image\\\/\"}}]}<\/script>\n<!-- \/ Yoast SEO plugin. -->","yoast_head_json":{"title":"Contact - Qi Tao","robots":{"index":"index","follow":"follow","max-snippet":"max-snippet:-1","max-image-preview":"max-image-preview:large","max-video-preview":"max-video-preview:-1"},"canonical":"https:\/\/formations-qitao.fr\/?page_id=38","og_locale":"fr_FR","og_type":"article","og_title":"Contact - Qi Tao","og_description":"Les informations recueillies dans ce formulaire sont \u00e0 strict usage interne pour permettre d\u2019apporter la r\u00e9ponse \u00e0 la demande formul\u00e9e dans les plus brefs d\u00e9lais. En aucun cas ces coordonn\u00e9es ne sauraient \u00eatre c\u00e9d\u00e9es ou un transmises \u00e0 un tiers. Par ailleurs, conform\u00e9ment \u00e0 l\u2019article L 223-2 du Code de la Consommation, vous disposez du [&hellip;]","og_url":"https:\/\/formations-qitao.fr\/?page_id=38","og_site_name":"Qi Tao","article_modified_time":"2025-07-21T05:48:49+00:00","twitter_card":"summary_large_image","schema":{"@context":"https:\/\/schema.org","@graph":[{"@type":"WebPage","@id":"https:\/\/formations-qitao.fr\/?page_id=38","url":"https:\/\/formations-qitao.fr\/?page_id=38","name":"Contact - Qi Tao","isPartOf":{"@id":"https:\/\/formations-qitao.fr\/#website"},"datePublished":"2021-02-01T13:01:37+00:00","dateModified":"2025-07-21T05:48:49+00:00","breadcrumb":{"@id":"https:\/\/formations-qitao.fr\/?page_id=38#breadcrumb"},"inLanguage":"fr-FR","potentialAction":[{"@type":"ReadAction","target":["https:\/\/formations-qitao.fr\/?page_id=38"]}]},{"@type":"BreadcrumbList","@id":"https:\/\/formations-qitao.fr\/?page_id=38#breadcrumb","itemListElement":[{"@type":"ListItem","position":1,"name":"Accueil","item":"https:\/\/formations-qitao.fr\/"},{"@type":"ListItem","position":2,"name":"Contact"}]},{"@type":"WebSite","@id":"https:\/\/formations-qitao.fr\/#website","url":"https:\/\/formations-qitao.fr\/","name":"Qi Tao","description":"La voie de l&#039;\u00e9quilibre","publisher":{"@id":"https:\/\/formations-qitao.fr\/#organization"},"potentialAction":[{"@type":"SearchAction","target":{"@type":"EntryPoint","urlTemplate":"https:\/\/formations-qitao.fr\/?s={search_term_string}"},"query-input":{"@type":"PropertyValueSpecification","valueRequired":true,"valueName":"search_term_string"}}],"inLanguage":"fr-FR"},{"@type":"Organization","@id":"https:\/\/formations-qitao.fr\/#organization","name":"Qi Tao","url":"https:\/\/formations-qitao.fr\/","logo":{"@type":"ImageObject","inLanguage":"fr-FR","@id":"https:\/\/formations-qitao.fr\/#\/schema\/logo\/image\/","url":"https:\/\/formations-qitao.fr\/wp-content\/uploads\/2021\/02\/cropped-cropped-logo_qitao_2-1.jpg","contentUrl":"https:\/\/formations-qitao.fr\/wp-content\/uploads\/2021\/02\/cropped-cropped-logo_qitao_2-1.jpg","width":200,"height":80,"caption":"Qi Tao"},"image":{"@id":"https:\/\/formations-qitao.fr\/#\/schema\/logo\/image\/"}}]}},"_links":{"self":[{"href":"https:\/\/formations-qitao.fr\/index.php?rest_route=\/wp\/v2\/pages\/38","targetHints":{"allow":["GET"]}}],"collection":[{"href":"https:\/\/formations-qitao.fr\/index.php?rest_route=\/wp\/v2\/pages"}],"about":[{"href":"https:\/\/formations-qitao.fr\/index.php?rest_route=\/wp\/v2\/types\/page"}],"author":[{"embeddable":true,"href":"https:\/\/formations-qitao.fr\/index.php?rest_route=\/wp\/v2\/users\/1"}],"replies":[{"embeddable":true,"href":"https:\/\/formations-qitao.fr\/index.php?rest_route=%2Fwp%2Fv2%2Fcomments&post=38"}],"version-history":[{"count":5,"href":"https:\/\/formations-qitao.fr\/index.php?rest_route=\/wp\/v2\/pages\/38\/revisions"}],"predecessor-version":[{"id":1117,"href":"https:\/\/formations-qitao.fr\/index.php?rest_route=\/wp\/v2\/pages\/38\/revisions\/1117"}],"wp:attachment":[{"href":"https:\/\/formations-qitao.fr\/index.php?rest_route=%2Fwp%2Fv2%2Fmedia&parent=38"}],"curies":[{"name":"wp","href":"https:\/\/api.w.org\/{rel}","templated":true}]}}