{"id":658,"date":"2024-03-28T15:52:41","date_gmt":"2024-03-28T14:52:41","guid":{"rendered":"https:\/\/qitao.fr\/?page_id=658"},"modified":"2026-03-29T16:25:33","modified_gmt":"2026-03-29T14:25:33","slug":"auriculotherapie-niveau-2-perfectionnement","status":"publish","type":"page","link":"https:\/\/formations-qitao.fr\/?page_id=658","title":{"rendered":"Formation R\u00e9flexologie &#8211; niveau 2 perfectionnement int\u00e9gration m\u00e9decine chinoise"},"content":{"rendered":"\r\n<figure class=\"wp-block-gallery has-nested-images columns-default is-cropped wp-block-gallery-1 is-layout-flex wp-block-gallery-is-layout-flex\">\r\n<p><img loading=\"lazy\" decoding=\"async\" data-id=\"659\" class=\" wp-image-659\" src=\"https:\/\/formations-qitao.fr\/wp-content\/uploads\/2024\/03\/singe-medecine-traditionnelle-chinoise-300x86.jpg\" alt=\"\" width=\"698\" height=\"200\" srcset=\"https:\/\/formations-qitao.fr\/wp-content\/uploads\/2024\/03\/singe-medecine-traditionnelle-chinoise-300x86.jpg 300w, https:\/\/formations-qitao.fr\/wp-content\/uploads\/2024\/03\/singe-medecine-traditionnelle-chinoise-600x173.jpg 600w, https:\/\/formations-qitao.fr\/wp-content\/uploads\/2024\/03\/singe-medecine-traditionnelle-chinoise-768x221.jpg 768w, https:\/\/formations-qitao.fr\/wp-content\/uploads\/2024\/03\/singe-medecine-traditionnelle-chinoise.jpg 1000w\" sizes=\"auto, (max-width: 698px) 100vw, 698px\" \/><\/p>\r\n<\/figure>\r\n\r\n\r\n\r\n<p>&nbsp;<\/p>\r\n<table style=\"border-collapse: collapse; width: 100%; height: 51px;\">\r\n<tbody>\r\n<tr style=\"height: 51px;\">\r\n<td style=\"width: 100%; height: 51px;\">\r\n<p>Cette formation est destin\u00e9e aux personnes souhaitant int\u00e9grer les r\u00e8gles de la M\u00e9decine Traditionnelle Chinoise dans leur pratique de la r\u00e9flexologie auriculaire ou auriculoth\u00e9rapie, pour optimiser le plan de traitement de leurs consultants, et d\u00e9cupler ainsi les r\u00e9sultats.<\/p>\r\n<em>Cette formation vous permettra de d\u00e9couvrir cette pratique <\/em><em>ancestrale et<\/em> <strong><em><u>vous donnera les cl\u00e9s pour une vie en harmonie au quotidien au travers d&rsquo;une meilleure alimentation, une hygi\u00e8ne de vie adapt\u00e9e et une gestion des \u00e9motions \u00e9quilibr\u00e9e.<\/u><\/em><\/strong><strong><em><u><br \/><br \/><\/u><\/em><\/strong><\/td>\r\n<\/tr>\r\n<\/tbody>\r\n<\/table>\r\n<p><span style=\"text-decoration: underline;\"><strong>\u221a Dur\u00e9e<\/strong><\/span> : Cette formation est r\u00e9alis\u00e9e en distanciel, via zoom au travers de 4 sessions de 3h chacune.\u00a0\u00a0<\/p>\r\n<p><span style=\"text-decoration: underline;\"><strong>\u221a Lieu<\/strong><\/span><strong> :<\/strong> en distanciel via zoom, en direct live, pas de replay, pas d&rsquo;enregistrement.<\/p>\r\n<p><span style=\"text-decoration: underline;\"><strong>\u221a Pr\u00e9requis<\/strong><\/span><strong> : <\/strong>pour pouvoir participer \u00e0 ce module, le stagiaire doit avoir suivi une formation en r\u00e9flexologie auriculaire, il doit conna\u00eetre la cartographie de l&rsquo;oreille et savoir utiliser un moyen de traitement pour mettre en oeuvre un soin.<br \/><br \/><strong style=\"font-size: inherit;\"><span style=\"text-decoration: underline;\">\u221a Objectif<\/span><\/strong><span style=\"font-size: inherit;\"> : <\/span><em style=\"font-size: inherit;\">\u00e0 l&rsquo;issue de la formation, le stagiaire sera capable d&rsquo;optimiser le bilan \u00e9nerg\u00e9tique du consultant en int\u00e9grant les pr\u00e9ceptes et la th\u00e9orie fondamentale de la m\u00e9decine chinoise dans le but de maximiser le r\u00e9sultat du soin.\u00a0<\/em><\/p>\r\n<p><span style=\"text-decoration: underline;\"><strong>\u221a M\u00e9thodes p\u00e9dagogiques<\/strong><\/span> : <em>alternance entre th\u00e9orie &amp; pratique, expos\u00e9 oral, partage d\u2019exp\u00e9riences, \u00e9tude de cas concrets.<br \/><\/em><\/p>\r\n<p><span style=\"text-decoration: underline;\"><strong>\u221a Evaluation<\/strong><\/span> : au travers de questions\/r\u00e9ponses, v\u00e9rification de l&rsquo;acquisition des connaissances lors de chaque session vid\u00e9o.<\/p>\r\n<p><strong><u><span style=\"text-decoration: underline;\">\u221a <\/span>Attestation<\/u><\/strong><em> : une attestation de formation et une facture sont remises \u00e0 la fin du stage<br \/><br \/><strong><u><span style=\"text-decoration: underline;\">\u221a <\/span>Tarif\u00a0<\/u><\/strong>: 590 \u20ac\u00a0 ; <br \/>tarif pr\u00e9f\u00e9rentiel pour les personnes ayant suivi le module 1 Pratique de l&rsquo;Auriculoth\u00e9rapie <br \/>chez Qi Tao : 450 \u20ac.<\/em><\/p>\r\n<p><strong><em><u><span style=\"text-decoration: underline;\">\u221a <\/span>Programme complet <\/u><\/em><\/strong><em>: <a href=\"https:\/\/formations-qitao.fr\/Pfa_niv2_France_0125.pdf\">t\u00e9l\u00e9chargez le programme format PDF <\/a><\/em><\/p>\r\n<p>&nbsp;<\/p>\r\n<p>&nbsp;<\/p>\r\n","protected":false},"excerpt":{"rendered":"<p>&nbsp; Cette formation est destin\u00e9e aux personnes souhaitant int\u00e9grer les r\u00e8gles de la M\u00e9decine Traditionnelle Chinoise dans leur pratique de la r\u00e9flexologie auriculaire ou auriculoth\u00e9rapie, pour optimiser le plan de traitement de leurs consultants, et d\u00e9cupler ainsi les r\u00e9sultats. Cette formation vous permettra de d\u00e9couvrir cette pratique ancestrale et vous donnera les cl\u00e9s pour une [&hellip;]<\/p>\n","protected":false},"author":1,"featured_media":0,"parent":0,"menu_order":0,"comment_status":"closed","ping_status":"closed","template":"","meta":{"footnotes":""},"class_list":["post-658","page","type-page","status-publish","hentry","post"],"yoast_head":"<!-- This site is optimized with the Yoast SEO plugin v27.4 - https:\/\/yoast.com\/product\/yoast-seo-wordpress\/ -->\n<title>Formation R\u00e9flexologie - niveau 2 perfectionnement int\u00e9gration m\u00e9decine chinoise - Qi Tao<\/title>\n<meta name=\"robots\" content=\"index, follow, max-snippet:-1, max-image-preview:large, max-video-preview:-1\" \/>\n<link rel=\"canonical\" href=\"https:\/\/formations-qitao.fr\/?page_id=658\" \/>\n<meta property=\"og:locale\" content=\"fr_FR\" \/>\n<meta property=\"og:type\" content=\"article\" \/>\n<meta property=\"og:title\" content=\"Formation R\u00e9flexologie - niveau 2 perfectionnement int\u00e9gration m\u00e9decine chinoise - Qi Tao\" \/>\n<meta property=\"og:description\" content=\"&nbsp; Cette formation est destin\u00e9e aux personnes souhaitant int\u00e9grer les r\u00e8gles de la M\u00e9decine Traditionnelle Chinoise dans leur pratique de la r\u00e9flexologie auriculaire ou auriculoth\u00e9rapie, pour optimiser le plan de traitement de leurs consultants, et d\u00e9cupler ainsi les r\u00e9sultats. Cette formation vous permettra de d\u00e9couvrir cette pratique ancestrale et vous donnera les cl\u00e9s pour une [&hellip;]\" \/>\n<meta property=\"og:url\" content=\"https:\/\/formations-qitao.fr\/?page_id=658\" \/>\n<meta property=\"og:site_name\" content=\"Qi Tao\" \/>\n<meta property=\"article:modified_time\" content=\"2026-03-29T14:25:33+00:00\" \/>\n<meta property=\"og:image\" content=\"https:\/\/formations-qitao.fr\/wp-content\/uploads\/2024\/03\/singe-medecine-traditionnelle-chinoise.jpg\" \/>\n\t<meta property=\"og:image:width\" content=\"1000\" \/>\n\t<meta property=\"og:image:height\" content=\"288\" \/>\n\t<meta property=\"og:image:type\" content=\"image\/jpeg\" \/>\n<meta name=\"twitter:card\" content=\"summary_large_image\" \/>\n<meta name=\"twitter:label1\" content=\"Dur\u00e9e de lecture estim\u00e9e\" \/>\n\t<meta name=\"twitter:data1\" content=\"2 minutes\" \/>\n<script type=\"application\/ld+json\" class=\"yoast-schema-graph\">{\"@context\":\"https:\\\/\\\/schema.org\",\"@graph\":[{\"@type\":\"WebPage\",\"@id\":\"https:\\\/\\\/formations-qitao.fr\\\/?page_id=658\",\"url\":\"https:\\\/\\\/formations-qitao.fr\\\/?page_id=658\",\"name\":\"Formation R\u00e9flexologie - niveau 2 perfectionnement int\u00e9gration m\u00e9decine chinoise - Qi Tao\",\"isPartOf\":{\"@id\":\"https:\\\/\\\/formations-qitao.fr\\\/#website\"},\"primaryImageOfPage\":{\"@id\":\"https:\\\/\\\/formations-qitao.fr\\\/?page_id=658#primaryimage\"},\"image\":{\"@id\":\"https:\\\/\\\/formations-qitao.fr\\\/?page_id=658#primaryimage\"},\"thumbnailUrl\":\"https:\\\/\\\/formations-qitao.fr\\\/wp-content\\\/uploads\\\/2024\\\/03\\\/singe-medecine-traditionnelle-chinoise-300x86.jpg\",\"datePublished\":\"2024-03-28T14:52:41+00:00\",\"dateModified\":\"2026-03-29T14:25:33+00:00\",\"breadcrumb\":{\"@id\":\"https:\\\/\\\/formations-qitao.fr\\\/?page_id=658#breadcrumb\"},\"inLanguage\":\"fr-FR\",\"potentialAction\":[{\"@type\":\"ReadAction\",\"target\":[\"https:\\\/\\\/formations-qitao.fr\\\/?page_id=658\"]}]},{\"@type\":\"ImageObject\",\"inLanguage\":\"fr-FR\",\"@id\":\"https:\\\/\\\/formations-qitao.fr\\\/?page_id=658#primaryimage\",\"url\":\"https:\\\/\\\/formations-qitao.fr\\\/wp-content\\\/uploads\\\/2024\\\/03\\\/singe-medecine-traditionnelle-chinoise.jpg\",\"contentUrl\":\"https:\\\/\\\/formations-qitao.fr\\\/wp-content\\\/uploads\\\/2024\\\/03\\\/singe-medecine-traditionnelle-chinoise.jpg\",\"width\":1000,\"height\":288,\"caption\":\"singe astrologie chinoise le singe medecine traditionnelle chinoise\"},{\"@type\":\"BreadcrumbList\",\"@id\":\"https:\\\/\\\/formations-qitao.fr\\\/?page_id=658#breadcrumb\",\"itemListElement\":[{\"@type\":\"ListItem\",\"position\":1,\"name\":\"Accueil\",\"item\":\"https:\\\/\\\/formations-qitao.fr\\\/\"},{\"@type\":\"ListItem\",\"position\":2,\"name\":\"Formation R\u00e9flexologie &#8211; niveau 2 perfectionnement int\u00e9gration m\u00e9decine chinoise\"}]},{\"@type\":\"WebSite\",\"@id\":\"https:\\\/\\\/formations-qitao.fr\\\/#website\",\"url\":\"https:\\\/\\\/formations-qitao.fr\\\/\",\"name\":\"Qi Tao\",\"description\":\"La voie de l&#039;\u00e9quilibre\",\"publisher\":{\"@id\":\"https:\\\/\\\/formations-qitao.fr\\\/#organization\"},\"potentialAction\":[{\"@type\":\"SearchAction\",\"target\":{\"@type\":\"EntryPoint\",\"urlTemplate\":\"https:\\\/\\\/formations-qitao.fr\\\/?s={search_term_string}\"},\"query-input\":{\"@type\":\"PropertyValueSpecification\",\"valueRequired\":true,\"valueName\":\"search_term_string\"}}],\"inLanguage\":\"fr-FR\"},{\"@type\":\"Organization\",\"@id\":\"https:\\\/\\\/formations-qitao.fr\\\/#organization\",\"name\":\"Qi Tao\",\"url\":\"https:\\\/\\\/formations-qitao.fr\\\/\",\"logo\":{\"@type\":\"ImageObject\",\"inLanguage\":\"fr-FR\",\"@id\":\"https:\\\/\\\/formations-qitao.fr\\\/#\\\/schema\\\/logo\\\/image\\\/\",\"url\":\"https:\\\/\\\/formations-qitao.fr\\\/wp-content\\\/uploads\\\/2021\\\/02\\\/cropped-cropped-logo_qitao_2-1.jpg\",\"contentUrl\":\"https:\\\/\\\/formations-qitao.fr\\\/wp-content\\\/uploads\\\/2021\\\/02\\\/cropped-cropped-logo_qitao_2-1.jpg\",\"width\":200,\"height\":80,\"caption\":\"Qi Tao\"},\"image\":{\"@id\":\"https:\\\/\\\/formations-qitao.fr\\\/#\\\/schema\\\/logo\\\/image\\\/\"}}]}<\/script>\n<!-- \/ Yoast SEO plugin. -->","yoast_head_json":{"title":"Formation R\u00e9flexologie - niveau 2 perfectionnement int\u00e9gration m\u00e9decine chinoise - Qi Tao","robots":{"index":"index","follow":"follow","max-snippet":"max-snippet:-1","max-image-preview":"max-image-preview:large","max-video-preview":"max-video-preview:-1"},"canonical":"https:\/\/formations-qitao.fr\/?page_id=658","og_locale":"fr_FR","og_type":"article","og_title":"Formation R\u00e9flexologie - niveau 2 perfectionnement int\u00e9gration m\u00e9decine chinoise - Qi Tao","og_description":"&nbsp; Cette formation est destin\u00e9e aux personnes souhaitant int\u00e9grer les r\u00e8gles de la M\u00e9decine Traditionnelle Chinoise dans leur pratique de la r\u00e9flexologie auriculaire ou auriculoth\u00e9rapie, pour optimiser le plan de traitement de leurs consultants, et d\u00e9cupler ainsi les r\u00e9sultats. Cette formation vous permettra de d\u00e9couvrir cette pratique ancestrale et vous donnera les cl\u00e9s pour une [&hellip;]","og_url":"https:\/\/formations-qitao.fr\/?page_id=658","og_site_name":"Qi Tao","article_modified_time":"2026-03-29T14:25:33+00:00","og_image":[{"width":1000,"height":288,"url":"https:\/\/formations-qitao.fr\/wp-content\/uploads\/2024\/03\/singe-medecine-traditionnelle-chinoise.jpg","type":"image\/jpeg"}],"twitter_card":"summary_large_image","twitter_misc":{"Dur\u00e9e de lecture estim\u00e9e":"2 minutes"},"schema":{"@context":"https:\/\/schema.org","@graph":[{"@type":"WebPage","@id":"https:\/\/formations-qitao.fr\/?page_id=658","url":"https:\/\/formations-qitao.fr\/?page_id=658","name":"Formation R\u00e9flexologie - niveau 2 perfectionnement int\u00e9gration m\u00e9decine chinoise - Qi Tao","isPartOf":{"@id":"https:\/\/formations-qitao.fr\/#website"},"primaryImageOfPage":{"@id":"https:\/\/formations-qitao.fr\/?page_id=658#primaryimage"},"image":{"@id":"https:\/\/formations-qitao.fr\/?page_id=658#primaryimage"},"thumbnailUrl":"https:\/\/formations-qitao.fr\/wp-content\/uploads\/2024\/03\/singe-medecine-traditionnelle-chinoise-300x86.jpg","datePublished":"2024-03-28T14:52:41+00:00","dateModified":"2026-03-29T14:25:33+00:00","breadcrumb":{"@id":"https:\/\/formations-qitao.fr\/?page_id=658#breadcrumb"},"inLanguage":"fr-FR","potentialAction":[{"@type":"ReadAction","target":["https:\/\/formations-qitao.fr\/?page_id=658"]}]},{"@type":"ImageObject","inLanguage":"fr-FR","@id":"https:\/\/formations-qitao.fr\/?page_id=658#primaryimage","url":"https:\/\/formations-qitao.fr\/wp-content\/uploads\/2024\/03\/singe-medecine-traditionnelle-chinoise.jpg","contentUrl":"https:\/\/formations-qitao.fr\/wp-content\/uploads\/2024\/03\/singe-medecine-traditionnelle-chinoise.jpg","width":1000,"height":288,"caption":"singe astrologie chinoise le singe medecine traditionnelle chinoise"},{"@type":"BreadcrumbList","@id":"https:\/\/formations-qitao.fr\/?page_id=658#breadcrumb","itemListElement":[{"@type":"ListItem","position":1,"name":"Accueil","item":"https:\/\/formations-qitao.fr\/"},{"@type":"ListItem","position":2,"name":"Formation R\u00e9flexologie &#8211; niveau 2 perfectionnement int\u00e9gration m\u00e9decine chinoise"}]},{"@type":"WebSite","@id":"https:\/\/formations-qitao.fr\/#website","url":"https:\/\/formations-qitao.fr\/","name":"Qi Tao","description":"La voie de l&#039;\u00e9quilibre","publisher":{"@id":"https:\/\/formations-qitao.fr\/#organization"},"potentialAction":[{"@type":"SearchAction","target":{"@type":"EntryPoint","urlTemplate":"https:\/\/formations-qitao.fr\/?s={search_term_string}"},"query-input":{"@type":"PropertyValueSpecification","valueRequired":true,"valueName":"search_term_string"}}],"inLanguage":"fr-FR"},{"@type":"Organization","@id":"https:\/\/formations-qitao.fr\/#organization","name":"Qi Tao","url":"https:\/\/formations-qitao.fr\/","logo":{"@type":"ImageObject","inLanguage":"fr-FR","@id":"https:\/\/formations-qitao.fr\/#\/schema\/logo\/image\/","url":"https:\/\/formations-qitao.fr\/wp-content\/uploads\/2021\/02\/cropped-cropped-logo_qitao_2-1.jpg","contentUrl":"https:\/\/formations-qitao.fr\/wp-content\/uploads\/2021\/02\/cropped-cropped-logo_qitao_2-1.jpg","width":200,"height":80,"caption":"Qi Tao"},"image":{"@id":"https:\/\/formations-qitao.fr\/#\/schema\/logo\/image\/"}}]}},"_links":{"self":[{"href":"https:\/\/formations-qitao.fr\/index.php?rest_route=\/wp\/v2\/pages\/658","targetHints":{"allow":["GET"]}}],"collection":[{"href":"https:\/\/formations-qitao.fr\/index.php?rest_route=\/wp\/v2\/pages"}],"about":[{"href":"https:\/\/formations-qitao.fr\/index.php?rest_route=\/wp\/v2\/types\/page"}],"author":[{"embeddable":true,"href":"https:\/\/formations-qitao.fr\/index.php?rest_route=\/wp\/v2\/users\/1"}],"replies":[{"embeddable":true,"href":"https:\/\/formations-qitao.fr\/index.php?rest_route=%2Fwp%2Fv2%2Fcomments&post=658"}],"version-history":[{"count":20,"href":"https:\/\/formations-qitao.fr\/index.php?rest_route=\/wp\/v2\/pages\/658\/revisions"}],"predecessor-version":[{"id":1280,"href":"https:\/\/formations-qitao.fr\/index.php?rest_route=\/wp\/v2\/pages\/658\/revisions\/1280"}],"wp:attachment":[{"href":"https:\/\/formations-qitao.fr\/index.php?rest_route=%2Fwp%2Fv2%2Fmedia&parent=658"}],"curies":[{"name":"wp","href":"https:\/\/api.w.org\/{rel}","templated":true}]}}