{"id":68,"date":"2021-02-01T14:26:42","date_gmt":"2021-02-01T13:26:42","guid":{"rendered":"http:\/\/qitao.fr\/?page_id=68"},"modified":"2026-03-29T10:34:14","modified_gmt":"2026-03-29T08:34:14","slug":"tai-chi-pratique","status":"publish","type":"page","link":"https:\/\/formations-qitao.fr\/?page_id=68","title":{"rendered":"Ta\u00ef Chi &#8211; Pratique"},"content":{"rendered":"\r\n<figure class=\"wp-block-image size-large is-style-rounded\"><img loading=\"lazy\" decoding=\"async\" width=\"607\" height=\"405\" class=\"wp-image-74\" src=\"http:\/\/qitao.fr\/wp-content\/uploads\/2021\/02\/taichi5-1.jpg\" alt=\"\" srcset=\"https:\/\/formations-qitao.fr\/wp-content\/uploads\/2021\/02\/taichi5-1.jpg 607w, https:\/\/formations-qitao.fr\/wp-content\/uploads\/2021\/02\/taichi5-1-300x200.jpg 300w, https:\/\/formations-qitao.fr\/wp-content\/uploads\/2021\/02\/taichi5-1-200x133.jpg 200w\" sizes=\"auto, (max-width: 607px) 100vw, 607px\" \/>\r\n<figcaption>A man leads participants to perform Taiji, a traditional form of Chinese martial arts, in Liu&rsquo;an, Anhui province July 13, 2008. Some residents from a local community attended the performance to celebrate the upcoming 2008 Beijing Olympic Games, China Daily reported. REUTERS\/China Daily (CHINA). CHINA OUT. NO COMMERCIAL OR EDITORIAL SALES IN CHINA.<\/figcaption>\r\n<\/figure>\r\n\r\n<h3>Pas principaux<\/h3>\r\n<p>La\u00a0position des jambes,\u00a0<strong>primordiale<\/strong>, accompagne tous les mouvements. Le tai-chi-chuan en utilise trois principales qui sont\u00a0<i>le pas du cavalier<\/i>\u00a0m\u01ceb\u00f9 (\u9a6c\u6b65),\u00a0<i>le pas de l&rsquo;arc<\/i>\u00a0g\u014dngb\u00f9 (\u5f13\u6b65) et\u00a0<i>le pas vide<\/i>\u00a0x\u016bb\u00f9 (\u865a\u6b65). Les pas s&rsquo;ex\u00e9cutent de mani\u00e8re plus ou moins accentu\u00e9s selon les styles. Les d\u00e9placements restent ax\u00e9s sur\u00a0<strong>8 directions principales<\/strong>, \u00e9quivalentes \u00e0 celles de la rose des vents, issues du taiji et des<i>\u00a08 trigrammes<\/i>.<\/p>\r\n<h3>8 techniques principales<\/h3>\r\n<p>Le tai-chi-chuan comme pratique de combat utilise huit techniques principales, qui sont<i>\u00a0repousser an (\u6309) ; saisir vers le bas cai (\u63a1) ; presser et coller ji (\u6324) ; le coup d&rsquo;\u00e9paule kao (\u9760) ; s\u00e9parer et vriller lie (\u6312) ; tirer et d\u00e9vier lu (\u634b) ; parer et projeter peng (\u63a4) ; le coup de coude zhou (\u8098)<\/i>.<\/p>\r\n<h3>Techniques de frappes<\/h3>\r\n<p>Outre la frappe du coude, le tai-chi-chuan utilise la frappe avec le poing d\u00e9tendu et la frappe avec l&rsquo;index repli\u00e9 et soutenu par le pouce. Les pieds infligent le coup de talon, le fouet de la pointe du pied, et le coup de pied circulaire vers l&rsquo;ext\u00e9rieur. Le genou frappe \u00e9galement, dans le mouvement \u00ab le coq d&rsquo;or se tient sur une patte \u00bb. Il existe des techniques de frappe avec la paume et les doigts, mais particuli\u00e8rement dangereuses elles sont rarement enseign\u00e9es.<\/p>\r\n<h3>Auto-massage<\/h3>\r\n<p>Avant de commencer toute pratique il convient d&rsquo;activer la circulation du Qi dans le corps gr\u00e2ce aux automassages. Les auto-massages peuvent \u00eatre pratiqu\u00e9s aussi chaque matin pour bien commencer la journ\u00e9e.<\/p>\r\n<h3>Ta\u00ef Chi &#8211; 48 formes<\/h3>\r\n<p>Extrait de l&rsquo;enchainement de wu shu Traditionnel<br \/><a href=\"http:\/\/formations-qitao.fr\/pratique_48_formes.pdf\">T\u00e9lechargez ici les encha\u00eenements : dessins et noms<\/a><br \/>Regardez une d\u00e9monstration en vid\u00e9o ci-dessous :<\/p>\r\n<p><iframe loading=\"lazy\" src=\"http:\/\/www.youtube.com\/embed\/GiJDTuoq5RY\" width=\"450\" height=\"300\" frameborder=\"0\" allowfullscreen=\"allowfullscreen\" data-mce-fragment=\"1\"><\/iframe><\/p>\r\n<h3>Ta\u00efChi QiGong Bouddhiste<\/h3>\r\n<p>Le ta\u00efchi qi gong bouddhiste a \u00e9t\u00e9 cr\u00e9\u00e9 sous cette forme par Maitre Liu Gui ZHEN en 1956 fondateur du premier centre national du qi gong de BELDAIHE (Chine) puis d\u00e9velopp\u00e9e et enseign\u00e9 par sa fille Maitre Liu Ya Fei.<br \/><a href=\"http:\/\/formations-qitao.fr\/taichi%20bouddhiste.pdf\">T\u00e9lechargez ici les encha\u00eenements<\/a><\/p>","protected":false},"excerpt":{"rendered":"<p>Pas principaux La\u00a0position des jambes,\u00a0primordiale, accompagne tous les mouvements. Le tai-chi-chuan en utilise trois principales qui sont\u00a0le pas du cavalier\u00a0m\u01ceb\u00f9 (\u9a6c\u6b65),\u00a0le pas de l&rsquo;arc\u00a0g\u014dngb\u00f9 (\u5f13\u6b65) et\u00a0le pas vide\u00a0x\u016bb\u00f9 (\u865a\u6b65). Les pas s&rsquo;ex\u00e9cutent de mani\u00e8re plus ou moins accentu\u00e9s selon les styles. Les d\u00e9placements restent ax\u00e9s sur\u00a08 directions principales, \u00e9quivalentes \u00e0 celles de la rose des [&hellip;]<\/p>\n","protected":false},"author":1,"featured_media":0,"parent":0,"menu_order":0,"comment_status":"closed","ping_status":"closed","template":"","meta":{"footnotes":""},"class_list":["post-68","page","type-page","status-publish","hentry","post"],"yoast_head":"<!-- This site is optimized with the Yoast SEO plugin v27.4 - https:\/\/yoast.com\/product\/yoast-seo-wordpress\/ -->\n<title>Ta\u00ef Chi - Pratique - Qi Tao<\/title>\n<meta name=\"robots\" content=\"index, follow, max-snippet:-1, max-image-preview:large, max-video-preview:-1\" \/>\n<link rel=\"canonical\" href=\"https:\/\/formations-qitao.fr\/?page_id=68\" \/>\n<meta property=\"og:locale\" content=\"fr_FR\" \/>\n<meta property=\"og:type\" content=\"article\" \/>\n<meta property=\"og:title\" content=\"Ta\u00ef Chi - Pratique - Qi Tao\" \/>\n<meta property=\"og:description\" content=\"Pas principaux La\u00a0position des jambes,\u00a0primordiale, accompagne tous les mouvements. Le tai-chi-chuan en utilise trois principales qui sont\u00a0le pas du cavalier\u00a0m\u01ceb\u00f9 (\u9a6c\u6b65),\u00a0le pas de l&rsquo;arc\u00a0g\u014dngb\u00f9 (\u5f13\u6b65) et\u00a0le pas vide\u00a0x\u016bb\u00f9 (\u865a\u6b65). Les pas s&rsquo;ex\u00e9cutent de mani\u00e8re plus ou moins accentu\u00e9s selon les styles. Les d\u00e9placements restent ax\u00e9s sur\u00a08 directions principales, \u00e9quivalentes \u00e0 celles de la rose des [&hellip;]\" \/>\n<meta property=\"og:url\" content=\"https:\/\/formations-qitao.fr\/?page_id=68\" \/>\n<meta property=\"og:site_name\" content=\"Qi Tao\" \/>\n<meta property=\"article:modified_time\" content=\"2026-03-29T08:34:14+00:00\" \/>\n<meta property=\"og:image\" content=\"https:\/\/formations-qitao.fr\/wp-content\/uploads\/2021\/02\/taichi5-1.jpg\" \/>\n\t<meta property=\"og:image:width\" content=\"607\" \/>\n\t<meta property=\"og:image:height\" content=\"405\" \/>\n\t<meta property=\"og:image:type\" content=\"image\/jpeg\" \/>\n<meta name=\"twitter:card\" content=\"summary_large_image\" \/>\n<meta name=\"twitter:label1\" content=\"Dur\u00e9e de lecture estim\u00e9e\" \/>\n\t<meta name=\"twitter:data1\" content=\"3 minutes\" \/>\n<script type=\"application\/ld+json\" class=\"yoast-schema-graph\">{\"@context\":\"https:\\\/\\\/schema.org\",\"@graph\":[{\"@type\":\"WebPage\",\"@id\":\"https:\\\/\\\/formations-qitao.fr\\\/?page_id=68\",\"url\":\"https:\\\/\\\/formations-qitao.fr\\\/?page_id=68\",\"name\":\"Ta\u00ef Chi - Pratique - Qi Tao\",\"isPartOf\":{\"@id\":\"https:\\\/\\\/formations-qitao.fr\\\/#website\"},\"primaryImageOfPage\":{\"@id\":\"https:\\\/\\\/formations-qitao.fr\\\/?page_id=68#primaryimage\"},\"image\":{\"@id\":\"https:\\\/\\\/formations-qitao.fr\\\/?page_id=68#primaryimage\"},\"thumbnailUrl\":\"http:\\\/\\\/qitao.fr\\\/wp-content\\\/uploads\\\/2021\\\/02\\\/taichi5-1.jpg\",\"datePublished\":\"2021-02-01T13:26:42+00:00\",\"dateModified\":\"2026-03-29T08:34:14+00:00\",\"breadcrumb\":{\"@id\":\"https:\\\/\\\/formations-qitao.fr\\\/?page_id=68#breadcrumb\"},\"inLanguage\":\"fr-FR\",\"potentialAction\":[{\"@type\":\"ReadAction\",\"target\":[\"https:\\\/\\\/formations-qitao.fr\\\/?page_id=68\"]}]},{\"@type\":\"ImageObject\",\"inLanguage\":\"fr-FR\",\"@id\":\"https:\\\/\\\/formations-qitao.fr\\\/?page_id=68#primaryimage\",\"url\":\"http:\\\/\\\/qitao.fr\\\/wp-content\\\/uploads\\\/2021\\\/02\\\/taichi5-1.jpg\",\"contentUrl\":\"http:\\\/\\\/qitao.fr\\\/wp-content\\\/uploads\\\/2021\\\/02\\\/taichi5-1.jpg\"},{\"@type\":\"BreadcrumbList\",\"@id\":\"https:\\\/\\\/formations-qitao.fr\\\/?page_id=68#breadcrumb\",\"itemListElement\":[{\"@type\":\"ListItem\",\"position\":1,\"name\":\"Accueil\",\"item\":\"https:\\\/\\\/formations-qitao.fr\\\/\"},{\"@type\":\"ListItem\",\"position\":2,\"name\":\"Ta\u00ef Chi &#8211; Pratique\"}]},{\"@type\":\"WebSite\",\"@id\":\"https:\\\/\\\/formations-qitao.fr\\\/#website\",\"url\":\"https:\\\/\\\/formations-qitao.fr\\\/\",\"name\":\"Qi Tao\",\"description\":\"La voie de l&#039;\u00e9quilibre\",\"publisher\":{\"@id\":\"https:\\\/\\\/formations-qitao.fr\\\/#organization\"},\"potentialAction\":[{\"@type\":\"SearchAction\",\"target\":{\"@type\":\"EntryPoint\",\"urlTemplate\":\"https:\\\/\\\/formations-qitao.fr\\\/?s={search_term_string}\"},\"query-input\":{\"@type\":\"PropertyValueSpecification\",\"valueRequired\":true,\"valueName\":\"search_term_string\"}}],\"inLanguage\":\"fr-FR\"},{\"@type\":\"Organization\",\"@id\":\"https:\\\/\\\/formations-qitao.fr\\\/#organization\",\"name\":\"Qi Tao\",\"url\":\"https:\\\/\\\/formations-qitao.fr\\\/\",\"logo\":{\"@type\":\"ImageObject\",\"inLanguage\":\"fr-FR\",\"@id\":\"https:\\\/\\\/formations-qitao.fr\\\/#\\\/schema\\\/logo\\\/image\\\/\",\"url\":\"https:\\\/\\\/formations-qitao.fr\\\/wp-content\\\/uploads\\\/2021\\\/02\\\/cropped-cropped-logo_qitao_2-1.jpg\",\"contentUrl\":\"https:\\\/\\\/formations-qitao.fr\\\/wp-content\\\/uploads\\\/2021\\\/02\\\/cropped-cropped-logo_qitao_2-1.jpg\",\"width\":200,\"height\":80,\"caption\":\"Qi Tao\"},\"image\":{\"@id\":\"https:\\\/\\\/formations-qitao.fr\\\/#\\\/schema\\\/logo\\\/image\\\/\"}}]}<\/script>\n<!-- \/ Yoast SEO plugin. -->","yoast_head_json":{"title":"Ta\u00ef Chi - Pratique - Qi Tao","robots":{"index":"index","follow":"follow","max-snippet":"max-snippet:-1","max-image-preview":"max-image-preview:large","max-video-preview":"max-video-preview:-1"},"canonical":"https:\/\/formations-qitao.fr\/?page_id=68","og_locale":"fr_FR","og_type":"article","og_title":"Ta\u00ef Chi - Pratique - Qi Tao","og_description":"Pas principaux La\u00a0position des jambes,\u00a0primordiale, accompagne tous les mouvements. Le tai-chi-chuan en utilise trois principales qui sont\u00a0le pas du cavalier\u00a0m\u01ceb\u00f9 (\u9a6c\u6b65),\u00a0le pas de l&rsquo;arc\u00a0g\u014dngb\u00f9 (\u5f13\u6b65) et\u00a0le pas vide\u00a0x\u016bb\u00f9 (\u865a\u6b65). Les pas s&rsquo;ex\u00e9cutent de mani\u00e8re plus ou moins accentu\u00e9s selon les styles. Les d\u00e9placements restent ax\u00e9s sur\u00a08 directions principales, \u00e9quivalentes \u00e0 celles de la rose des [&hellip;]","og_url":"https:\/\/formations-qitao.fr\/?page_id=68","og_site_name":"Qi Tao","article_modified_time":"2026-03-29T08:34:14+00:00","og_image":[{"width":607,"height":405,"url":"https:\/\/formations-qitao.fr\/wp-content\/uploads\/2021\/02\/taichi5-1.jpg","type":"image\/jpeg"}],"twitter_card":"summary_large_image","twitter_misc":{"Dur\u00e9e de lecture estim\u00e9e":"3 minutes"},"schema":{"@context":"https:\/\/schema.org","@graph":[{"@type":"WebPage","@id":"https:\/\/formations-qitao.fr\/?page_id=68","url":"https:\/\/formations-qitao.fr\/?page_id=68","name":"Ta\u00ef Chi - Pratique - Qi Tao","isPartOf":{"@id":"https:\/\/formations-qitao.fr\/#website"},"primaryImageOfPage":{"@id":"https:\/\/formations-qitao.fr\/?page_id=68#primaryimage"},"image":{"@id":"https:\/\/formations-qitao.fr\/?page_id=68#primaryimage"},"thumbnailUrl":"http:\/\/qitao.fr\/wp-content\/uploads\/2021\/02\/taichi5-1.jpg","datePublished":"2021-02-01T13:26:42+00:00","dateModified":"2026-03-29T08:34:14+00:00","breadcrumb":{"@id":"https:\/\/formations-qitao.fr\/?page_id=68#breadcrumb"},"inLanguage":"fr-FR","potentialAction":[{"@type":"ReadAction","target":["https:\/\/formations-qitao.fr\/?page_id=68"]}]},{"@type":"ImageObject","inLanguage":"fr-FR","@id":"https:\/\/formations-qitao.fr\/?page_id=68#primaryimage","url":"http:\/\/qitao.fr\/wp-content\/uploads\/2021\/02\/taichi5-1.jpg","contentUrl":"http:\/\/qitao.fr\/wp-content\/uploads\/2021\/02\/taichi5-1.jpg"},{"@type":"BreadcrumbList","@id":"https:\/\/formations-qitao.fr\/?page_id=68#breadcrumb","itemListElement":[{"@type":"ListItem","position":1,"name":"Accueil","item":"https:\/\/formations-qitao.fr\/"},{"@type":"ListItem","position":2,"name":"Ta\u00ef Chi &#8211; Pratique"}]},{"@type":"WebSite","@id":"https:\/\/formations-qitao.fr\/#website","url":"https:\/\/formations-qitao.fr\/","name":"Qi Tao","description":"La voie de l&#039;\u00e9quilibre","publisher":{"@id":"https:\/\/formations-qitao.fr\/#organization"},"potentialAction":[{"@type":"SearchAction","target":{"@type":"EntryPoint","urlTemplate":"https:\/\/formations-qitao.fr\/?s={search_term_string}"},"query-input":{"@type":"PropertyValueSpecification","valueRequired":true,"valueName":"search_term_string"}}],"inLanguage":"fr-FR"},{"@type":"Organization","@id":"https:\/\/formations-qitao.fr\/#organization","name":"Qi Tao","url":"https:\/\/formations-qitao.fr\/","logo":{"@type":"ImageObject","inLanguage":"fr-FR","@id":"https:\/\/formations-qitao.fr\/#\/schema\/logo\/image\/","url":"https:\/\/formations-qitao.fr\/wp-content\/uploads\/2021\/02\/cropped-cropped-logo_qitao_2-1.jpg","contentUrl":"https:\/\/formations-qitao.fr\/wp-content\/uploads\/2021\/02\/cropped-cropped-logo_qitao_2-1.jpg","width":200,"height":80,"caption":"Qi Tao"},"image":{"@id":"https:\/\/formations-qitao.fr\/#\/schema\/logo\/image\/"}}]}},"_links":{"self":[{"href":"https:\/\/formations-qitao.fr\/index.php?rest_route=\/wp\/v2\/pages\/68","targetHints":{"allow":["GET"]}}],"collection":[{"href":"https:\/\/formations-qitao.fr\/index.php?rest_route=\/wp\/v2\/pages"}],"about":[{"href":"https:\/\/formations-qitao.fr\/index.php?rest_route=\/wp\/v2\/types\/page"}],"author":[{"embeddable":true,"href":"https:\/\/formations-qitao.fr\/index.php?rest_route=\/wp\/v2\/users\/1"}],"replies":[{"embeddable":true,"href":"https:\/\/formations-qitao.fr\/index.php?rest_route=%2Fwp%2Fv2%2Fcomments&post=68"}],"version-history":[{"count":7,"href":"https:\/\/formations-qitao.fr\/index.php?rest_route=\/wp\/v2\/pages\/68\/revisions"}],"predecessor-version":[{"id":1277,"href":"https:\/\/formations-qitao.fr\/index.php?rest_route=\/wp\/v2\/pages\/68\/revisions\/1277"}],"wp:attachment":[{"href":"https:\/\/formations-qitao.fr\/index.php?rest_route=%2Fwp%2Fv2%2Fmedia&parent=68"}],"curies":[{"name":"wp","href":"https:\/\/api.w.org\/{rel}","templated":true}]}}