{"id":853,"date":"2025-02-21T12:12:24","date_gmt":"2025-02-21T11:12:24","guid":{"rendered":"https:\/\/qitao.fr\/?page_id=853"},"modified":"2026-03-29T10:28:54","modified_gmt":"2026-03-29T08:28:54","slug":"les-avis-des-stagiaires","status":"publish","type":"page","link":"https:\/\/formations-qitao.fr\/?page_id=853","title":{"rendered":"Les avis des stagiaires"},"content":{"rendered":"\r\n<h2><span style=\"text-decoration: underline;\"><em><span style=\"color: #3366ff; text-decoration: underline;\">Votre Satisfaction<\/span><\/em><\/span><\/h2>\r\n\r\n\r\n\r\n<p>La satisfaction de nos stagiaires est au coeur de notre processus de Qualit\u00e9 et permet d&rsquo;identifier des axes de progr\u00e8s. Pour nous donner votre avis vous pouvez utiliser le questionnaire ci-joint :<\/p>\r\n<p>\u2192 <a href=\"https:\/\/formations-qitao.fr\/questionnaire_satisfaction_a_chaud_qitao.pdf\">t\u00e9l\u00e9charger le questionnaire<\/a><\/p>\r\n\r\n\r\n\r\n<h2><span style=\"text-decoration: underline;\"><em><span style=\"color: #3366ff; text-decoration: underline;\">Extraits de T\u00e9moignages au fil des sessions\u00a0<\/span><\/em><\/span><\/h2>\r\n\r\n\r\n\r\n<p>Quelques avis de stagiaires form\u00e9s dans le lien ci-dessous<\/p>\r\n\r\n\r\n\r\n<div class=\"wp-block-buttons is-layout-flex wp-block-buttons-is-layout-flex\">\r\n<div class=\"wp-block-button\"><a class=\"wp-block-button__link wp-element-button\" href=\"https:\/\/formations-qitao.fr\/avis_stagiaires.pdf\">Avis stagiaires&#8230;<\/a><\/div>\r\n<\/div>\r\n\r\n\r\n\r\n<p>&nbsp;<\/p>\r\n","protected":false},"excerpt":{"rendered":"<p>Votre Satisfaction La satisfaction de nos stagiaires est au coeur de notre processus de Qualit\u00e9 et permet d&rsquo;identifier des axes de progr\u00e8s. Pour nous donner votre avis vous pouvez utiliser le questionnaire ci-joint : \u2192 t\u00e9l\u00e9charger le questionnaire Extraits de T\u00e9moignages au fil des sessions\u00a0 Quelques avis de stagiaires form\u00e9s dans le lien ci-dessous &nbsp;<\/p>\n","protected":false},"author":1,"featured_media":0,"parent":0,"menu_order":0,"comment_status":"closed","ping_status":"closed","template":"","meta":{"footnotes":""},"class_list":["post-853","page","type-page","status-publish","hentry","post"],"yoast_head":"<!-- This site is optimized with the Yoast SEO plugin v27.4 - https:\/\/yoast.com\/product\/yoast-seo-wordpress\/ -->\n<title>Les avis des stagiaires - Qi Tao<\/title>\n<meta name=\"robots\" content=\"index, follow, max-snippet:-1, max-image-preview:large, max-video-preview:-1\" \/>\n<link rel=\"canonical\" href=\"https:\/\/formations-qitao.fr\/?page_id=853\" \/>\n<meta property=\"og:locale\" content=\"fr_FR\" \/>\n<meta property=\"og:type\" content=\"article\" \/>\n<meta property=\"og:title\" content=\"Les avis des stagiaires - Qi Tao\" \/>\n<meta property=\"og:description\" content=\"Votre Satisfaction La satisfaction de nos stagiaires est au coeur de notre processus de Qualit\u00e9 et permet d&rsquo;identifier des axes de progr\u00e8s. Pour nous donner votre avis vous pouvez utiliser le questionnaire ci-joint : \u2192 t\u00e9l\u00e9charger le questionnaire Extraits de T\u00e9moignages au fil des sessions\u00a0 Quelques avis de stagiaires form\u00e9s dans le lien ci-dessous &nbsp;\" \/>\n<meta property=\"og:url\" content=\"https:\/\/formations-qitao.fr\/?page_id=853\" \/>\n<meta property=\"og:site_name\" content=\"Qi Tao\" \/>\n<meta property=\"article:modified_time\" content=\"2026-03-29T08:28:54+00:00\" \/>\n<meta name=\"twitter:card\" content=\"summary_large_image\" \/>\n<meta name=\"twitter:label1\" content=\"Dur\u00e9e de lecture estim\u00e9e\" \/>\n\t<meta name=\"twitter:data1\" content=\"1 minute\" \/>\n<script type=\"application\/ld+json\" class=\"yoast-schema-graph\">{\"@context\":\"https:\\\/\\\/schema.org\",\"@graph\":[{\"@type\":\"WebPage\",\"@id\":\"https:\\\/\\\/formations-qitao.fr\\\/?page_id=853\",\"url\":\"https:\\\/\\\/formations-qitao.fr\\\/?page_id=853\",\"name\":\"Les avis des stagiaires - Qi Tao\",\"isPartOf\":{\"@id\":\"https:\\\/\\\/formations-qitao.fr\\\/#website\"},\"datePublished\":\"2025-02-21T11:12:24+00:00\",\"dateModified\":\"2026-03-29T08:28:54+00:00\",\"breadcrumb\":{\"@id\":\"https:\\\/\\\/formations-qitao.fr\\\/?page_id=853#breadcrumb\"},\"inLanguage\":\"fr-FR\",\"potentialAction\":[{\"@type\":\"ReadAction\",\"target\":[\"https:\\\/\\\/formations-qitao.fr\\\/?page_id=853\"]}]},{\"@type\":\"BreadcrumbList\",\"@id\":\"https:\\\/\\\/formations-qitao.fr\\\/?page_id=853#breadcrumb\",\"itemListElement\":[{\"@type\":\"ListItem\",\"position\":1,\"name\":\"Accueil\",\"item\":\"https:\\\/\\\/formations-qitao.fr\\\/\"},{\"@type\":\"ListItem\",\"position\":2,\"name\":\"Les avis des stagiaires\"}]},{\"@type\":\"WebSite\",\"@id\":\"https:\\\/\\\/formations-qitao.fr\\\/#website\",\"url\":\"https:\\\/\\\/formations-qitao.fr\\\/\",\"name\":\"Qi Tao\",\"description\":\"La voie de l&#039;\u00e9quilibre\",\"publisher\":{\"@id\":\"https:\\\/\\\/formations-qitao.fr\\\/#organization\"},\"potentialAction\":[{\"@type\":\"SearchAction\",\"target\":{\"@type\":\"EntryPoint\",\"urlTemplate\":\"https:\\\/\\\/formations-qitao.fr\\\/?s={search_term_string}\"},\"query-input\":{\"@type\":\"PropertyValueSpecification\",\"valueRequired\":true,\"valueName\":\"search_term_string\"}}],\"inLanguage\":\"fr-FR\"},{\"@type\":\"Organization\",\"@id\":\"https:\\\/\\\/formations-qitao.fr\\\/#organization\",\"name\":\"Qi Tao\",\"url\":\"https:\\\/\\\/formations-qitao.fr\\\/\",\"logo\":{\"@type\":\"ImageObject\",\"inLanguage\":\"fr-FR\",\"@id\":\"https:\\\/\\\/formations-qitao.fr\\\/#\\\/schema\\\/logo\\\/image\\\/\",\"url\":\"https:\\\/\\\/formations-qitao.fr\\\/wp-content\\\/uploads\\\/2021\\\/02\\\/cropped-cropped-logo_qitao_2-1.jpg\",\"contentUrl\":\"https:\\\/\\\/formations-qitao.fr\\\/wp-content\\\/uploads\\\/2021\\\/02\\\/cropped-cropped-logo_qitao_2-1.jpg\",\"width\":200,\"height\":80,\"caption\":\"Qi Tao\"},\"image\":{\"@id\":\"https:\\\/\\\/formations-qitao.fr\\\/#\\\/schema\\\/logo\\\/image\\\/\"}}]}<\/script>\n<!-- \/ Yoast SEO plugin. -->","yoast_head_json":{"title":"Les avis des stagiaires - Qi Tao","robots":{"index":"index","follow":"follow","max-snippet":"max-snippet:-1","max-image-preview":"max-image-preview:large","max-video-preview":"max-video-preview:-1"},"canonical":"https:\/\/formations-qitao.fr\/?page_id=853","og_locale":"fr_FR","og_type":"article","og_title":"Les avis des stagiaires - Qi Tao","og_description":"Votre Satisfaction La satisfaction de nos stagiaires est au coeur de notre processus de Qualit\u00e9 et permet d&rsquo;identifier des axes de progr\u00e8s. Pour nous donner votre avis vous pouvez utiliser le questionnaire ci-joint : \u2192 t\u00e9l\u00e9charger le questionnaire Extraits de T\u00e9moignages au fil des sessions\u00a0 Quelques avis de stagiaires form\u00e9s dans le lien ci-dessous &nbsp;","og_url":"https:\/\/formations-qitao.fr\/?page_id=853","og_site_name":"Qi Tao","article_modified_time":"2026-03-29T08:28:54+00:00","twitter_card":"summary_large_image","twitter_misc":{"Dur\u00e9e de lecture estim\u00e9e":"1 minute"},"schema":{"@context":"https:\/\/schema.org","@graph":[{"@type":"WebPage","@id":"https:\/\/formations-qitao.fr\/?page_id=853","url":"https:\/\/formations-qitao.fr\/?page_id=853","name":"Les avis des stagiaires - Qi Tao","isPartOf":{"@id":"https:\/\/formations-qitao.fr\/#website"},"datePublished":"2025-02-21T11:12:24+00:00","dateModified":"2026-03-29T08:28:54+00:00","breadcrumb":{"@id":"https:\/\/formations-qitao.fr\/?page_id=853#breadcrumb"},"inLanguage":"fr-FR","potentialAction":[{"@type":"ReadAction","target":["https:\/\/formations-qitao.fr\/?page_id=853"]}]},{"@type":"BreadcrumbList","@id":"https:\/\/formations-qitao.fr\/?page_id=853#breadcrumb","itemListElement":[{"@type":"ListItem","position":1,"name":"Accueil","item":"https:\/\/formations-qitao.fr\/"},{"@type":"ListItem","position":2,"name":"Les avis des stagiaires"}]},{"@type":"WebSite","@id":"https:\/\/formations-qitao.fr\/#website","url":"https:\/\/formations-qitao.fr\/","name":"Qi Tao","description":"La voie de l&#039;\u00e9quilibre","publisher":{"@id":"https:\/\/formations-qitao.fr\/#organization"},"potentialAction":[{"@type":"SearchAction","target":{"@type":"EntryPoint","urlTemplate":"https:\/\/formations-qitao.fr\/?s={search_term_string}"},"query-input":{"@type":"PropertyValueSpecification","valueRequired":true,"valueName":"search_term_string"}}],"inLanguage":"fr-FR"},{"@type":"Organization","@id":"https:\/\/formations-qitao.fr\/#organization","name":"Qi Tao","url":"https:\/\/formations-qitao.fr\/","logo":{"@type":"ImageObject","inLanguage":"fr-FR","@id":"https:\/\/formations-qitao.fr\/#\/schema\/logo\/image\/","url":"https:\/\/formations-qitao.fr\/wp-content\/uploads\/2021\/02\/cropped-cropped-logo_qitao_2-1.jpg","contentUrl":"https:\/\/formations-qitao.fr\/wp-content\/uploads\/2021\/02\/cropped-cropped-logo_qitao_2-1.jpg","width":200,"height":80,"caption":"Qi Tao"},"image":{"@id":"https:\/\/formations-qitao.fr\/#\/schema\/logo\/image\/"}}]}},"_links":{"self":[{"href":"https:\/\/formations-qitao.fr\/index.php?rest_route=\/wp\/v2\/pages\/853","targetHints":{"allow":["GET"]}}],"collection":[{"href":"https:\/\/formations-qitao.fr\/index.php?rest_route=\/wp\/v2\/pages"}],"about":[{"href":"https:\/\/formations-qitao.fr\/index.php?rest_route=\/wp\/v2\/types\/page"}],"author":[{"embeddable":true,"href":"https:\/\/formations-qitao.fr\/index.php?rest_route=\/wp\/v2\/users\/1"}],"replies":[{"embeddable":true,"href":"https:\/\/formations-qitao.fr\/index.php?rest_route=%2Fwp%2Fv2%2Fcomments&post=853"}],"version-history":[{"count":24,"href":"https:\/\/formations-qitao.fr\/index.php?rest_route=\/wp\/v2\/pages\/853\/revisions"}],"predecessor-version":[{"id":1274,"href":"https:\/\/formations-qitao.fr\/index.php?rest_route=\/wp\/v2\/pages\/853\/revisions\/1274"}],"wp:attachment":[{"href":"https:\/\/formations-qitao.fr\/index.php?rest_route=%2Fwp%2Fv2%2Fmedia&parent=853"}],"curies":[{"name":"wp","href":"https:\/\/api.w.org\/{rel}","templated":true}]}}