{"id":925,"date":"2025-03-09T15:32:50","date_gmt":"2025-03-09T14:32:50","guid":{"rendered":"https:\/\/qitao.fr\/?page_id=925"},"modified":"2026-02-09T10:51:11","modified_gmt":"2026-02-09T09:51:11","slug":"annuaire-des-praticiens-formes","status":"publish","type":"page","link":"https:\/\/formations-qitao.fr\/?page_id=925","title":{"rendered":"Annuaire des Praticiens form\u00e9s"},"content":{"rendered":"\r\n<p>Ci-dessous une liste non exhaustive de praticien\/nes form\u00e9\/es en activit\u00e9<\/p>\r\n\r\n\r\n\r\n<div class=\"wp-block-media-text is-stacked-on-mobile\">\r\n<figure class=\"wp-block-media-text__media\"><a href=\"https:\/\/antismokeaddictions.fr\"><img loading=\"lazy\" decoding=\"async\" width=\"330\" height=\"151\" class=\"wp-image-930 size-full\" src=\"https:\/\/qitao.fr\/wp-content\/uploads\/2025\/03\/anti-smoke_addictions.png\" alt=\"\" srcset=\"https:\/\/formations-qitao.fr\/wp-content\/uploads\/2025\/03\/anti-smoke_addictions.png 330w, https:\/\/formations-qitao.fr\/wp-content\/uploads\/2025\/03\/anti-smoke_addictions-300x137.png 300w\" sizes=\"auto, (max-width: 330px) 100vw, 330px\" \/><\/a><\/figure>\r\n<div class=\"wp-block-media-text__content\">\r\n<p>Alice &amp; Hugo BLONDEL<br \/>R\u00e9gion PACA, Allauch &amp; Aubagne (13)<br \/>Aubagne : 06 76 67 23 88 <br \/>Allauch : 07 45 00 57 42<br \/><a href=\"https:\/\/antismokeaddictions.fr\">https:\/\/antismokeaddictions.fr<\/a><\/p>\r\n\r\n\r\n\r\n<div class=\"wp-block-buttons is-layout-flex wp-block-buttons-is-layout-flex\">\r\n<div class=\"wp-block-button is-style-fill\"><a class=\"wp-block-button__link wp-element-button\" href=\"https:\/\/antismokeaddictions.fr\">Acc\u00e8s site internet<\/a><\/div>\r\n<\/div>\r\n<\/div>\r\n<\/div>\r\n\r\n\r\n<hr class=\"wp-block-separator has-alpha-channel-opacity\" \/>\r\n\r\n\r\n<div class=\"wp-block-media-text is-stacked-on-mobile\">\r\n<figure class=\"wp-block-media-text__media\"><a href=\"https:\/\/www.laseraltheatherapie.fr\"><img loading=\"lazy\" decoding=\"async\" width=\"600\" height=\"314\" class=\"wp-image-1128 size-full\" src=\"https:\/\/qitao.fr\/wp-content\/uploads\/2025\/10\/logo_althea-600x314.jpeg\" alt=\"\" srcset=\"https:\/\/formations-qitao.fr\/wp-content\/uploads\/2025\/10\/logo_althea-600x314.jpeg 600w, https:\/\/formations-qitao.fr\/wp-content\/uploads\/2025\/10\/logo_althea-300x157.jpeg 300w, https:\/\/formations-qitao.fr\/wp-content\/uploads\/2025\/10\/logo_althea.jpeg 720w\" sizes=\"auto, (max-width: 600px) 100vw, 600px\" \/><\/a><\/figure>\r\n<div class=\"wp-block-media-text__content\">\r\n<p>Laurent CONRAD<br \/>R\u00e9gion Alsace, Rixheim (68)<br \/>06 24 56 34 62<br \/><a href=\"https:\/\/www.laseraltheatherapie.fr\">https:\/\/www.laseraltheatherapie.fr<\/a><\/p>\r\n\r\n\r\n\r\n<div class=\"wp-block-buttons is-layout-flex wp-block-buttons-is-layout-flex\">\r\n<div class=\"wp-block-button\"><a class=\"wp-block-button__link wp-element-button\" href=\"https:\/\/www.laseraltheatherapie.fr\">Acc\u00e8s site internet <\/a><\/div>\r\n<\/div>\r\n<\/div>\r\n<\/div>\r\n\r\n\r\n<hr class=\"wp-block-separator has-alpha-channel-opacity\" \/>\r\n\r\n\r\n<div class=\"wp-block-media-text is-stacked-on-mobile\">\r\n<figure class=\"wp-block-media-text__media\"><a href=\"https:\/\/www.luberonbienetre.fr\"><img loading=\"lazy\" decoding=\"async\" width=\"600\" height=\"356\" class=\"wp-image-939 size-full\" src=\"https:\/\/qitao.fr\/wp-content\/uploads\/2025\/03\/luberon-bienetre-600x356.png\" alt=\"\" srcset=\"https:\/\/formations-qitao.fr\/wp-content\/uploads\/2025\/03\/luberon-bienetre-600x356.png 600w, https:\/\/formations-qitao.fr\/wp-content\/uploads\/2025\/03\/luberon-bienetre-300x178.png 300w, https:\/\/formations-qitao.fr\/wp-content\/uploads\/2025\/03\/luberon-bienetre-768x455.png 768w, https:\/\/formations-qitao.fr\/wp-content\/uploads\/2025\/03\/luberon-bienetre.png 887w\" sizes=\"auto, (max-width: 600px) 100vw, 600px\" \/><\/a><\/figure>\r\n<div class=\"wp-block-media-text__content\">\r\n<p>Magalie ASTOUL,<br \/>R\u00e9gion PACA, Les Taillades (84)<br \/>06 27 76 05 48<br \/><a href=\"https:\/\/www.luberonbienetre.fr\">https:\/\/www.luberonbienetre.fr<\/a><\/p>\r\n\r\n\r\n\r\n<div class=\"wp-block-buttons is-layout-flex wp-block-buttons-is-layout-flex\">\r\n<div class=\"wp-block-button\"><a class=\"wp-block-button__link wp-element-button\" href=\"https:\/\/www.luberonbienetre.fr\">Acc\u00e8s site internet<\/a><\/div>\r\n<\/div>\r\n<\/div>\r\n<\/div>\r\n\r\n\r\n<hr class=\"wp-block-separator has-alpha-channel-opacity\" \/>\r\n\r\n\r\n<div class=\"wp-block-media-text is-stacked-on-mobile\">\r\n<figure class=\"wp-block-media-text__media\"><a href=\"https:\/\/auriculotherapietd.wixsite.com\/monsite\"><img loading=\"lazy\" decoding=\"async\" width=\"600\" height=\"600\" class=\"wp-image-947 size-full\" src=\"https:\/\/qitao.fr\/wp-content\/uploads\/2025\/03\/logo_teddy_dousseaud-600x600.png\" alt=\"\" srcset=\"https:\/\/formations-qitao.fr\/wp-content\/uploads\/2025\/03\/logo_teddy_dousseaud-600x600.png 600w, https:\/\/formations-qitao.fr\/wp-content\/uploads\/2025\/03\/logo_teddy_dousseaud-300x300.png 300w, https:\/\/formations-qitao.fr\/wp-content\/uploads\/2025\/03\/logo_teddy_dousseaud-150x150.png 150w, https:\/\/formations-qitao.fr\/wp-content\/uploads\/2025\/03\/logo_teddy_dousseaud-768x768.png 768w, https:\/\/formations-qitao.fr\/wp-content\/uploads\/2025\/03\/logo_teddy_dousseaud.png 1020w\" sizes=\"auto, (max-width: 600px) 100vw, 600px\" \/><\/a><\/figure>\r\n<div class=\"wp-block-media-text__content\">\r\n<p>Teddy DOUSSEAUD<br \/>R\u00e9gion Nouvelle-Aquitaine, Brive-la-Gaillarde (19)<br \/>07 45 23 38 12<br \/><a href=\"https:\/\/auriculotherapietd.wixsite.com\/monsite\">https:\/\/auriculotherapietd.wixsite.com\/monsite<\/a><\/p>\r\n\r\n\r\n\r\n<div class=\"wp-block-buttons is-layout-flex wp-block-buttons-is-layout-flex\">\r\n<div class=\"wp-block-button\"><a class=\"wp-block-button__link wp-element-button\" href=\"https:\/\/auriculotherapietd.wixsite.com\/monsite\">Acc\u00e8s site internet<\/a><\/div>\r\n<\/div>\r\n<\/div>\r\n<\/div>\r\n\r\n\r\n<hr class=\"wp-block-separator has-alpha-channel-opacity\" \/>\r\n\r\n\r\n<div class=\"wp-block-media-text is-stacked-on-mobile\">\r\n<figure class=\"wp-block-media-text__media\"><a href=\"https:\/\/www.instagram.com\/lenerjdessens\/\"><img loading=\"lazy\" decoding=\"async\" width=\"600\" height=\"600\" class=\"wp-image-955 size-full\" src=\"https:\/\/qitao.fr\/wp-content\/uploads\/2025\/03\/lenerjdesens-600x600.jpg\" alt=\"\" srcset=\"https:\/\/formations-qitao.fr\/wp-content\/uploads\/2025\/03\/lenerjdesens-600x600.jpg 600w, https:\/\/formations-qitao.fr\/wp-content\/uploads\/2025\/03\/lenerjdesens-300x300.jpg 300w, https:\/\/formations-qitao.fr\/wp-content\/uploads\/2025\/03\/lenerjdesens-150x150.jpg 150w, https:\/\/formations-qitao.fr\/wp-content\/uploads\/2025\/03\/lenerjdesens-768x768.jpg 768w, https:\/\/formations-qitao.fr\/wp-content\/uploads\/2025\/03\/lenerjdesens.jpg 817w\" sizes=\"auto, (max-width: 600px) 100vw, 600px\" \/><\/a><\/figure>\r\n<div class=\"wp-block-media-text__content\">\r\n<p>Joanne Liboz,<br \/>R\u00e9gion BFC, Montmorot (39)<br \/>06 73 49 07 34<br \/><a href=\"https:\/\/www.instagram.com\/lenerjdessens\/\">https:\/\/www.instagram.com\/lenerjdessens\/<\/a><\/p>\r\n\r\n\r\n\r\n<div class=\"wp-block-buttons is-layout-flex wp-block-buttons-is-layout-flex\">\r\n<div class=\"wp-block-button\"><a class=\"wp-block-button__link wp-element-button\" href=\"https:\/\/www.instagram.com\/lenerjdessens\/\">Acc\u00e8s site internet<\/a><\/div>\r\n<\/div>\r\n<\/div>\r\n<\/div>\r\n\r\n\r\n<hr class=\"wp-block-separator has-alpha-channel-opacity\" \/>\r\n\r\n\r\n<div class=\"wp-block-media-text is-stacked-on-mobile\">\r\n<figure class=\"wp-block-media-text__media\"><a href=\"https:\/\/www.santeplus-chateaurenard.fr\/accueil\/nos-therapeutes\/patricia-forest-radellet-pluritherapeute\/#\"><img loading=\"lazy\" decoding=\"async\" width=\"243\" height=\"94\" class=\"wp-image-966 size-full\" src=\"https:\/\/qitao.fr\/wp-content\/uploads\/2025\/03\/logo_sante.png\" alt=\"\" \/><\/a><\/figure>\r\n<div class=\"wp-block-media-text__content\">\r\n<p>Patricia FOREST RADELLET<br \/>R\u00e9gion PACA, Chateaurenard (13)<br \/>06 81 32 75 09<br \/><a href=\"https:\/\/www.santeplus-chateaurenard.fr\/accueil\/nos-therapeutes\/patricia-forest-radellet-pluritherapeute\/#\">https:\/\/www.santeplus-chateaurenard.fr\/accueil\/nos-therapeutes\/patricia-forest-radellet-pluritherapeute\/#<\/a><\/p>\r\n\r\n\r\n\r\n<div class=\"wp-block-buttons is-layout-flex wp-block-buttons-is-layout-flex\">\r\n<div class=\"wp-block-button\"><a class=\"wp-block-button__link wp-element-button\" href=\"https:\/\/www.santeplus-chateaurenard.fr\/accueil\/nos-therapeutes\/patricia-forest-radellet-pluritherapeute\/#\">Acc\u00e8s site Internet<\/a><\/div>\r\n<\/div>\r\n<\/div>\r\n<\/div>\r\n\r\n\r\n<hr class=\"wp-block-separator has-alpha-channel-opacity\" \/>\r\n\r\n\r\n<div class=\"wp-block-media-text is-stacked-on-mobile\">\r\n<figure class=\"wp-block-media-text__media\"><img loading=\"lazy\" decoding=\"async\" width=\"426\" height=\"600\" class=\"wp-image-971 size-full\" src=\"https:\/\/qitao.fr\/wp-content\/uploads\/2025\/03\/flyer_laetitia-426x600.jpg\" alt=\"\" srcset=\"https:\/\/formations-qitao.fr\/wp-content\/uploads\/2025\/03\/flyer_laetitia-426x600.jpg 426w, https:\/\/formations-qitao.fr\/wp-content\/uploads\/2025\/03\/flyer_laetitia-213x300.jpg 213w, https:\/\/formations-qitao.fr\/wp-content\/uploads\/2025\/03\/flyer_laetitia-300x423.jpg 300w, https:\/\/formations-qitao.fr\/wp-content\/uploads\/2025\/03\/flyer_laetitia.jpg 595w\" sizes=\"auto, (max-width: 426px) 100vw, 426px\" \/><\/figure>\r\n<div class=\"wp-block-media-text__content\">\r\n<p>Laetitia GARNERONE,<br \/>R\u00e9gion PACA, Cassis &amp; Marseille<br \/>06 01 76 01 74<\/p>\r\n\r\n\r\n\r\n<p><a href=\"mailto:levidencelasercare@gmail.com\">levidencelasercare@gmail.com<\/a><\/p>\r\n<\/div>\r\n<\/div>\r\n\r\n\r\n<hr class=\"wp-block-separator has-alpha-channel-opacity\" \/>\r\n\r\n\r\n<div class=\"wp-block-media-text is-stacked-on-mobile\">\r\n<figure class=\"wp-block-media-text__media\"><a href=\"https:\/\/medilo.ch\"><img loading=\"lazy\" decoding=\"async\" width=\"241\" height=\"99\" class=\"wp-image-1096 size-full\" src=\"https:\/\/qitao.fr\/wp-content\/uploads\/2025\/06\/medilo.ch_.jpg\" alt=\"\" \/><\/a><\/figure>\r\n<div class=\"wp-block-media-text__content\">\r\n<p>Amanda SCHURIG<br \/>Crissier, Suisse<br \/>+41 76 477 86 98<br \/><a href=\"https:\/\/medilo.ch\/contact\/\">contact<\/a><\/p>\r\n\r\n\r\n\r\n<div class=\"wp-block-buttons is-layout-flex wp-block-buttons-is-layout-flex\">\r\n<div class=\"wp-block-button\"><a class=\"wp-block-button__link wp-element-button\" href=\"https:\/\/medilo.ch\">Acc\u00e8s site internet<\/a><\/div>\r\n<\/div>\r\n<\/div>\r\n<\/div>\r\n\r\n\r\n<hr class=\"wp-block-separator has-alpha-channel-opacity\" \/>\r\n\r\n\r\n<div class=\"wp-block-media-text is-stacked-on-mobile\">\r\n<figure class=\"wp-block-media-text__media\"><a href=\"https:\/\/lasertabacsolution.fr\"><img loading=\"lazy\" decoding=\"async\" width=\"600\" height=\"265\" class=\"wp-image-1103 size-full\" src=\"https:\/\/qitao.fr\/wp-content\/uploads\/2025\/07\/LOGO-removebg-preview-600x265.jpeg\" alt=\"\" srcset=\"https:\/\/formations-qitao.fr\/wp-content\/uploads\/2025\/07\/LOGO-removebg-preview-600x265.jpeg 600w, https:\/\/formations-qitao.fr\/wp-content\/uploads\/2025\/07\/LOGO-removebg-preview-300x132.jpeg 300w, https:\/\/formations-qitao.fr\/wp-content\/uploads\/2025\/07\/LOGO-removebg-preview-768x339.jpeg 768w, https:\/\/formations-qitao.fr\/wp-content\/uploads\/2025\/07\/LOGO-removebg-preview.jpeg 1280w\" sizes=\"auto, (max-width: 600px) 100vw, 600px\" \/><\/a><\/figure>\r\n<div class=\"wp-block-media-text__content\">\r\n<p>Colin MATHEY<br \/>R\u00e9gion Occitanie, <br \/>St-Thib\u00e9ry &amp; Montpellier (34)<br \/>06 76 91 22 38<br \/><a href=\"contact@lasertabacsolution.fr\">https:\/\/maps.app.goo.gl\/eiTMBi7H5Wz5sAM1A<\/a><\/p>\r\n\r\n\r\n\r\n<div class=\"wp-block-buttons is-layout-flex wp-block-buttons-is-layout-flex\">\r\n<div class=\"wp-block-button\"><a class=\"wp-block-button__link wp-element-button\" href=\"https:\/\/lasertabacsolution.fr\">Acc\u00e8s site internet<\/a><\/div>\r\n<\/div>\r\n<\/div>\r\n<\/div>\r\n\r\n\r\n<hr class=\"wp-block-separator has-alpha-channel-opacity\" \/>\r\n\r\n\r\n<div class=\"wp-block-media-text is-stacked-on-mobile\">\r\n<figure class=\"wp-block-media-text__media\"><a href=\"https:\/\/tuinalp.fr\"><img loading=\"lazy\" decoding=\"async\" width=\"600\" height=\"150\" class=\"wp-image-1113 size-full\" src=\"https:\/\/qitao.fr\/wp-content\/uploads\/2025\/07\/logo_tuinalp-600x150.png\" alt=\"\" srcset=\"https:\/\/formations-qitao.fr\/wp-content\/uploads\/2025\/07\/logo_tuinalp-600x150.png 600w, https:\/\/formations-qitao.fr\/wp-content\/uploads\/2025\/07\/logo_tuinalp-300x75.png 300w, https:\/\/formations-qitao.fr\/wp-content\/uploads\/2025\/07\/logo_tuinalp-768x192.png 768w, https:\/\/formations-qitao.fr\/wp-content\/uploads\/2025\/07\/logo_tuinalp-1536x384.png 1536w, https:\/\/formations-qitao.fr\/wp-content\/uploads\/2025\/07\/logo_tuinalp.png 2000w\" sizes=\"auto, (max-width: 600px) 100vw, 600px\" \/><\/a><\/figure>\r\n<div class=\"wp-block-media-text__content\">\r\n<p>St\u00e9phane ROUSSEAU<br \/>R\u00e9gion Rh\u00f4ne-Alpes Auvergne<br \/>Vaux en Bugey (01)<br \/>06 76 41 08 60<br \/><a href=\"https:\/\/tuinalp.fr\">https:\/\/tuinalp.fr<\/a><\/p>\r\n<div class=\"wp-block-buttons\">\r\n<div class=\"wp-block-button\"><a class=\"wp-block-button__link wp-element-button\" href=\"https:\/\/tuinalp.fr\">Acc\u00e8s site internet<\/a><\/div>\r\n<\/div>\r\n<\/div>\r\n<div><hr \/><\/div>\r\n<\/div>\r\n\r\n\r\n\r\n<div class=\"wp-block-media-text is-stacked-on-mobile\">\r\n<figure class=\"wp-block-media-text__media\"><a href=\"https:\/\/laser-sante.odoo.com\"><img loading=\"lazy\" decoding=\"async\" width=\"600\" height=\"600\" class=\"wp-image-1150 size-full\" src=\"https:\/\/qitao.fr\/wp-content\/uploads\/2025\/11\/1000021333_163808a09ecf2448c8e549389670fd72_20251009_222727_0000-600x600.webp\" alt=\"\" srcset=\"https:\/\/formations-qitao.fr\/wp-content\/uploads\/2025\/11\/1000021333_163808a09ecf2448c8e549389670fd72_20251009_222727_0000-600x600.webp 600w, https:\/\/formations-qitao.fr\/wp-content\/uploads\/2025\/11\/1000021333_163808a09ecf2448c8e549389670fd72_20251009_222727_0000-300x300.webp 300w, https:\/\/formations-qitao.fr\/wp-content\/uploads\/2025\/11\/1000021333_163808a09ecf2448c8e549389670fd72_20251009_222727_0000-150x150.webp 150w, https:\/\/formations-qitao.fr\/wp-content\/uploads\/2025\/11\/1000021333_163808a09ecf2448c8e549389670fd72_20251009_222727_0000-768x768.webp 768w, https:\/\/formations-qitao.fr\/wp-content\/uploads\/2025\/11\/1000021333_163808a09ecf2448c8e549389670fd72_20251009_222727_0000.webp 1440w\" sizes=\"auto, (max-width: 600px) 100vw, 600px\" \/><\/a><\/figure>\r\n<div class=\"wp-block-media-text__content\">\r\n<p>Sandrine CONESA<br \/>R\u00e9gion Rh\u00f4ne-Alpes Auvergne<br \/>Ste-Foy-Les-Lyon<br \/>+33 7 80 19 49 00<br \/><a href=\"https:\/\/laser-sante.com\">https:\/\/laser-sante.com<\/a><\/p>\r\n<div class=\"wp-block-buttons\">\r\n<div class=\"wp-block-button\"><a class=\"wp-block-button__link wp-element-button\" href=\"https:\/\/laser-sante.com\">Acc\u00e8s site internet<\/a><\/div>\r\n<\/div>\r\n<\/div>\r\n<\/div>\r\n<div>\u00a0<\/div>\r\n<div><hr \/><a href=\"https:\/\/stoptabacmontelimar.fr\"><img loading=\"lazy\" decoding=\"async\" class=\"alignleft wp-image-1232 size-medium\" src=\"https:\/\/qitao.fr\/wp-content\/uploads\/2026\/02\/stop_tabac_laser_montelimar-300x300.jpg\" alt=\"\" width=\"300\" height=\"300\" srcset=\"https:\/\/formations-qitao.fr\/wp-content\/uploads\/2026\/02\/stop_tabac_laser_montelimar-300x300.jpg 300w, https:\/\/formations-qitao.fr\/wp-content\/uploads\/2026\/02\/stop_tabac_laser_montelimar-150x150.jpg 150w, https:\/\/formations-qitao.fr\/wp-content\/uploads\/2026\/02\/stop_tabac_laser_montelimar.jpg 500w\" sizes=\"auto, (max-width: 300px) 100vw, 300px\" \/><\/a><\/div>\r\n<div>\u00a0<\/div>\r\n<div>\u00a0<\/div>\r\n<div>Soraya LOPEZ LAVIGNE<br \/>R\u00e9gion Rh\u00f4ne-Alpes Auvergne<br \/>Mont\u00e9limar<br \/>+33 6 11 71 62 07<br \/><br \/><\/div>\r\n<div><a href=\"https:\/\/stoptabacmontelimar.fr\">https:\/\/stoptabacmontelimar.fr<\/a><\/div>\r\n<div>\u00a0<\/div>\r\n<div>\r\n<div class=\"wp-block-media-text is-stacked-on-mobile\">\r\n<div class=\"wp-block-media-text__content\">\r\n<div class=\"wp-block-buttons\">\r\n<div class=\"wp-block-button\" style=\"text-align: left;\"><a class=\"wp-block-button__link wp-element-button\" href=\"https:\/\/stoptabacmontelimar.fr\">Acc\u00e8s site internet<\/a><\/div>\r\n<\/div>\r\n<\/div>\r\n<\/div>\r\n<div>\u00a0<\/div>\r\n<\/div>\r\n","protected":false},"excerpt":{"rendered":"<p>Ci-dessous une liste non exhaustive de praticien\/nes form\u00e9\/es en activit\u00e9 Laetitia GARNERONE,R\u00e9gion PACA, Cassis &amp; Marseille06 01 76 01 74 levidencelasercare@gmail.com St\u00e9phane ROUSSEAUR\u00e9gion Rh\u00f4ne-Alpes AuvergneVaux en Bugey (01)06 76 41 08 60https:\/\/tuinalp.fr Acc\u00e8s site internet Sandrine CONESAR\u00e9gion Rh\u00f4ne-Alpes AuvergneSte-Foy-Les-Lyon+33 7 80 19 49 00https:\/\/laser-sante.com Acc\u00e8s site internet \u00a0 \u00a0 \u00a0 Soraya LOPEZ LAVIGNER\u00e9gion Rh\u00f4ne-Alpes AuvergneMont\u00e9limar+33 [&hellip;]<\/p>\n","protected":false},"author":1,"featured_media":0,"parent":0,"menu_order":0,"comment_status":"closed","ping_status":"closed","template":"","meta":{"footnotes":""},"class_list":["post-925","page","type-page","status-publish","hentry","post"],"yoast_head":"<!-- This site is optimized with the Yoast SEO plugin v27.4 - https:\/\/yoast.com\/product\/yoast-seo-wordpress\/ -->\n<title>Annuaire des Praticiens form\u00e9s - Qi Tao<\/title>\n<meta name=\"robots\" content=\"index, follow, max-snippet:-1, max-image-preview:large, max-video-preview:-1\" \/>\n<link rel=\"canonical\" href=\"https:\/\/formations-qitao.fr\/?page_id=925\" \/>\n<meta property=\"og:locale\" content=\"fr_FR\" \/>\n<meta property=\"og:type\" content=\"article\" \/>\n<meta property=\"og:title\" content=\"Annuaire des Praticiens form\u00e9s - Qi Tao\" \/>\n<meta property=\"og:description\" content=\"Ci-dessous une liste non exhaustive de praticien\/nes form\u00e9\/es en activit\u00e9 Laetitia GARNERONE,R\u00e9gion PACA, Cassis &amp; Marseille06 01 76 01 74 levidencelasercare@gmail.com St\u00e9phane ROUSSEAUR\u00e9gion Rh\u00f4ne-Alpes AuvergneVaux en Bugey (01)06 76 41 08 60https:\/\/tuinalp.fr Acc\u00e8s site internet Sandrine CONESAR\u00e9gion Rh\u00f4ne-Alpes AuvergneSte-Foy-Les-Lyon+33 7 80 19 49 00https:\/\/laser-sante.com Acc\u00e8s site internet \u00a0 \u00a0 \u00a0 Soraya LOPEZ LAVIGNER\u00e9gion Rh\u00f4ne-Alpes AuvergneMont\u00e9limar+33 [&hellip;]\" \/>\n<meta property=\"og:url\" content=\"https:\/\/formations-qitao.fr\/?page_id=925\" \/>\n<meta property=\"og:site_name\" content=\"Qi Tao\" \/>\n<meta property=\"article:modified_time\" content=\"2026-02-09T09:51:11+00:00\" \/>\n<meta property=\"og:image\" content=\"https:\/\/qitao.fr\/wp-content\/uploads\/2025\/03\/anti-smoke_addictions.png\" \/>\n<meta name=\"twitter:card\" content=\"summary_large_image\" \/>\n<meta name=\"twitter:label1\" content=\"Dur\u00e9e de lecture estim\u00e9e\" \/>\n\t<meta name=\"twitter:data1\" content=\"4 minutes\" \/>\n<script type=\"application\/ld+json\" class=\"yoast-schema-graph\">{\"@context\":\"https:\\\/\\\/schema.org\",\"@graph\":[{\"@type\":\"WebPage\",\"@id\":\"https:\\\/\\\/formations-qitao.fr\\\/?page_id=925\",\"url\":\"https:\\\/\\\/formations-qitao.fr\\\/?page_id=925\",\"name\":\"Annuaire des Praticiens form\u00e9s - Qi Tao\",\"isPartOf\":{\"@id\":\"https:\\\/\\\/formations-qitao.fr\\\/#website\"},\"primaryImageOfPage\":{\"@id\":\"https:\\\/\\\/formations-qitao.fr\\\/?page_id=925#primaryimage\"},\"image\":{\"@id\":\"https:\\\/\\\/formations-qitao.fr\\\/?page_id=925#primaryimage\"},\"thumbnailUrl\":\"https:\\\/\\\/qitao.fr\\\/wp-content\\\/uploads\\\/2025\\\/03\\\/anti-smoke_addictions.png\",\"datePublished\":\"2025-03-09T14:32:50+00:00\",\"dateModified\":\"2026-02-09T09:51:11+00:00\",\"breadcrumb\":{\"@id\":\"https:\\\/\\\/formations-qitao.fr\\\/?page_id=925#breadcrumb\"},\"inLanguage\":\"fr-FR\",\"potentialAction\":[{\"@type\":\"ReadAction\",\"target\":[\"https:\\\/\\\/formations-qitao.fr\\\/?page_id=925\"]}]},{\"@type\":\"ImageObject\",\"inLanguage\":\"fr-FR\",\"@id\":\"https:\\\/\\\/formations-qitao.fr\\\/?page_id=925#primaryimage\",\"url\":\"https:\\\/\\\/qitao.fr\\\/wp-content\\\/uploads\\\/2025\\\/03\\\/anti-smoke_addictions.png\",\"contentUrl\":\"https:\\\/\\\/qitao.fr\\\/wp-content\\\/uploads\\\/2025\\\/03\\\/anti-smoke_addictions.png\"},{\"@type\":\"BreadcrumbList\",\"@id\":\"https:\\\/\\\/formations-qitao.fr\\\/?page_id=925#breadcrumb\",\"itemListElement\":[{\"@type\":\"ListItem\",\"position\":1,\"name\":\"Accueil\",\"item\":\"https:\\\/\\\/formations-qitao.fr\\\/\"},{\"@type\":\"ListItem\",\"position\":2,\"name\":\"Annuaire des Praticiens form\u00e9s\"}]},{\"@type\":\"WebSite\",\"@id\":\"https:\\\/\\\/formations-qitao.fr\\\/#website\",\"url\":\"https:\\\/\\\/formations-qitao.fr\\\/\",\"name\":\"Qi Tao\",\"description\":\"La voie de l&#039;\u00e9quilibre\",\"publisher\":{\"@id\":\"https:\\\/\\\/formations-qitao.fr\\\/#organization\"},\"potentialAction\":[{\"@type\":\"SearchAction\",\"target\":{\"@type\":\"EntryPoint\",\"urlTemplate\":\"https:\\\/\\\/formations-qitao.fr\\\/?s={search_term_string}\"},\"query-input\":{\"@type\":\"PropertyValueSpecification\",\"valueRequired\":true,\"valueName\":\"search_term_string\"}}],\"inLanguage\":\"fr-FR\"},{\"@type\":\"Organization\",\"@id\":\"https:\\\/\\\/formations-qitao.fr\\\/#organization\",\"name\":\"Qi Tao\",\"url\":\"https:\\\/\\\/formations-qitao.fr\\\/\",\"logo\":{\"@type\":\"ImageObject\",\"inLanguage\":\"fr-FR\",\"@id\":\"https:\\\/\\\/formations-qitao.fr\\\/#\\\/schema\\\/logo\\\/image\\\/\",\"url\":\"https:\\\/\\\/formations-qitao.fr\\\/wp-content\\\/uploads\\\/2021\\\/02\\\/cropped-cropped-logo_qitao_2-1.jpg\",\"contentUrl\":\"https:\\\/\\\/formations-qitao.fr\\\/wp-content\\\/uploads\\\/2021\\\/02\\\/cropped-cropped-logo_qitao_2-1.jpg\",\"width\":200,\"height\":80,\"caption\":\"Qi Tao\"},\"image\":{\"@id\":\"https:\\\/\\\/formations-qitao.fr\\\/#\\\/schema\\\/logo\\\/image\\\/\"}}]}<\/script>\n<!-- \/ Yoast SEO plugin. -->","yoast_head_json":{"title":"Annuaire des Praticiens form\u00e9s - Qi Tao","robots":{"index":"index","follow":"follow","max-snippet":"max-snippet:-1","max-image-preview":"max-image-preview:large","max-video-preview":"max-video-preview:-1"},"canonical":"https:\/\/formations-qitao.fr\/?page_id=925","og_locale":"fr_FR","og_type":"article","og_title":"Annuaire des Praticiens form\u00e9s - Qi Tao","og_description":"Ci-dessous une liste non exhaustive de praticien\/nes form\u00e9\/es en activit\u00e9 Laetitia GARNERONE,R\u00e9gion PACA, Cassis &amp; Marseille06 01 76 01 74 levidencelasercare@gmail.com St\u00e9phane ROUSSEAUR\u00e9gion Rh\u00f4ne-Alpes AuvergneVaux en Bugey (01)06 76 41 08 60https:\/\/tuinalp.fr Acc\u00e8s site internet Sandrine CONESAR\u00e9gion Rh\u00f4ne-Alpes AuvergneSte-Foy-Les-Lyon+33 7 80 19 49 00https:\/\/laser-sante.com Acc\u00e8s site internet \u00a0 \u00a0 \u00a0 Soraya LOPEZ LAVIGNER\u00e9gion Rh\u00f4ne-Alpes AuvergneMont\u00e9limar+33 [&hellip;]","og_url":"https:\/\/formations-qitao.fr\/?page_id=925","og_site_name":"Qi Tao","article_modified_time":"2026-02-09T09:51:11+00:00","og_image":[{"url":"https:\/\/qitao.fr\/wp-content\/uploads\/2025\/03\/anti-smoke_addictions.png","type":"","width":"","height":""}],"twitter_card":"summary_large_image","twitter_misc":{"Dur\u00e9e de lecture estim\u00e9e":"4 minutes"},"schema":{"@context":"https:\/\/schema.org","@graph":[{"@type":"WebPage","@id":"https:\/\/formations-qitao.fr\/?page_id=925","url":"https:\/\/formations-qitao.fr\/?page_id=925","name":"Annuaire des Praticiens form\u00e9s - Qi Tao","isPartOf":{"@id":"https:\/\/formations-qitao.fr\/#website"},"primaryImageOfPage":{"@id":"https:\/\/formations-qitao.fr\/?page_id=925#primaryimage"},"image":{"@id":"https:\/\/formations-qitao.fr\/?page_id=925#primaryimage"},"thumbnailUrl":"https:\/\/qitao.fr\/wp-content\/uploads\/2025\/03\/anti-smoke_addictions.png","datePublished":"2025-03-09T14:32:50+00:00","dateModified":"2026-02-09T09:51:11+00:00","breadcrumb":{"@id":"https:\/\/formations-qitao.fr\/?page_id=925#breadcrumb"},"inLanguage":"fr-FR","potentialAction":[{"@type":"ReadAction","target":["https:\/\/formations-qitao.fr\/?page_id=925"]}]},{"@type":"ImageObject","inLanguage":"fr-FR","@id":"https:\/\/formations-qitao.fr\/?page_id=925#primaryimage","url":"https:\/\/qitao.fr\/wp-content\/uploads\/2025\/03\/anti-smoke_addictions.png","contentUrl":"https:\/\/qitao.fr\/wp-content\/uploads\/2025\/03\/anti-smoke_addictions.png"},{"@type":"BreadcrumbList","@id":"https:\/\/formations-qitao.fr\/?page_id=925#breadcrumb","itemListElement":[{"@type":"ListItem","position":1,"name":"Accueil","item":"https:\/\/formations-qitao.fr\/"},{"@type":"ListItem","position":2,"name":"Annuaire des Praticiens form\u00e9s"}]},{"@type":"WebSite","@id":"https:\/\/formations-qitao.fr\/#website","url":"https:\/\/formations-qitao.fr\/","name":"Qi Tao","description":"La voie de l&#039;\u00e9quilibre","publisher":{"@id":"https:\/\/formations-qitao.fr\/#organization"},"potentialAction":[{"@type":"SearchAction","target":{"@type":"EntryPoint","urlTemplate":"https:\/\/formations-qitao.fr\/?s={search_term_string}"},"query-input":{"@type":"PropertyValueSpecification","valueRequired":true,"valueName":"search_term_string"}}],"inLanguage":"fr-FR"},{"@type":"Organization","@id":"https:\/\/formations-qitao.fr\/#organization","name":"Qi Tao","url":"https:\/\/formations-qitao.fr\/","logo":{"@type":"ImageObject","inLanguage":"fr-FR","@id":"https:\/\/formations-qitao.fr\/#\/schema\/logo\/image\/","url":"https:\/\/formations-qitao.fr\/wp-content\/uploads\/2021\/02\/cropped-cropped-logo_qitao_2-1.jpg","contentUrl":"https:\/\/formations-qitao.fr\/wp-content\/uploads\/2021\/02\/cropped-cropped-logo_qitao_2-1.jpg","width":200,"height":80,"caption":"Qi Tao"},"image":{"@id":"https:\/\/formations-qitao.fr\/#\/schema\/logo\/image\/"}}]}},"_links":{"self":[{"href":"https:\/\/formations-qitao.fr\/index.php?rest_route=\/wp\/v2\/pages\/925","targetHints":{"allow":["GET"]}}],"collection":[{"href":"https:\/\/formations-qitao.fr\/index.php?rest_route=\/wp\/v2\/pages"}],"about":[{"href":"https:\/\/formations-qitao.fr\/index.php?rest_route=\/wp\/v2\/types\/page"}],"author":[{"embeddable":true,"href":"https:\/\/formations-qitao.fr\/index.php?rest_route=\/wp\/v2\/users\/1"}],"replies":[{"embeddable":true,"href":"https:\/\/formations-qitao.fr\/index.php?rest_route=%2Fwp%2Fv2%2Fcomments&post=925"}],"version-history":[{"count":47,"href":"https:\/\/formations-qitao.fr\/index.php?rest_route=\/wp\/v2\/pages\/925\/revisions"}],"predecessor-version":[{"id":1238,"href":"https:\/\/formations-qitao.fr\/index.php?rest_route=\/wp\/v2\/pages\/925\/revisions\/1238"}],"wp:attachment":[{"href":"https:\/\/formations-qitao.fr\/index.php?rest_route=%2Fwp%2Fv2%2Fmedia&parent=925"}],"curies":[{"name":"wp","href":"https:\/\/api.w.org\/{rel}","templated":true}]}}