{"id":974,"date":"2025-03-26T17:06:52","date_gmt":"2025-03-26T16:06:52","guid":{"rendered":"https:\/\/qitao.fr\/?page_id=974"},"modified":"2026-03-29T10:23:50","modified_gmt":"2026-03-29T08:23:50","slug":"formation-auriculotherapie-traitement-des-douleurs-methode-bfa-battlefield-acupuncture","status":"publish","type":"page","link":"https:\/\/formations-qitao.fr\/?page_id=974","title":{"rendered":"Formation R\u00e9flexologie auriculaire &#8211; douleurs &#8211; m\u00e9thode BFA (Battlefield Acupuncture)"},"content":{"rendered":"\r\n<figure class=\"wp-block-image size-large is-resized is-style-default\"><img loading=\"lazy\" decoding=\"async\" width=\"600\" height=\"450\" class=\"wp-image-984\" style=\"width: 666px; height: auto;\" src=\"https:\/\/qitao.fr\/wp-content\/uploads\/2025\/03\/Cours_Auriculotherapie_BFA-600x450.jpg\" alt=\"formation Auriculoth\u00e9rapie - BFA - Battlefield Acupuncture\" srcset=\"https:\/\/formations-qitao.fr\/wp-content\/uploads\/2025\/03\/Cours_Auriculotherapie_BFA-600x450.jpg 600w, https:\/\/formations-qitao.fr\/wp-content\/uploads\/2025\/03\/Cours_Auriculotherapie_BFA-300x225.jpg 300w, https:\/\/formations-qitao.fr\/wp-content\/uploads\/2025\/03\/Cours_Auriculotherapie_BFA-768x576.jpg 768w, https:\/\/formations-qitao.fr\/wp-content\/uploads\/2025\/03\/Cours_Auriculotherapie_BFA.jpg 960w\" sizes=\"auto, (max-width: 600px) 100vw, 600px\" \/><\/figure>\r\n\r\n\r\n\r\n<p style=\"box-sizing: inherit; margin-right: 0px; margin-bottom: 26px; margin-left: 0px; color: #626262; font-family: 'Open Sans', sans-serif; font-size: 15px;\"><span style=\"box-sizing: inherit; text-decoration-line: underline;\"><span style=\"box-sizing: inherit; font-weight: bold;\">\u221a Dur\u00e9e<\/span><\/span> : 1 jour en pr\u00e9sentiel ou en distanciel, formation en petit groupe (6 stagiaires maximum) pour permettre une mont\u00e9e en comp\u00e9tences efficace.<\/p>\r\n<table style=\"box-sizing: inherit; border-collapse: collapse; border-spacing: 0px; border: 1px solid #e6e6e6; margin: 0px 0px 26px; width: 820.791px; color: #626262; font-family: 'Open Sans', sans-serif; font-size: 15px; height: 51px;\">\r\n<tbody style=\"box-sizing: inherit;\">\r\n<tr style=\"box-sizing: inherit; height: 51px;\">\r\n<td style=\"box-sizing: inherit; padding: 8px 16px; border: 1px solid #e6e6e6; width: 819.714px; height: 51px;\">\r\n<table style=\"box-sizing: inherit; border-collapse: collapse; border-spacing: 0px; border: 1px outset #e6e6e6; margin: 0px 0px 26px; width: 786.65px; height: 12px; background-color: #a0eaf2;\">\r\n<tbody style=\"box-sizing: inherit;\">\r\n<tr style=\"box-sizing: inherit; height: 42px;\">\r\n<td style=\"box-sizing: inherit; padding: 8px 16px; border: 1px solid #e6e6e6; width: 106.364px; height: 12px;\"><br style=\"box-sizing: inherit;\" \/><img loading=\"lazy\" decoding=\"async\" class=\"alignnone size-full wp-image-272 aligncenter\" style=\"box-sizing: inherit; border-width: 0px; border-style: initial;\" src=\"https:\/\/qitao.fr\/wp-content\/uploads\/2022\/01\/nouveaute_1190.gif\" alt=\"\" width=\"61\" height=\"16\" \/><\/td>\r\n<td style=\"box-sizing: inherit; padding: 8px 16px; border: 1px solid #e6e6e6; width: 679.209px; height: 12px;\">\r\n<p style=\"box-sizing: inherit; margin: 0px 0px 26px;\">2 formats propos\u00e9s\u00a0 :<br style=\"box-sizing: inherit;\" \/><span style=\"box-sizing: inherit; font-weight: bold;\"><em style=\"box-sizing: inherit;\">\u00bb 1 jour\u00a0 \u2013\u00a0 en distanciel, via zoom en direct live, pas de replay, <\/em><\/span><span style=\"box-sizing: inherit; color: #ff0000;\"><em style=\"box-sizing: inherit;\">r\u00e9serv\u00e9 aux praticiens en r\u00e9flexologie auriculaire ma\u00eetrisant l&rsquo;utilisation des ASP et du laser Premio 32<\/em><\/span><span style=\"box-sizing: inherit; font-weight: bold;\"><em style=\"box-sizing: inherit;\"><br \/><\/em><\/span><em style=\"box-sizing: inherit;\"><span style=\"box-sizing: inherit; font-weight: bold;\">ou 1 jour en pr\u00e9sentiel avec pratique en Clinicat\u00a0<\/span><\/em><\/p>\r\n<\/td>\r\n<\/tr>\r\n<\/tbody>\r\n<\/table>\r\n<\/td>\r\n<\/tr>\r\n<\/tbody>\r\n<\/table>\r\n<p style=\"box-sizing: inherit; margin: 0px 0px 26px; color: #626262; font-family: 'Open Sans', sans-serif; font-size: 15px;\"><span style=\"box-sizing: inherit; text-decoration-line: underline;\"><span style=\"box-sizing: inherit; font-weight: bold;\">\u221a Lieu<\/span><\/span><span style=\"box-sizing: inherit; font-weight: bold;\">\u00a0:\u00a0<\/span>la journ\u00e9e de pratique en pr\u00e9sentiel se d\u00e9roule \u00e0 Valence (26), un dimanche, en g\u00e9n\u00e9ral.<br \/>Locaux accessibles personnel en situation de handicap.<\/p>\r\n<p style=\"box-sizing: inherit; margin: 0px 0px 26px; color: #626262; font-family: 'Open Sans', sans-serif; font-size: 15px;\"><span style=\"box-sizing: inherit; font-weight: bold;\"><span style=\"box-sizing: inherit; text-decoration-line: underline;\">\u221a\u00a0Pr\u00e9requis<\/span>\u00a0<\/span>: cette formation est r\u00e9serv\u00e9e aux praticien.nes en r\u00e9flexologie auriculaire, ou en m\u00e9decine chinoise et de fa\u00e7on g\u00e9n\u00e9rale \u00e0 toutes personne sachant pratiquer la r\u00e9flexologie auriculaire.<br style=\"box-sizing: inherit;\" \/><br style=\"box-sizing: inherit;\" \/><span style=\"box-sizing: inherit; font-weight: bold; font-size: inherit;\"><span style=\"box-sizing: inherit; text-decoration-line: underline;\">\u221a Objectif<\/span><\/span><span style=\"box-sizing: inherit; font-size: inherit;\">\u00a0:\u00a0<\/span><em style=\"box-sizing: inherit; font-size: inherit;\">\u00e0 l\u2019issue de la formation,\u00a0 le stagiaire sera capable de rep\u00e9rer l\u2019ensemble des points r\u00e9flexes \u00e9voqu\u00e9s, identifier les points \u00e0 traiter et de recevoir un consultant en totale autonomie, utiliser l\u2019un ou l\u2019autre des moyens de traitement afin d\u2019apporter un soin complet en auriculoth\u00e9rapie pour les processus douloureux.<\/em><\/p>\r\n<p style=\"box-sizing: inherit; margin: 0px 0px 26px; color: #626262; font-family: 'Open Sans', sans-serif; font-size: 15px;\"><span style=\"box-sizing: inherit; text-decoration-line: underline;\"><span style=\"box-sizing: inherit; font-weight: bold;\">\u221a M\u00e9thodes p\u00e9dagogiques<\/span><\/span>\u00a0:\u00a0<em style=\"box-sizing: inherit;\">alternance entre th\u00e9orie &amp; pratique, expos\u00e9 oral, partage d\u2019exp\u00e9riences, \u00e9tude de cas concrets. \u21d2 a minima 70% du temps de la formation est r\u00e9serv\u00e9 \u00e0 la pratique pour la ma\u00eetrise de la technique, pratique entre les participants et des patients volontaires.<br style=\"box-sizing: inherit;\" \/><br style=\"box-sizing: inherit;\" \/>Vous pourrez tester toutes les techniques de soins \u00e9voqu\u00e9es, notamment les ASP et l\u2019utilisation du laser* qui restent les techniques utilis\u00e9es dans cette m\u00e9thode.<br style=\"box-sizing: inherit;\" \/><\/em><\/p>\r\n<p style=\"box-sizing: inherit; margin: 0px 0px 26px; color: #626262; font-family: 'Open Sans', sans-serif; font-size: 15px;\"><img loading=\"lazy\" decoding=\"async\" class=\"alignleft wp-image-482\" style=\"box-sizing: inherit; border-width: 0px; border-style: initial; display: inline; margin-right: 27px; contain-intrinsic-size: 3000px 1500px;\" src=\"https:\/\/qitao.fr\/wp-content\/uploads\/2022\/03\/LOGO-SEDATELEC-2017-avec-R-avec-Base-Line-300x211.jpg\" sizes=\"auto, (max-width: 155px) 100vw, 155px\" srcset=\"https:\/\/qitao.fr\/wp-content\/uploads\/2022\/03\/LOGO-SEDATELEC-2017-avec-R-avec-Base-Line-300x211.jpg 300w, https:\/\/qitao.fr\/wp-content\/uploads\/2022\/03\/LOGO-SEDATELEC-2017-avec-R-avec-Base-Line-600x421.jpg 600w, https:\/\/qitao.fr\/wp-content\/uploads\/2022\/03\/LOGO-SEDATELEC-2017-avec-R-avec-Base-Line-768x539.jpg 768w, https:\/\/qitao.fr\/wp-content\/uploads\/2022\/03\/LOGO-SEDATELEC-2017-avec-R-avec-Base-Line.jpg 879w\" alt=\"\" width=\"155\" height=\"109\" \/>Nous utiliserons un laser de la gamme Premio du fabricant fran\u00e7ais\u00a0<a style=\"box-sizing: inherit; background-color: transparent; text-decoration-line: none; transition-duration: 0.3s; transition-property: all; color: #4d8ffb;\" href=\"https:\/\/www.sedatelec.com\/les-produits\/stimulation-laser\/\">Sedatelec.<\/a><br style=\"box-sizing: inherit;\" \/><span style=\"box-sizing: inherit; color: #ff0000;\"><em style=\"box-sizing: inherit;\">*\u00a0<u style=\"box-sizing: inherit;\">Le laser utilis\u00e9 est un laser m\u00e9dical de classe III, indolore et sans risque<\/u><\/em><\/span><br style=\"box-sizing: inherit;\" \/>\u21d2 vid\u00e9os de d\u00e9monstration :\u00a0<a style=\"box-sizing: inherit; background-color: transparent; text-decoration-line: none; transition-duration: 0.3s; transition-property: all; color: #4d8ffb;\" href=\"https:\/\/youtu.be\/uvDOqnpYubM\">Premio 30<\/a>\u00a0ou\u00a0<a style=\"box-sizing: inherit; background-color: transparent; text-decoration-line: none; transition-duration: 0.3s; transition-property: all; color: #4d8ffb;\" href=\"https:\/\/youtu.be\/3RfTkJp50gY\">Premio 32<\/a><\/p>\r\n<p style=\"box-sizing: inherit; margin: 0px 0px 26px; color: #626262; font-family: 'Open Sans', sans-serif; font-size: 15px;\"><span style=\"box-sizing: inherit; font-weight: bold;\">Le Premio 32<\/span>\u00a0est adapt\u00e9 pour tout TRAITEMENT LOCAL en\u00a0<span style=\"box-sizing: inherit; font-weight: bold;\">Physioth\u00e9rapie, Ost\u00e9opathie, M\u00e9decine du Sport,<\/span>\u00a0<span style=\"box-sizing: inherit; font-weight: bold;\">Th\u00e9rapie Laser.<\/span><\/p>\r\n<p style=\"box-sizing: inherit; margin: 0px 0px 26px; color: #626262; font-family: 'Open Sans', sans-serif; font-size: 15px;\">Si la journ\u00e9e se d\u00e9roule en pr\u00e9sentiel, dans l\u2019apr\u00e8s-midi, a lieu un clinicat pendant lequel vous pourrez prendre en charge et vous exercer sur des consultants volontaires comme si vous \u00e9tiez en cabinet.<\/p>\r\n<p style=\"box-sizing: inherit; margin: 0px 0px 26px; color: #626262; font-family: 'Open Sans', sans-serif; font-size: 15px;\"><span style=\"box-sizing: inherit; font-weight: bold;\"><span style=\"box-sizing: inherit; text-decoration-line: underline;\">\u221a Evaluation<\/span><\/span> : v\u00e9rification de l\u2019atteinte des objectifs tout au long de la formation par la capacit\u00e9 \u00e0 r\u00e9aliser un soin lors de la pratique entre participants mais aussi et surtout sur les consultants volontaires lors du clinicat.<\/p>\r\n<p style=\"box-sizing: inherit; margin: 0px 0px 26px; color: #626262; font-family: 'Open Sans', sans-serif; font-size: 15px;\"><span style=\"box-sizing: inherit; font-weight: bold;\"><u style=\"box-sizing: inherit;\"><span style=\"box-sizing: inherit;\">\u221a Attestation<\/span><\/u><\/span><em style=\"box-sizing: inherit;\"> : une attestation de formation et une facture sont remises \u00e0 la fin du stage<br style=\"box-sizing: inherit;\" \/><br style=\"box-sizing: inherit;\" \/><span style=\"box-sizing: inherit; font-weight: bold;\"><u style=\"box-sizing: inherit;\"><span style=\"box-sizing: inherit;\">\u221a\u00a0<\/span>Tarif\u00a0<\/u><\/span>: <br \/>* en distanciel 250 \u20ac\u00a0 avant le d\u00e9but de la formation pour permettre l&rsquo;envoi du support par La Poste.<br \/>* en pr\u00e9sentiel : 350 \u20ac : 105\u20ac \u00e0 l&rsquo;inscription, le solde 245 \u20ac au plus tard le jour de la formation.<br \/><br \/>Paiement par ch\u00e8que, CB, esp\u00e8ces ou virement bancaire. Tarif en vigueur pour toute formation dispens\u00e9e \u00e0 compter du 1\/02\/2025.<br style=\"box-sizing: inherit;\" \/><\/em><\/p>\r\n<p style=\"box-sizing: inherit; margin: 0px 0px 26px; color: #626262; font-family: 'Open Sans', sans-serif; font-size: 15px;\"><em style=\"box-sizing: inherit;\">Le tarif comprend le support de formation, et un palpeur manuel, si la formation a lieu en pr\u00e9sentiel, qui permet la d\u00e9tection des points \u00e0 traiter.<br style=\"box-sizing: inherit;\" \/><\/em><em style=\"box-sizing: inherit;\"><br style=\"box-sizing: inherit;\" \/><\/em><\/p>\r\n<p style=\"box-sizing: inherit; margin: 0px 0px 26px; color: #626262; font-family: 'Open Sans', sans-serif; font-size: 15px;\"><span style=\"box-sizing: inherit; font-weight: bold;\"><em style=\"box-sizing: inherit;\"><u style=\"box-sizing: inherit;\"><span style=\"box-sizing: inherit;\">\u221a\u00a0<\/span>Programme complet\u00a0<\/u><\/em><\/span><em style=\"box-sizing: inherit;\">:\u00a0<a style=\"box-sizing: inherit; background-color: transparent; text-decoration-line: none; transition-duration: 0.3s; transition-property: all; color: #4d8ffb;\" href=\"https:\/\/formatiopns-qitao.fr\/Pfa_BFA_France_0125.pdf\">t\u00e9l\u00e9chargez le programme format PDF<\/a><\/em><\/p>\r\n<p style=\"box-sizing: inherit; margin: 0px 0px 26px; color: #626262; font-family: 'Open Sans', sans-serif; font-size: 15px;\">\u00a0<\/p>\r\n<p style=\"box-sizing: inherit; margin: 0px 0px 26px; color: #626262; font-family: 'Open Sans', sans-serif; font-size: 15px;\">\u00a0<\/p>\r\n","protected":false},"excerpt":{"rendered":"<p>\u221a Dur\u00e9e : 1 jour en pr\u00e9sentiel ou en distanciel, formation en petit groupe (6 stagiaires maximum) pour permettre une mont\u00e9e en comp\u00e9tences efficace. 2 formats propos\u00e9s\u00a0 :\u00bb 1 jour\u00a0 \u2013\u00a0 en distanciel, via zoom en direct live, pas de replay, r\u00e9serv\u00e9 aux praticiens en r\u00e9flexologie auriculaire ma\u00eetrisant l&rsquo;utilisation des ASP et du laser Premio [&hellip;]<\/p>\n","protected":false},"author":1,"featured_media":0,"parent":0,"menu_order":0,"comment_status":"closed","ping_status":"closed","template":"","meta":{"footnotes":""},"class_list":["post-974","page","type-page","status-publish","hentry","post"],"yoast_head":"<!-- This site is optimized with the Yoast SEO plugin v27.4 - https:\/\/yoast.com\/product\/yoast-seo-wordpress\/ -->\n<title>Formation R\u00e9flexologie auriculaire - douleurs - m\u00e9thode BFA (Battlefield Acupuncture) - Qi Tao<\/title>\n<meta name=\"robots\" content=\"index, follow, max-snippet:-1, max-image-preview:large, max-video-preview:-1\" \/>\n<link rel=\"canonical\" href=\"https:\/\/formations-qitao.fr\/?page_id=974\" \/>\n<meta property=\"og:locale\" content=\"fr_FR\" \/>\n<meta property=\"og:type\" content=\"article\" \/>\n<meta property=\"og:title\" content=\"Formation R\u00e9flexologie auriculaire - douleurs - m\u00e9thode BFA (Battlefield Acupuncture) - Qi Tao\" \/>\n<meta property=\"og:description\" content=\"\u221a Dur\u00e9e : 1 jour en pr\u00e9sentiel ou en distanciel, formation en petit groupe (6 stagiaires maximum) pour permettre une mont\u00e9e en comp\u00e9tences efficace. 2 formats propos\u00e9s\u00a0 :\u00bb 1 jour\u00a0 \u2013\u00a0 en distanciel, via zoom en direct live, pas de replay, r\u00e9serv\u00e9 aux praticiens en r\u00e9flexologie auriculaire ma\u00eetrisant l&rsquo;utilisation des ASP et du laser Premio [&hellip;]\" \/>\n<meta property=\"og:url\" content=\"https:\/\/formations-qitao.fr\/?page_id=974\" \/>\n<meta property=\"og:site_name\" content=\"Qi Tao\" \/>\n<meta property=\"article:modified_time\" content=\"2026-03-29T08:23:50+00:00\" \/>\n<meta property=\"og:image\" content=\"https:\/\/formations-qitao.fr\/wp-content\/uploads\/2025\/03\/Cours_Auriculotherapie_BFA.jpg\" \/>\n\t<meta property=\"og:image:width\" content=\"960\" \/>\n\t<meta property=\"og:image:height\" content=\"720\" \/>\n\t<meta property=\"og:image:type\" content=\"image\/jpeg\" \/>\n<meta name=\"twitter:card\" content=\"summary_large_image\" \/>\n<meta name=\"twitter:label1\" content=\"Dur\u00e9e de lecture estim\u00e9e\" \/>\n\t<meta name=\"twitter:data1\" content=\"3 minutes\" \/>\n<script type=\"application\/ld+json\" class=\"yoast-schema-graph\">{\"@context\":\"https:\\\/\\\/schema.org\",\"@graph\":[{\"@type\":\"WebPage\",\"@id\":\"https:\\\/\\\/formations-qitao.fr\\\/?page_id=974\",\"url\":\"https:\\\/\\\/formations-qitao.fr\\\/?page_id=974\",\"name\":\"Formation R\u00e9flexologie auriculaire - douleurs - m\u00e9thode BFA (Battlefield Acupuncture) - Qi Tao\",\"isPartOf\":{\"@id\":\"https:\\\/\\\/formations-qitao.fr\\\/#website\"},\"primaryImageOfPage\":{\"@id\":\"https:\\\/\\\/formations-qitao.fr\\\/?page_id=974#primaryimage\"},\"image\":{\"@id\":\"https:\\\/\\\/formations-qitao.fr\\\/?page_id=974#primaryimage\"},\"thumbnailUrl\":\"https:\\\/\\\/qitao.fr\\\/wp-content\\\/uploads\\\/2025\\\/03\\\/Cours_Auriculotherapie_BFA-600x450.jpg\",\"datePublished\":\"2025-03-26T16:06:52+00:00\",\"dateModified\":\"2026-03-29T08:23:50+00:00\",\"breadcrumb\":{\"@id\":\"https:\\\/\\\/formations-qitao.fr\\\/?page_id=974#breadcrumb\"},\"inLanguage\":\"fr-FR\",\"potentialAction\":[{\"@type\":\"ReadAction\",\"target\":[\"https:\\\/\\\/formations-qitao.fr\\\/?page_id=974\"]}]},{\"@type\":\"ImageObject\",\"inLanguage\":\"fr-FR\",\"@id\":\"https:\\\/\\\/formations-qitao.fr\\\/?page_id=974#primaryimage\",\"url\":\"https:\\\/\\\/qitao.fr\\\/wp-content\\\/uploads\\\/2025\\\/03\\\/Cours_Auriculotherapie_BFA-600x450.jpg\",\"contentUrl\":\"https:\\\/\\\/qitao.fr\\\/wp-content\\\/uploads\\\/2025\\\/03\\\/Cours_Auriculotherapie_BFA-600x450.jpg\"},{\"@type\":\"BreadcrumbList\",\"@id\":\"https:\\\/\\\/formations-qitao.fr\\\/?page_id=974#breadcrumb\",\"itemListElement\":[{\"@type\":\"ListItem\",\"position\":1,\"name\":\"Accueil\",\"item\":\"https:\\\/\\\/formations-qitao.fr\\\/\"},{\"@type\":\"ListItem\",\"position\":2,\"name\":\"Formation R\u00e9flexologie auriculaire &#8211; douleurs &#8211; m\u00e9thode BFA (Battlefield Acupuncture)\"}]},{\"@type\":\"WebSite\",\"@id\":\"https:\\\/\\\/formations-qitao.fr\\\/#website\",\"url\":\"https:\\\/\\\/formations-qitao.fr\\\/\",\"name\":\"Qi Tao\",\"description\":\"La voie de l&#039;\u00e9quilibre\",\"publisher\":{\"@id\":\"https:\\\/\\\/formations-qitao.fr\\\/#organization\"},\"potentialAction\":[{\"@type\":\"SearchAction\",\"target\":{\"@type\":\"EntryPoint\",\"urlTemplate\":\"https:\\\/\\\/formations-qitao.fr\\\/?s={search_term_string}\"},\"query-input\":{\"@type\":\"PropertyValueSpecification\",\"valueRequired\":true,\"valueName\":\"search_term_string\"}}],\"inLanguage\":\"fr-FR\"},{\"@type\":\"Organization\",\"@id\":\"https:\\\/\\\/formations-qitao.fr\\\/#organization\",\"name\":\"Qi Tao\",\"url\":\"https:\\\/\\\/formations-qitao.fr\\\/\",\"logo\":{\"@type\":\"ImageObject\",\"inLanguage\":\"fr-FR\",\"@id\":\"https:\\\/\\\/formations-qitao.fr\\\/#\\\/schema\\\/logo\\\/image\\\/\",\"url\":\"https:\\\/\\\/formations-qitao.fr\\\/wp-content\\\/uploads\\\/2021\\\/02\\\/cropped-cropped-logo_qitao_2-1.jpg\",\"contentUrl\":\"https:\\\/\\\/formations-qitao.fr\\\/wp-content\\\/uploads\\\/2021\\\/02\\\/cropped-cropped-logo_qitao_2-1.jpg\",\"width\":200,\"height\":80,\"caption\":\"Qi Tao\"},\"image\":{\"@id\":\"https:\\\/\\\/formations-qitao.fr\\\/#\\\/schema\\\/logo\\\/image\\\/\"}}]}<\/script>\n<!-- \/ Yoast SEO plugin. -->","yoast_head_json":{"title":"Formation R\u00e9flexologie auriculaire - douleurs - m\u00e9thode BFA (Battlefield Acupuncture) - Qi Tao","robots":{"index":"index","follow":"follow","max-snippet":"max-snippet:-1","max-image-preview":"max-image-preview:large","max-video-preview":"max-video-preview:-1"},"canonical":"https:\/\/formations-qitao.fr\/?page_id=974","og_locale":"fr_FR","og_type":"article","og_title":"Formation R\u00e9flexologie auriculaire - douleurs - m\u00e9thode BFA (Battlefield Acupuncture) - Qi Tao","og_description":"\u221a Dur\u00e9e : 1 jour en pr\u00e9sentiel ou en distanciel, formation en petit groupe (6 stagiaires maximum) pour permettre une mont\u00e9e en comp\u00e9tences efficace. 2 formats propos\u00e9s\u00a0 :\u00bb 1 jour\u00a0 \u2013\u00a0 en distanciel, via zoom en direct live, pas de replay, r\u00e9serv\u00e9 aux praticiens en r\u00e9flexologie auriculaire ma\u00eetrisant l&rsquo;utilisation des ASP et du laser Premio [&hellip;]","og_url":"https:\/\/formations-qitao.fr\/?page_id=974","og_site_name":"Qi Tao","article_modified_time":"2026-03-29T08:23:50+00:00","og_image":[{"width":960,"height":720,"url":"https:\/\/formations-qitao.fr\/wp-content\/uploads\/2025\/03\/Cours_Auriculotherapie_BFA.jpg","type":"image\/jpeg"}],"twitter_card":"summary_large_image","twitter_misc":{"Dur\u00e9e de lecture estim\u00e9e":"3 minutes"},"schema":{"@context":"https:\/\/schema.org","@graph":[{"@type":"WebPage","@id":"https:\/\/formations-qitao.fr\/?page_id=974","url":"https:\/\/formations-qitao.fr\/?page_id=974","name":"Formation R\u00e9flexologie auriculaire - douleurs - m\u00e9thode BFA (Battlefield Acupuncture) - Qi Tao","isPartOf":{"@id":"https:\/\/formations-qitao.fr\/#website"},"primaryImageOfPage":{"@id":"https:\/\/formations-qitao.fr\/?page_id=974#primaryimage"},"image":{"@id":"https:\/\/formations-qitao.fr\/?page_id=974#primaryimage"},"thumbnailUrl":"https:\/\/qitao.fr\/wp-content\/uploads\/2025\/03\/Cours_Auriculotherapie_BFA-600x450.jpg","datePublished":"2025-03-26T16:06:52+00:00","dateModified":"2026-03-29T08:23:50+00:00","breadcrumb":{"@id":"https:\/\/formations-qitao.fr\/?page_id=974#breadcrumb"},"inLanguage":"fr-FR","potentialAction":[{"@type":"ReadAction","target":["https:\/\/formations-qitao.fr\/?page_id=974"]}]},{"@type":"ImageObject","inLanguage":"fr-FR","@id":"https:\/\/formations-qitao.fr\/?page_id=974#primaryimage","url":"https:\/\/qitao.fr\/wp-content\/uploads\/2025\/03\/Cours_Auriculotherapie_BFA-600x450.jpg","contentUrl":"https:\/\/qitao.fr\/wp-content\/uploads\/2025\/03\/Cours_Auriculotherapie_BFA-600x450.jpg"},{"@type":"BreadcrumbList","@id":"https:\/\/formations-qitao.fr\/?page_id=974#breadcrumb","itemListElement":[{"@type":"ListItem","position":1,"name":"Accueil","item":"https:\/\/formations-qitao.fr\/"},{"@type":"ListItem","position":2,"name":"Formation R\u00e9flexologie auriculaire &#8211; douleurs &#8211; m\u00e9thode BFA (Battlefield Acupuncture)"}]},{"@type":"WebSite","@id":"https:\/\/formations-qitao.fr\/#website","url":"https:\/\/formations-qitao.fr\/","name":"Qi Tao","description":"La voie de l&#039;\u00e9quilibre","publisher":{"@id":"https:\/\/formations-qitao.fr\/#organization"},"potentialAction":[{"@type":"SearchAction","target":{"@type":"EntryPoint","urlTemplate":"https:\/\/formations-qitao.fr\/?s={search_term_string}"},"query-input":{"@type":"PropertyValueSpecification","valueRequired":true,"valueName":"search_term_string"}}],"inLanguage":"fr-FR"},{"@type":"Organization","@id":"https:\/\/formations-qitao.fr\/#organization","name":"Qi Tao","url":"https:\/\/formations-qitao.fr\/","logo":{"@type":"ImageObject","inLanguage":"fr-FR","@id":"https:\/\/formations-qitao.fr\/#\/schema\/logo\/image\/","url":"https:\/\/formations-qitao.fr\/wp-content\/uploads\/2021\/02\/cropped-cropped-logo_qitao_2-1.jpg","contentUrl":"https:\/\/formations-qitao.fr\/wp-content\/uploads\/2021\/02\/cropped-cropped-logo_qitao_2-1.jpg","width":200,"height":80,"caption":"Qi Tao"},"image":{"@id":"https:\/\/formations-qitao.fr\/#\/schema\/logo\/image\/"}}]}},"_links":{"self":[{"href":"https:\/\/formations-qitao.fr\/index.php?rest_route=\/wp\/v2\/pages\/974","targetHints":{"allow":["GET"]}}],"collection":[{"href":"https:\/\/formations-qitao.fr\/index.php?rest_route=\/wp\/v2\/pages"}],"about":[{"href":"https:\/\/formations-qitao.fr\/index.php?rest_route=\/wp\/v2\/types\/page"}],"author":[{"embeddable":true,"href":"https:\/\/formations-qitao.fr\/index.php?rest_route=\/wp\/v2\/users\/1"}],"replies":[{"embeddable":true,"href":"https:\/\/formations-qitao.fr\/index.php?rest_route=%2Fwp%2Fv2%2Fcomments&post=974"}],"version-history":[{"count":15,"href":"https:\/\/formations-qitao.fr\/index.php?rest_route=\/wp\/v2\/pages\/974\/revisions"}],"predecessor-version":[{"id":1269,"href":"https:\/\/formations-qitao.fr\/index.php?rest_route=\/wp\/v2\/pages\/974\/revisions\/1269"}],"wp:attachment":[{"href":"https:\/\/formations-qitao.fr\/index.php?rest_route=%2Fwp%2Fv2%2Fmedia&parent=974"}],"curies":[{"name":"wp","href":"https:\/\/api.w.org\/{rel}","templated":true}]}}